{"id":4301,"date":"2026-03-24T12:48:32","date_gmt":"2026-03-24T11:48:32","guid":{"rendered":"https:\/\/mimartcreation.es\/?post_type=product&#038;p=4301"},"modified":"2026-03-24T13:09:06","modified_gmt":"2026-03-24T12:09:06","slug":"bossa-princesa-guerrera-sant-jordi","status":"publish","type":"product","link":"https:\/\/mimartcreation.es\/ca\/producte\/bossa-princesa-guerrera-sant-jordi\/","title":{"rendered":"Bossa de Sant Jordi de feltre reciclat"},"content":{"rendered":"<p data-start=\"79\" data-end=\"391\">Una opci\u00f3 pr\u00e0ctica, bonica i sostenible per regalar o regalar-te aquest Sant Jordi. Est\u00e0 confeccionada en <strong data-start=\"235\" data-end=\"272\">feltre reciclat amb acabat vigor\u00e9<\/strong>, un material resistent i respectu\u00f3s amb el medi ambient, ideal per portar tot el que necessites en el teu dia a dia.<\/p>\n<p data-start=\"393\" data-end=\"550\">Les seves <strong data-start=\"403\" data-end=\"433\">nanses refor\u00e7ades de 70 cm<\/strong> la fan c\u00f2moda de portar a l\u2019espatlla, convertint-la en una bossa funcional amb un disseny especial i ple d\u2019encant.<\/p>\n<p data-start=\"552\" data-end=\"633\">Perfecta per a qui busca un detall \u00fatil, original i amb ess\u00e8ncia de Sant Jordi.<\/p>\n","protected":false},"excerpt":{"rendered":"<p data-start=\"58\" data-end=\"316\"><strong data-start=\"58\" data-end=\"101\">La bossa perfecta per aquest Sant Jordi<\/strong>\u00a0<br data-start=\"106\" data-end=\"109\" \/>Feta amb <strong data-start=\"118\" data-end=\"151\">feltre reciclat acabat vigor\u00e9<\/strong>, \u00e9s una opci\u00f3 pr\u00e0ctica, c\u00f2moda i sostenible per al dia a dia. Les seves <strong data-start=\"224\" data-end=\"254\">nanses refor\u00e7ades de 70 cm<\/strong> la fan ideal per portar-la a l\u2019espatlla amb tota comoditat.<\/p>\n<p data-start=\"318\" data-end=\"388\">Un detall original, \u00fatil i amb encant per regalar aquest Sant Jordi.<\/p>\n","protected":false},"featured_media":4303,"template":"","meta":{"_joinchat":[]},"product_brand":[],"product_cat":[207,212],"product_tag":[],"class_list":{"0":"post-4301","1":"product","2":"type-product","3":"status-publish","4":"has-post-thumbnail","6":"product_cat-sin-categoria","7":"product_cat-sant-jordi","9":"first","10":"instock","11":"taxable","12":"shipping-taxable","13":"purchasable","14":"product-type-simple"},"yoast_head":"<!-- This site is optimized with the Yoast SEO plugin v25.3 - https:\/\/yoast.com\/wordpress\/plugins\/seo\/ -->\n<title>Bossa de Sant Jordi de feltre reciclat<\/title>\n<meta name=\"description\" content=\"La bossa perfecta per aquest Sant Jordi. Feta amb feltre reciclat acabat vigor\u00e9, \u00e9s una opci\u00f3 pr\u00e0ctica, c\u00f2moda i sostenible per al dia a dia. Les seves nanses refor\u00e7ades de 70 cm la fan ideal per portar-la a l\u2019espatlla amb tota comoditat.Un detall original, \u00fatil i amb encant per regalar aquest Sant Jordi.\" \/>\n<meta name=\"robots\" content=\"index, follow, max-snippet:-1, max-image-preview:large, max-video-preview:-1\" \/>\n<link rel=\"canonical\" href=\"https:\/\/mimartcreation.es\/ca\/producte\/bossa-princesa-guerrera-sant-jordi\/\" \/>\n<meta property=\"og:locale\" content=\"ca_ES\" \/>\n<meta property=\"og:type\" content=\"article\" \/>\n<meta property=\"og:title\" content=\"Bossa de Sant Jordi de feltre reciclat\" \/>\n<meta property=\"og:description\" content=\"La bossa perfecta per aquest Sant Jordi. Feta amb feltre reciclat acabat vigor\u00e9, \u00e9s una opci\u00f3 pr\u00e0ctica, c\u00f2moda i sostenible per al dia a dia. Les seves nanses refor\u00e7ades de 70 cm la fan ideal per portar-la a l\u2019espatlla amb tota comoditat.Un detall original, \u00fatil i amb encant per regalar aquest Sant Jordi.\" \/>\n<meta property=\"og:url\" content=\"https:\/\/mimartcreation.es\/ca\/producte\/bossa-princesa-guerrera-sant-jordi\/\" \/>\n<meta property=\"og:site_name\" content=\"Mimart Creation\" \/>\n<meta property=\"article:modified_time\" content=\"2026-03-24T12:09:06+00:00\" \/>\n<meta property=\"og:image\" content=\"https:\/\/mimartcreation.es\/wp-content\/uploads\/2026\/03\/bolso-copia.jpg\" \/>\n\t<meta property=\"og:image:width\" content=\"1760\" \/>\n\t<meta property=\"og:image:height\" content=\"1760\" \/>\n\t<meta property=\"og:image:type\" content=\"image\/jpeg\" \/>\n<meta name=\"twitter:card\" content=\"summary_large_image\" \/>\n<meta name=\"twitter:label1\" content=\"Temps estimat de lectura\" \/>\n\t<meta name=\"twitter:data1\" content=\"1 minut\" \/>\n<script type=\"application\/ld+json\" class=\"yoast-schema-graph\">{\"@context\":\"https:\/\/schema.org\",\"@graph\":[{\"@type\":\"WebPage\",\"@id\":\"https:\/\/mimartcreation.es\/ca\/producte\/bossa-princesa-guerrera-sant-jordi\/\",\"url\":\"https:\/\/mimartcreation.es\/ca\/producte\/bossa-princesa-guerrera-sant-jordi\/\",\"name\":\"Bossa de Sant Jordi de feltre reciclat\",\"isPartOf\":{\"@id\":\"https:\/\/mimartcreation.es\/#website\"},\"primaryImageOfPage\":{\"@id\":\"https:\/\/mimartcreation.es\/ca\/producte\/bossa-princesa-guerrera-sant-jordi\/#primaryimage\"},\"image\":{\"@id\":\"https:\/\/mimartcreation.es\/ca\/producte\/bossa-princesa-guerrera-sant-jordi\/#primaryimage\"},\"thumbnailUrl\":\"https:\/\/mimartcreation.es\/wp-content\/uploads\/2026\/03\/bolso-copia.jpg\",\"datePublished\":\"2026-03-24T11:48:32+00:00\",\"dateModified\":\"2026-03-24T12:09:06+00:00\",\"description\":\"La bossa perfecta per aquest Sant Jordi. Feta amb feltre reciclat acabat vigor\u00e9, \u00e9s una opci\u00f3 pr\u00e0ctica, c\u00f2moda i sostenible per al dia a dia. Les seves nanses refor\u00e7ades de 70 cm la fan ideal per portar-la a l\u2019espatlla amb tota comoditat.Un detall original, \u00fatil i amb encant per regalar aquest Sant Jordi.\",\"breadcrumb\":{\"@id\":\"https:\/\/mimartcreation.es\/ca\/producte\/bossa-princesa-guerrera-sant-jordi\/#breadcrumb\"},\"inLanguage\":\"ca\",\"potentialAction\":[{\"@type\":\"ReadAction\",\"target\":[\"https:\/\/mimartcreation.es\/ca\/producte\/bossa-princesa-guerrera-sant-jordi\/\"]}]},{\"@type\":\"ImageObject\",\"inLanguage\":\"ca\",\"@id\":\"https:\/\/mimartcreation.es\/ca\/producte\/bossa-princesa-guerrera-sant-jordi\/#primaryimage\",\"url\":\"https:\/\/mimartcreation.es\/wp-content\/uploads\/2026\/03\/bolso-copia.jpg\",\"contentUrl\":\"https:\/\/mimartcreation.es\/wp-content\/uploads\/2026\/03\/bolso-copia.jpg\",\"width\":1760,\"height\":1760},{\"@type\":\"BreadcrumbList\",\"@id\":\"https:\/\/mimartcreation.es\/ca\/producte\/bossa-princesa-guerrera-sant-jordi\/#breadcrumb\",\"itemListElement\":[{\"@type\":\"ListItem\",\"position\":1,\"name\":\"[wpseo_titles]breadcrumbs-Inicio\",\"item\":\"https:\/\/mimartcreation.es\/ca\/\"},{\"@type\":\"ListItem\",\"position\":2,\"name\":\"Botiga\",\"item\":\"https:\/\/mimartcreation.es\/ca\/botiga\/\"},{\"@type\":\"ListItem\",\"position\":3,\"name\":\"Bossa de Sant Jordi de feltre reciclat\"}]},{\"@type\":\"WebSite\",\"@id\":\"https:\/\/mimartcreation.es\/#website\",\"url\":\"https:\/\/mimartcreation.es\/\",\"name\":\"Mimart Creation\",\"description\":\"Personalizaci\u00f3n, estampaci\u00f3n y objetos de regalo.\",\"potentialAction\":[{\"@type\":\"SearchAction\",\"target\":{\"@type\":\"EntryPoint\",\"urlTemplate\":\"https:\/\/mimartcreation.es\/?s={search_term_string}\"},\"query-input\":{\"@type\":\"PropertyValueSpecification\",\"valueRequired\":true,\"valueName\":\"search_term_string\"}}],\"inLanguage\":\"ca\"}]}<\/script>\n<!-- \/ Yoast SEO plugin. -->","yoast_head_json":{"title":"Bossa de Sant Jordi de feltre reciclat","description":"La bossa perfecta per aquest Sant Jordi. Feta amb feltre reciclat acabat vigor\u00e9, \u00e9s una opci\u00f3 pr\u00e0ctica, c\u00f2moda i sostenible per al dia a dia. Les seves nanses refor\u00e7ades de 70 cm la fan ideal per portar-la a l\u2019espatlla amb tota comoditat.Un detall original, \u00fatil i amb encant per regalar aquest Sant Jordi.","robots":{"index":"index","follow":"follow","max-snippet":"max-snippet:-1","max-image-preview":"max-image-preview:large","max-video-preview":"max-video-preview:-1"},"canonical":"https:\/\/mimartcreation.es\/ca\/producte\/bossa-princesa-guerrera-sant-jordi\/","og_locale":"ca_ES","og_type":"article","og_title":"Bossa de Sant Jordi de feltre reciclat","og_description":"La bossa perfecta per aquest Sant Jordi. Feta amb feltre reciclat acabat vigor\u00e9, \u00e9s una opci\u00f3 pr\u00e0ctica, c\u00f2moda i sostenible per al dia a dia. Les seves nanses refor\u00e7ades de 70 cm la fan ideal per portar-la a l\u2019espatlla amb tota comoditat.Un detall original, \u00fatil i amb encant per regalar aquest Sant Jordi.","og_url":"https:\/\/mimartcreation.es\/ca\/producte\/bossa-princesa-guerrera-sant-jordi\/","og_site_name":"Mimart Creation","article_modified_time":"2026-03-24T12:09:06+00:00","og_image":[{"width":1760,"height":1760,"url":"https:\/\/mimartcreation.es\/wp-content\/uploads\/2026\/03\/bolso-copia.jpg","type":"image\/jpeg"}],"twitter_card":"summary_large_image","twitter_misc":{"Temps estimat de lectura":"1 minut"},"schema":{"@context":"https:\/\/schema.org","@graph":[{"@type":"WebPage","@id":"https:\/\/mimartcreation.es\/ca\/producte\/bossa-princesa-guerrera-sant-jordi\/","url":"https:\/\/mimartcreation.es\/ca\/producte\/bossa-princesa-guerrera-sant-jordi\/","name":"Bossa de Sant Jordi de feltre reciclat","isPartOf":{"@id":"https:\/\/mimartcreation.es\/#website"},"primaryImageOfPage":{"@id":"https:\/\/mimartcreation.es\/ca\/producte\/bossa-princesa-guerrera-sant-jordi\/#primaryimage"},"image":{"@id":"https:\/\/mimartcreation.es\/ca\/producte\/bossa-princesa-guerrera-sant-jordi\/#primaryimage"},"thumbnailUrl":"https:\/\/mimartcreation.es\/wp-content\/uploads\/2026\/03\/bolso-copia.jpg","datePublished":"2026-03-24T11:48:32+00:00","dateModified":"2026-03-24T12:09:06+00:00","description":"La bossa perfecta per aquest Sant Jordi. Feta amb feltre reciclat acabat vigor\u00e9, \u00e9s una opci\u00f3 pr\u00e0ctica, c\u00f2moda i sostenible per al dia a dia. Les seves nanses refor\u00e7ades de 70 cm la fan ideal per portar-la a l\u2019espatlla amb tota comoditat.Un detall original, \u00fatil i amb encant per regalar aquest Sant Jordi.","breadcrumb":{"@id":"https:\/\/mimartcreation.es\/ca\/producte\/bossa-princesa-guerrera-sant-jordi\/#breadcrumb"},"inLanguage":"ca","potentialAction":[{"@type":"ReadAction","target":["https:\/\/mimartcreation.es\/ca\/producte\/bossa-princesa-guerrera-sant-jordi\/"]}]},{"@type":"ImageObject","inLanguage":"ca","@id":"https:\/\/mimartcreation.es\/ca\/producte\/bossa-princesa-guerrera-sant-jordi\/#primaryimage","url":"https:\/\/mimartcreation.es\/wp-content\/uploads\/2026\/03\/bolso-copia.jpg","contentUrl":"https:\/\/mimartcreation.es\/wp-content\/uploads\/2026\/03\/bolso-copia.jpg","width":1760,"height":1760},{"@type":"BreadcrumbList","@id":"https:\/\/mimartcreation.es\/ca\/producte\/bossa-princesa-guerrera-sant-jordi\/#breadcrumb","itemListElement":[{"@type":"ListItem","position":1,"name":"[wpseo_titles]breadcrumbs-Inicio","item":"https:\/\/mimartcreation.es\/ca\/"},{"@type":"ListItem","position":2,"name":"Botiga","item":"https:\/\/mimartcreation.es\/ca\/botiga\/"},{"@type":"ListItem","position":3,"name":"Bossa de Sant Jordi de feltre reciclat"}]},{"@type":"WebSite","@id":"https:\/\/mimartcreation.es\/#website","url":"https:\/\/mimartcreation.es\/","name":"Mimart Creation","description":"Personalizaci\u00f3n, estampaci\u00f3n y objetos de regalo.","potentialAction":[{"@type":"SearchAction","target":{"@type":"EntryPoint","urlTemplate":"https:\/\/mimartcreation.es\/?s={search_term_string}"},"query-input":{"@type":"PropertyValueSpecification","valueRequired":true,"valueName":"search_term_string"}}],"inLanguage":"ca"}]}},"_links":{"self":[{"href":"https:\/\/mimartcreation.es\/ca\/wp-json\/wp\/v2\/product\/4301","targetHints":{"allow":["GET"]}}],"collection":[{"href":"https:\/\/mimartcreation.es\/ca\/wp-json\/wp\/v2\/product"}],"about":[{"href":"https:\/\/mimartcreation.es\/ca\/wp-json\/wp\/v2\/types\/product"}],"wp:featuredmedia":[{"embeddable":true,"href":"https:\/\/mimartcreation.es\/ca\/wp-json\/wp\/v2\/media\/4303"}],"wp:attachment":[{"href":"https:\/\/mimartcreation.es\/ca\/wp-json\/wp\/v2\/media?parent=4301"}],"wp:term":[{"taxonomy":"product_brand","embeddable":true,"href":"https:\/\/mimartcreation.es\/ca\/wp-json\/wp\/v2\/product_brand?post=4301"},{"taxonomy":"product_cat","embeddable":true,"href":"https:\/\/mimartcreation.es\/ca\/wp-json\/wp\/v2\/product_cat?post=4301"},{"taxonomy":"product_tag","embeddable":true,"href":"https:\/\/mimartcreation.es\/ca\/wp-json\/wp\/v2\/product_tag?post=4301"}],"curies":[{"name":"wp","href":"https:\/\/api.w.org\/{rel}","templated":true}]}}