{"id":4260,"date":"2025-11-02T11:31:29","date_gmt":"2025-11-02T10:31:29","guid":{"rendered":"https:\/\/mimartcreation.es\/?post_type=product&#038;p=4260"},"modified":"2026-03-24T10:39:54","modified_gmt":"2026-03-24T09:39:54","slug":"necesser-santjordi","status":"publish","type":"product","link":"https:\/\/mimartcreation.es\/ca\/producte\/necesser-santjordi\/","title":{"rendered":"Necesser de Sant Jordi de feltre reciclat"},"content":{"rendered":"<p data-start=\"49\" data-end=\"410\"><strong data-start=\"73\" data-end=\"118\">Necesser de Sant Jordi de feltre reciclat<\/strong>\u00a0<br data-start=\"121\" data-end=\"124\" \/>Un accessori pr\u00e0ctic, bonic i sostenible per portar ben organitzats els teus productes d\u2019\u00fas personal. Est\u00e0 confeccionat en <strong data-start=\"247\" data-end=\"284\" data-is-only-node=\"\">feltre reciclat amb acabat vigor\u00e9<\/strong>, un material resistent i respectu\u00f3s amb el medi ambient, ideal per acompanyar-te en el dia a dia amb estil i funcionalitat.<\/p>\n<p data-start=\"412\" data-end=\"672\">Disposa de <strong data-start=\"423\" data-end=\"467\">tancament amb cremallera i tirador a joc<\/strong>, i ofereix un <strong data-start=\"482\" data-end=\"497\">espai ampli<\/strong> per guardar tot all\u00f2 que necessites de manera c\u00f2moda i ordenada. \u00c9s una opci\u00f3 perfecta per a qui busca un detall \u00fatil, original i amb encant especial per aquest Sant Jordi.<\/p>\n","protected":false},"excerpt":{"rendered":"<p>Pr\u00e0ctic, ampli i sostenible, ideal per organitzar els teus productes personals amb comoditat. Amb cremallera i tirador a joc, \u00e9s un detall \u00fatil i especial per aquest Sant Jordi.<\/p>\n","protected":false},"featured_media":4296,"template":"","meta":{"_joinchat":[]},"product_brand":[],"product_cat":[207,212],"product_tag":[],"class_list":{"0":"post-4260","1":"product","2":"type-product","3":"status-publish","4":"has-post-thumbnail","6":"product_cat-sin-categoria","7":"product_cat-sant-jordi","9":"first","10":"instock","11":"taxable","12":"shipping-taxable","13":"purchasable","14":"product-type-simple"},"yoast_head":"<!-- This site is optimized with the Yoast SEO plugin v25.3 - https:\/\/yoast.com\/wordpress\/plugins\/seo\/ -->\n<title>Necesser de Sant Jordi de feltre reciclat\u00a0<\/title>\n<meta name=\"description\" content=\"Pr\u00e0ctic, ampli i sostenible, ideal per organitzar els teus productes personals amb comoditat. Amb cremallera i tirador a joc, \u00e9s un detall \u00fatil i especial per aquest Sant Jordi.\" \/>\n<meta name=\"robots\" content=\"index, follow, max-snippet:-1, max-image-preview:large, max-video-preview:-1\" \/>\n<link rel=\"canonical\" href=\"https:\/\/mimartcreation.es\/ca\/producte\/necesser-santjordi\/\" \/>\n<meta property=\"og:locale\" content=\"ca_ES\" \/>\n<meta property=\"og:type\" content=\"article\" \/>\n<meta property=\"og:title\" content=\"Necesser de Sant Jordi de feltre reciclat\u00a0\" \/>\n<meta property=\"og:description\" content=\"Pr\u00e0ctic, ampli i sostenible, ideal per organitzar els teus productes personals amb comoditat. Amb cremallera i tirador a joc, \u00e9s un detall \u00fatil i especial per aquest Sant Jordi.\" \/>\n<meta property=\"og:url\" content=\"https:\/\/mimartcreation.es\/ca\/producte\/necesser-santjordi\/\" \/>\n<meta property=\"og:site_name\" content=\"Mimart Creation\" \/>\n<meta property=\"article:modified_time\" content=\"2026-03-24T09:39:54+00:00\" \/>\n<meta property=\"og:image\" content=\"https:\/\/mimartcreation.es\/wp-content\/uploads\/2025\/11\/necesser-copia.jpg\" \/>\n\t<meta property=\"og:image:width\" content=\"2000\" \/>\n\t<meta property=\"og:image:height\" content=\"2000\" \/>\n\t<meta property=\"og:image:type\" content=\"image\/jpeg\" \/>\n<meta name=\"twitter:card\" content=\"summary_large_image\" \/>\n<meta name=\"twitter:label1\" content=\"Temps estimat de lectura\" \/>\n\t<meta name=\"twitter:data1\" content=\"1 minut\" \/>\n<script type=\"application\/ld+json\" class=\"yoast-schema-graph\">{\"@context\":\"https:\/\/schema.org\",\"@graph\":[{\"@type\":\"WebPage\",\"@id\":\"https:\/\/mimartcreation.es\/ca\/producte\/necesser-santjordi\/\",\"url\":\"https:\/\/mimartcreation.es\/ca\/producte\/necesser-santjordi\/\",\"name\":\"Necesser de Sant Jordi de feltre reciclat\u00a0\",\"isPartOf\":{\"@id\":\"https:\/\/mimartcreation.es\/#website\"},\"primaryImageOfPage\":{\"@id\":\"https:\/\/mimartcreation.es\/ca\/producte\/necesser-santjordi\/#primaryimage\"},\"image\":{\"@id\":\"https:\/\/mimartcreation.es\/ca\/producte\/necesser-santjordi\/#primaryimage\"},\"thumbnailUrl\":\"https:\/\/mimartcreation.es\/wp-content\/uploads\/2025\/11\/necesser-copia.jpg\",\"datePublished\":\"2025-11-02T10:31:29+00:00\",\"dateModified\":\"2026-03-24T09:39:54+00:00\",\"description\":\"Pr\u00e0ctic, ampli i sostenible, ideal per organitzar els teus productes personals amb comoditat. Amb cremallera i tirador a joc, \u00e9s un detall \u00fatil i especial per aquest Sant Jordi.\",\"breadcrumb\":{\"@id\":\"https:\/\/mimartcreation.es\/ca\/producte\/necesser-santjordi\/#breadcrumb\"},\"inLanguage\":\"ca\",\"potentialAction\":[{\"@type\":\"ReadAction\",\"target\":[\"https:\/\/mimartcreation.es\/ca\/producte\/necesser-santjordi\/\"]}]},{\"@type\":\"ImageObject\",\"inLanguage\":\"ca\",\"@id\":\"https:\/\/mimartcreation.es\/ca\/producte\/necesser-santjordi\/#primaryimage\",\"url\":\"https:\/\/mimartcreation.es\/wp-content\/uploads\/2025\/11\/necesser-copia.jpg\",\"contentUrl\":\"https:\/\/mimartcreation.es\/wp-content\/uploads\/2025\/11\/necesser-copia.jpg\",\"width\":2000,\"height\":2000},{\"@type\":\"BreadcrumbList\",\"@id\":\"https:\/\/mimartcreation.es\/ca\/producte\/necesser-santjordi\/#breadcrumb\",\"itemListElement\":[{\"@type\":\"ListItem\",\"position\":1,\"name\":\"[wpseo_titles]breadcrumbs-Inicio\",\"item\":\"https:\/\/mimartcreation.es\/ca\/\"},{\"@type\":\"ListItem\",\"position\":2,\"name\":\"Botiga\",\"item\":\"https:\/\/mimartcreation.es\/ca\/botiga\/\"},{\"@type\":\"ListItem\",\"position\":3,\"name\":\"Necesser de Sant Jordi de feltre reciclat\"}]},{\"@type\":\"WebSite\",\"@id\":\"https:\/\/mimartcreation.es\/#website\",\"url\":\"https:\/\/mimartcreation.es\/\",\"name\":\"Mimart Creation\",\"description\":\"Personalizaci\u00f3n, estampaci\u00f3n y objetos de regalo.\",\"potentialAction\":[{\"@type\":\"SearchAction\",\"target\":{\"@type\":\"EntryPoint\",\"urlTemplate\":\"https:\/\/mimartcreation.es\/?s={search_term_string}\"},\"query-input\":{\"@type\":\"PropertyValueSpecification\",\"valueRequired\":true,\"valueName\":\"search_term_string\"}}],\"inLanguage\":\"ca\"}]}<\/script>\n<!-- \/ Yoast SEO plugin. -->","yoast_head_json":{"title":"Necesser de Sant Jordi de feltre reciclat\u00a0","description":"Pr\u00e0ctic, ampli i sostenible, ideal per organitzar els teus productes personals amb comoditat. Amb cremallera i tirador a joc, \u00e9s un detall \u00fatil i especial per aquest Sant Jordi.","robots":{"index":"index","follow":"follow","max-snippet":"max-snippet:-1","max-image-preview":"max-image-preview:large","max-video-preview":"max-video-preview:-1"},"canonical":"https:\/\/mimartcreation.es\/ca\/producte\/necesser-santjordi\/","og_locale":"ca_ES","og_type":"article","og_title":"Necesser de Sant Jordi de feltre reciclat\u00a0","og_description":"Pr\u00e0ctic, ampli i sostenible, ideal per organitzar els teus productes personals amb comoditat. Amb cremallera i tirador a joc, \u00e9s un detall \u00fatil i especial per aquest Sant Jordi.","og_url":"https:\/\/mimartcreation.es\/ca\/producte\/necesser-santjordi\/","og_site_name":"Mimart Creation","article_modified_time":"2026-03-24T09:39:54+00:00","og_image":[{"width":2000,"height":2000,"url":"https:\/\/mimartcreation.es\/wp-content\/uploads\/2025\/11\/necesser-copia.jpg","type":"image\/jpeg"}],"twitter_card":"summary_large_image","twitter_misc":{"Temps estimat de lectura":"1 minut"},"schema":{"@context":"https:\/\/schema.org","@graph":[{"@type":"WebPage","@id":"https:\/\/mimartcreation.es\/ca\/producte\/necesser-santjordi\/","url":"https:\/\/mimartcreation.es\/ca\/producte\/necesser-santjordi\/","name":"Necesser de Sant Jordi de feltre reciclat\u00a0","isPartOf":{"@id":"https:\/\/mimartcreation.es\/#website"},"primaryImageOfPage":{"@id":"https:\/\/mimartcreation.es\/ca\/producte\/necesser-santjordi\/#primaryimage"},"image":{"@id":"https:\/\/mimartcreation.es\/ca\/producte\/necesser-santjordi\/#primaryimage"},"thumbnailUrl":"https:\/\/mimartcreation.es\/wp-content\/uploads\/2025\/11\/necesser-copia.jpg","datePublished":"2025-11-02T10:31:29+00:00","dateModified":"2026-03-24T09:39:54+00:00","description":"Pr\u00e0ctic, ampli i sostenible, ideal per organitzar els teus productes personals amb comoditat. Amb cremallera i tirador a joc, \u00e9s un detall \u00fatil i especial per aquest Sant Jordi.","breadcrumb":{"@id":"https:\/\/mimartcreation.es\/ca\/producte\/necesser-santjordi\/#breadcrumb"},"inLanguage":"ca","potentialAction":[{"@type":"ReadAction","target":["https:\/\/mimartcreation.es\/ca\/producte\/necesser-santjordi\/"]}]},{"@type":"ImageObject","inLanguage":"ca","@id":"https:\/\/mimartcreation.es\/ca\/producte\/necesser-santjordi\/#primaryimage","url":"https:\/\/mimartcreation.es\/wp-content\/uploads\/2025\/11\/necesser-copia.jpg","contentUrl":"https:\/\/mimartcreation.es\/wp-content\/uploads\/2025\/11\/necesser-copia.jpg","width":2000,"height":2000},{"@type":"BreadcrumbList","@id":"https:\/\/mimartcreation.es\/ca\/producte\/necesser-santjordi\/#breadcrumb","itemListElement":[{"@type":"ListItem","position":1,"name":"[wpseo_titles]breadcrumbs-Inicio","item":"https:\/\/mimartcreation.es\/ca\/"},{"@type":"ListItem","position":2,"name":"Botiga","item":"https:\/\/mimartcreation.es\/ca\/botiga\/"},{"@type":"ListItem","position":3,"name":"Necesser de Sant Jordi de feltre reciclat"}]},{"@type":"WebSite","@id":"https:\/\/mimartcreation.es\/#website","url":"https:\/\/mimartcreation.es\/","name":"Mimart Creation","description":"Personalizaci\u00f3n, estampaci\u00f3n y objetos de regalo.","potentialAction":[{"@type":"SearchAction","target":{"@type":"EntryPoint","urlTemplate":"https:\/\/mimartcreation.es\/?s={search_term_string}"},"query-input":{"@type":"PropertyValueSpecification","valueRequired":true,"valueName":"search_term_string"}}],"inLanguage":"ca"}]}},"_links":{"self":[{"href":"https:\/\/mimartcreation.es\/ca\/wp-json\/wp\/v2\/product\/4260","targetHints":{"allow":["GET"]}}],"collection":[{"href":"https:\/\/mimartcreation.es\/ca\/wp-json\/wp\/v2\/product"}],"about":[{"href":"https:\/\/mimartcreation.es\/ca\/wp-json\/wp\/v2\/types\/product"}],"wp:featuredmedia":[{"embeddable":true,"href":"https:\/\/mimartcreation.es\/ca\/wp-json\/wp\/v2\/media\/4296"}],"wp:attachment":[{"href":"https:\/\/mimartcreation.es\/ca\/wp-json\/wp\/v2\/media?parent=4260"}],"wp:term":[{"taxonomy":"product_brand","embeddable":true,"href":"https:\/\/mimartcreation.es\/ca\/wp-json\/wp\/v2\/product_brand?post=4260"},{"taxonomy":"product_cat","embeddable":true,"href":"https:\/\/mimartcreation.es\/ca\/wp-json\/wp\/v2\/product_cat?post=4260"},{"taxonomy":"product_tag","embeddable":true,"href":"https:\/\/mimartcreation.es\/ca\/wp-json\/wp\/v2\/product_tag?post=4260"}],"curies":[{"name":"wp","href":"https:\/\/api.w.org\/{rel}","templated":true}]}}