{"id":4087,"date":"2025-03-01T04:23:29","date_gmt":"2025-03-01T03:23:29","guid":{"rendered":"https:\/\/mimartcreation.es\/product\/ponsetia-gran-per-penjar\/"},"modified":"2025-10-31T21:27:42","modified_gmt":"2025-10-31T20:27:42","slug":"ponsetia-gran-per-penjar","status":"publish","type":"product","link":"https:\/\/mimartcreation.es\/ca\/producte\/ponsetia-gran-per-penjar\/","title":{"rendered":"Ponsetia gran per penjar"},"content":{"rendered":"","protected":false},"excerpt":{"rendered":"<p>Pons\u00e8tia de fusta pintada a m\u00e0 amb cinta per penjar<\/p>\n<p>Decoraci\u00f3 nadalenca artesanal: pons\u00e8tia de fusta, acuradament pintada a m\u00e0 i amb cinta de quadres vichy vermell per penjar f\u00e0cilment. Mides: 15 x 15 cm.<\/p>\n<p>\u2714 Disseny c\u00e0lid i tradicional<br \/>\n\u2714 Ideal per decorar portes, arbres o finestres<br \/>\n\u2714 Feta a m\u00e0 amb detall i afecte<\/p>\n<p>Un toc r\u00fastic i festiu pel teu Nadal.<\/p>\n","protected":false},"featured_media":3883,"template":"","meta":{"_joinchat":[]},"product_brand":[],"product_cat":[209],"product_tag":[],"class_list":{"0":"post-4087","1":"product","2":"type-product","3":"status-publish","4":"has-post-thumbnail","6":"product_cat-nadal","8":"first","9":"instock","10":"taxable","11":"shipping-taxable","12":"purchasable","13":"product-type-simple"},"yoast_head":"<!-- This site is optimized with the Yoast SEO plugin v25.3 - https:\/\/yoast.com\/wordpress\/plugins\/seo\/ -->\n<title>[wpseo_titles]title-Producto<\/title>\n<meta name=\"robots\" content=\"index, follow, max-snippet:-1, max-image-preview:large, max-video-preview:-1\" \/>\n<link rel=\"canonical\" href=\"https:\/\/mimartcreation.es\/ca\/producte\/ponsetia-gran-per-penjar\/\" \/>\n<meta property=\"og:locale\" content=\"ca_ES\" \/>\n<meta property=\"og:type\" content=\"article\" \/>\n<meta property=\"og:title\" content=\"[wpseo_titles]title-Producto\" \/>\n<meta property=\"og:description\" content=\"Pons\u00e8tia de fusta pintada a m\u00e0 amb cinta per penjar  Decoraci\u00f3 nadalenca artesanal: pons\u00e8tia de fusta, acuradament pintada a m\u00e0 i amb cinta de quadres vichy vermell per penjar f\u00e0cilment. Mides: 15 x 15 cm.  \u2714 Disseny c\u00e0lid i tradicional \u2714 Ideal per decorar portes, arbres o finestres \u2714 Feta a m\u00e0 amb detall i afecte  Un toc r\u00fastic i festiu pel teu Nadal.\" \/>\n<meta property=\"og:url\" content=\"https:\/\/mimartcreation.es\/ca\/producte\/ponsetia-gran-per-penjar\/\" \/>\n<meta property=\"og:site_name\" content=\"Mimart Creation\" \/>\n<meta property=\"article:modified_time\" content=\"2025-10-31T20:27:42+00:00\" \/>\n<meta property=\"og:image\" content=\"https:\/\/mimartcreation.es\/wp-content\/uploads\/2025\/03\/ponsetia-grande-colgar.jpg\" \/>\n\t<meta property=\"og:image:width\" content=\"1080\" \/>\n\t<meta property=\"og:image:height\" content=\"1080\" \/>\n\t<meta property=\"og:image:type\" content=\"image\/jpeg\" \/>\n<meta name=\"twitter:card\" content=\"summary_large_image\" \/>\n<meta name=\"twitter:label1\" content=\"Temps estimat de lectura\" \/>\n\t<meta name=\"twitter:data1\" content=\"1 minut\" \/>\n<script type=\"application\/ld+json\" class=\"yoast-schema-graph\">{\"@context\":\"https:\/\/schema.org\",\"@graph\":[{\"@type\":\"WebPage\",\"@id\":\"https:\/\/mimartcreation.es\/ca\/producte\/ponsetia-gran-per-penjar\/\",\"url\":\"https:\/\/mimartcreation.es\/ca\/producte\/ponsetia-gran-per-penjar\/\",\"name\":\"[wpseo_titles]title-Producto\",\"isPartOf\":{\"@id\":\"https:\/\/mimartcreation.es\/#website\"},\"primaryImageOfPage\":{\"@id\":\"https:\/\/mimartcreation.es\/ca\/producte\/ponsetia-gran-per-penjar\/#primaryimage\"},\"image\":{\"@id\":\"https:\/\/mimartcreation.es\/ca\/producte\/ponsetia-gran-per-penjar\/#primaryimage\"},\"thumbnailUrl\":\"https:\/\/mimartcreation.es\/wp-content\/uploads\/2025\/03\/ponsetia-grande-colgar.jpg\",\"datePublished\":\"2025-03-01T03:23:29+00:00\",\"dateModified\":\"2025-10-31T20:27:42+00:00\",\"breadcrumb\":{\"@id\":\"https:\/\/mimartcreation.es\/ca\/producte\/ponsetia-gran-per-penjar\/#breadcrumb\"},\"inLanguage\":\"ca\",\"potentialAction\":[{\"@type\":\"ReadAction\",\"target\":[\"https:\/\/mimartcreation.es\/ca\/producte\/ponsetia-gran-per-penjar\/\"]}]},{\"@type\":\"ImageObject\",\"inLanguage\":\"ca\",\"@id\":\"https:\/\/mimartcreation.es\/ca\/producte\/ponsetia-gran-per-penjar\/#primaryimage\",\"url\":\"https:\/\/mimartcreation.es\/wp-content\/uploads\/2025\/03\/ponsetia-grande-colgar.jpg\",\"contentUrl\":\"https:\/\/mimartcreation.es\/wp-content\/uploads\/2025\/03\/ponsetia-grande-colgar.jpg\",\"width\":1080,\"height\":1080},{\"@type\":\"BreadcrumbList\",\"@id\":\"https:\/\/mimartcreation.es\/ca\/producte\/ponsetia-gran-per-penjar\/#breadcrumb\",\"itemListElement\":[{\"@type\":\"ListItem\",\"position\":1,\"name\":\"[wpseo_titles]breadcrumbs-Inicio\",\"item\":\"https:\/\/mimartcreation.es\/ca\/\"},{\"@type\":\"ListItem\",\"position\":2,\"name\":\"Botiga\",\"item\":\"https:\/\/mimartcreation.es\/ca\/botiga\/\"},{\"@type\":\"ListItem\",\"position\":3,\"name\":\"Ponsetia gran per penjar\"}]},{\"@type\":\"WebSite\",\"@id\":\"https:\/\/mimartcreation.es\/#website\",\"url\":\"https:\/\/mimartcreation.es\/\",\"name\":\"Mimart Creation\",\"description\":\"Personalizaci\u00f3n, estampaci\u00f3n y objetos de regalo.\",\"potentialAction\":[{\"@type\":\"SearchAction\",\"target\":{\"@type\":\"EntryPoint\",\"urlTemplate\":\"https:\/\/mimartcreation.es\/?s={search_term_string}\"},\"query-input\":{\"@type\":\"PropertyValueSpecification\",\"valueRequired\":true,\"valueName\":\"search_term_string\"}}],\"inLanguage\":\"ca\"}]}<\/script>\n<!-- \/ Yoast SEO plugin. -->","yoast_head_json":{"title":"[wpseo_titles]title-Producto","robots":{"index":"index","follow":"follow","max-snippet":"max-snippet:-1","max-image-preview":"max-image-preview:large","max-video-preview":"max-video-preview:-1"},"canonical":"https:\/\/mimartcreation.es\/ca\/producte\/ponsetia-gran-per-penjar\/","og_locale":"ca_ES","og_type":"article","og_title":"[wpseo_titles]title-Producto","og_description":"Pons\u00e8tia de fusta pintada a m\u00e0 amb cinta per penjar  Decoraci\u00f3 nadalenca artesanal: pons\u00e8tia de fusta, acuradament pintada a m\u00e0 i amb cinta de quadres vichy vermell per penjar f\u00e0cilment. Mides: 15 x 15 cm.  \u2714 Disseny c\u00e0lid i tradicional \u2714 Ideal per decorar portes, arbres o finestres \u2714 Feta a m\u00e0 amb detall i afecte  Un toc r\u00fastic i festiu pel teu Nadal.","og_url":"https:\/\/mimartcreation.es\/ca\/producte\/ponsetia-gran-per-penjar\/","og_site_name":"Mimart Creation","article_modified_time":"2025-10-31T20:27:42+00:00","og_image":[{"width":1080,"height":1080,"url":"https:\/\/mimartcreation.es\/wp-content\/uploads\/2025\/03\/ponsetia-grande-colgar.jpg","type":"image\/jpeg"}],"twitter_card":"summary_large_image","twitter_misc":{"Temps estimat de lectura":"1 minut"},"schema":{"@context":"https:\/\/schema.org","@graph":[{"@type":"WebPage","@id":"https:\/\/mimartcreation.es\/ca\/producte\/ponsetia-gran-per-penjar\/","url":"https:\/\/mimartcreation.es\/ca\/producte\/ponsetia-gran-per-penjar\/","name":"[wpseo_titles]title-Producto","isPartOf":{"@id":"https:\/\/mimartcreation.es\/#website"},"primaryImageOfPage":{"@id":"https:\/\/mimartcreation.es\/ca\/producte\/ponsetia-gran-per-penjar\/#primaryimage"},"image":{"@id":"https:\/\/mimartcreation.es\/ca\/producte\/ponsetia-gran-per-penjar\/#primaryimage"},"thumbnailUrl":"https:\/\/mimartcreation.es\/wp-content\/uploads\/2025\/03\/ponsetia-grande-colgar.jpg","datePublished":"2025-03-01T03:23:29+00:00","dateModified":"2025-10-31T20:27:42+00:00","breadcrumb":{"@id":"https:\/\/mimartcreation.es\/ca\/producte\/ponsetia-gran-per-penjar\/#breadcrumb"},"inLanguage":"ca","potentialAction":[{"@type":"ReadAction","target":["https:\/\/mimartcreation.es\/ca\/producte\/ponsetia-gran-per-penjar\/"]}]},{"@type":"ImageObject","inLanguage":"ca","@id":"https:\/\/mimartcreation.es\/ca\/producte\/ponsetia-gran-per-penjar\/#primaryimage","url":"https:\/\/mimartcreation.es\/wp-content\/uploads\/2025\/03\/ponsetia-grande-colgar.jpg","contentUrl":"https:\/\/mimartcreation.es\/wp-content\/uploads\/2025\/03\/ponsetia-grande-colgar.jpg","width":1080,"height":1080},{"@type":"BreadcrumbList","@id":"https:\/\/mimartcreation.es\/ca\/producte\/ponsetia-gran-per-penjar\/#breadcrumb","itemListElement":[{"@type":"ListItem","position":1,"name":"[wpseo_titles]breadcrumbs-Inicio","item":"https:\/\/mimartcreation.es\/ca\/"},{"@type":"ListItem","position":2,"name":"Botiga","item":"https:\/\/mimartcreation.es\/ca\/botiga\/"},{"@type":"ListItem","position":3,"name":"Ponsetia gran per penjar"}]},{"@type":"WebSite","@id":"https:\/\/mimartcreation.es\/#website","url":"https:\/\/mimartcreation.es\/","name":"Mimart Creation","description":"Personalizaci\u00f3n, estampaci\u00f3n y objetos de regalo.","potentialAction":[{"@type":"SearchAction","target":{"@type":"EntryPoint","urlTemplate":"https:\/\/mimartcreation.es\/?s={search_term_string}"},"query-input":{"@type":"PropertyValueSpecification","valueRequired":true,"valueName":"search_term_string"}}],"inLanguage":"ca"}]}},"_links":{"self":[{"href":"https:\/\/mimartcreation.es\/ca\/wp-json\/wp\/v2\/product\/4087","targetHints":{"allow":["GET"]}}],"collection":[{"href":"https:\/\/mimartcreation.es\/ca\/wp-json\/wp\/v2\/product"}],"about":[{"href":"https:\/\/mimartcreation.es\/ca\/wp-json\/wp\/v2\/types\/product"}],"wp:featuredmedia":[{"embeddable":true,"href":"https:\/\/mimartcreation.es\/ca\/wp-json\/wp\/v2\/media\/3883"}],"wp:attachment":[{"href":"https:\/\/mimartcreation.es\/ca\/wp-json\/wp\/v2\/media?parent=4087"}],"wp:term":[{"taxonomy":"product_brand","embeddable":true,"href":"https:\/\/mimartcreation.es\/ca\/wp-json\/wp\/v2\/product_brand?post=4087"},{"taxonomy":"product_cat","embeddable":true,"href":"https:\/\/mimartcreation.es\/ca\/wp-json\/wp\/v2\/product_cat?post=4087"},{"taxonomy":"product_tag","embeddable":true,"href":"https:\/\/mimartcreation.es\/ca\/wp-json\/wp\/v2\/product_tag?post=4087"}],"curies":[{"name":"wp","href":"https:\/\/api.w.org\/{rel}","templated":true}]}}