{"id":4072,"date":"2025-03-01T04:23:28","date_gmt":"2025-03-01T03:23:28","guid":{"rendered":"https:\/\/mimartcreation.es\/product\/llapis-tio\/"},"modified":"2025-03-01T04:23:28","modified_gmt":"2025-03-01T03:23:28","slug":"llapis-tio","status":"publish","type":"product","link":"https:\/\/mimartcreation.es\/ca\/producte\/llapis-tio\/","title":{"rendered":"Llapis Ti\u00f3"},"content":{"rendered":"","protected":false},"excerpt":{"rendered":"<p>Llapis de fusta amb cara del Ti\u00f3 de Nadal \u2013 Gravat i pintat a m\u00e0<\/p>\n<p>Aquest llapis de fusta presenta la cara del Ti\u00f3 de Nadal, gravada i pintada a m\u00e0, amb barretina de feltre i una bufanda de quadres que li aporta un toc festiu i acollidor. Un detall nadalenc \u00fanic i encantador, perfecte per regalar o decorar. <\/p>\n<p>\u2714 Fet a m\u00e0 amb materials de qualitat<br \/>\n\u2714 Disseny exclusiu amb la tradicional cara del Ti\u00f3<br \/>\n\u2714 Ideal per regalar per Nadal o com a adorn decoratiu<\/p>\n<p>Un llapis que combina la tradici\u00f3 catalana amb l\u00b4esperit nadalenc en un sol detall.<\/p>\n","protected":false},"featured_media":3892,"template":"","meta":{"_joinchat":[]},"product_brand":[],"product_cat":[209],"product_tag":[],"class_list":{"0":"post-4072","1":"product","2":"type-product","3":"status-publish","4":"has-post-thumbnail","6":"product_cat-nadal","8":"first","9":"instock","10":"taxable","11":"shipping-taxable","12":"purchasable","13":"product-type-simple"},"yoast_head":"<!-- This site is optimized with the Yoast SEO plugin v25.3 - https:\/\/yoast.com\/wordpress\/plugins\/seo\/ -->\n<title>Llapis Ti\u00f3 \u00b7 Mimart Creation \u00b7 Art i Personalitzaci\u00f3 T\u00e8xtil<\/title>\n<meta name=\"description\" content=\"Al cor de Manresa, Mimart Creation \u00e9s el lloc on la creativitat cobra vida. Llapis Ti\u00f3 \u00b7 Mimart Creation \u00b7 Art i Personalitzaci\u00f3 T\u00e8xtil\" \/>\n<meta name=\"robots\" content=\"index, follow, max-snippet:-1, max-image-preview:large, max-video-preview:-1\" \/>\n<link rel=\"canonical\" href=\"https:\/\/mimartcreation.es\/ca\/producte\/llapis-tio\/\" \/>\n<meta property=\"og:locale\" content=\"ca_ES\" \/>\n<meta property=\"og:type\" content=\"article\" \/>\n<meta property=\"og:title\" content=\"Llapis Ti\u00f3 \u00b7 Mimart Creation \u00b7 Art i Personalitzaci\u00f3 T\u00e8xtil\" \/>\n<meta property=\"og:description\" content=\"Al cor de Manresa, Mimart Creation \u00e9s el lloc on la creativitat cobra vida. Llapis Ti\u00f3 \u00b7 Mimart Creation \u00b7 Art i Personalitzaci\u00f3 T\u00e8xtil\" \/>\n<meta property=\"og:url\" content=\"https:\/\/mimartcreation.es\/ca\/producte\/llapis-tio\/\" \/>\n<meta property=\"og:site_name\" content=\"Mimart Creation\" \/>\n<meta name=\"twitter:card\" content=\"summary_large_image\" \/>\n<script type=\"application\/ld+json\" class=\"yoast-schema-graph\">{\"@context\":\"https:\/\/schema.org\",\"@graph\":[{\"@type\":\"WebPage\",\"@id\":\"https:\/\/mimartcreation.es\/ca\/producte\/llapis-tio\/\",\"url\":\"https:\/\/mimartcreation.es\/ca\/producte\/llapis-tio\/\",\"name\":\"Llapis Ti\u00f3 \u00b7 Mimart Creation \u00b7 Art i Personalitzaci\u00f3 T\u00e8xtil\",\"isPartOf\":{\"@id\":\"https:\/\/mimartcreation.es\/#website\"},\"primaryImageOfPage\":{\"@id\":\"https:\/\/mimartcreation.es\/ca\/producte\/llapis-tio\/#primaryimage\"},\"image\":{\"@id\":\"https:\/\/mimartcreation.es\/ca\/producte\/llapis-tio\/#primaryimage\"},\"thumbnailUrl\":\"https:\/\/mimartcreation.es\/wp-content\/uploads\/2025\/03\/tio-lapiz.jpg\",\"datePublished\":\"2025-03-01T03:23:28+00:00\",\"description\":\"Al cor de Manresa, Mimart Creation \u00e9s el lloc on la creativitat cobra vida. Llapis Ti\u00f3 \u00b7 Mimart Creation \u00b7 Art i Personalitzaci\u00f3 T\u00e8xtil\",\"breadcrumb\":{\"@id\":\"https:\/\/mimartcreation.es\/ca\/producte\/llapis-tio\/#breadcrumb\"},\"inLanguage\":\"ca\",\"potentialAction\":[{\"@type\":\"ReadAction\",\"target\":[\"https:\/\/mimartcreation.es\/ca\/producte\/llapis-tio\/\"]}]},{\"@type\":\"ImageObject\",\"inLanguage\":\"ca\",\"@id\":\"https:\/\/mimartcreation.es\/ca\/producte\/llapis-tio\/#primaryimage\",\"url\":\"https:\/\/mimartcreation.es\/wp-content\/uploads\/2025\/03\/tio-lapiz.jpg\",\"contentUrl\":\"https:\/\/mimartcreation.es\/wp-content\/uploads\/2025\/03\/tio-lapiz.jpg\",\"width\":1080,\"height\":1080},{\"@type\":\"BreadcrumbList\",\"@id\":\"https:\/\/mimartcreation.es\/ca\/producte\/llapis-tio\/#breadcrumb\",\"itemListElement\":[{\"@type\":\"ListItem\",\"position\":1,\"name\":\"[wpseo_titles]breadcrumbs-Inicio\",\"item\":\"https:\/\/mimartcreation.es\/ca\/\"},{\"@type\":\"ListItem\",\"position\":2,\"name\":\"Botiga\",\"item\":\"https:\/\/mimartcreation.es\/ca\/botiga\/\"},{\"@type\":\"ListItem\",\"position\":3,\"name\":\"Llapis Ti\u00f3\"}]},{\"@type\":\"WebSite\",\"@id\":\"https:\/\/mimartcreation.es\/#website\",\"url\":\"https:\/\/mimartcreation.es\/\",\"name\":\"Mimart Creation\",\"description\":\"Personalizaci\u00f3n, estampaci\u00f3n y objetos de regalo.\",\"potentialAction\":[{\"@type\":\"SearchAction\",\"target\":{\"@type\":\"EntryPoint\",\"urlTemplate\":\"https:\/\/mimartcreation.es\/?s={search_term_string}\"},\"query-input\":{\"@type\":\"PropertyValueSpecification\",\"valueRequired\":true,\"valueName\":\"search_term_string\"}}],\"inLanguage\":\"ca\"}]}<\/script>\n<!-- \/ Yoast SEO plugin. -->","yoast_head_json":{"title":"Llapis Ti\u00f3 \u00b7 Mimart Creation \u00b7 Art i Personalitzaci\u00f3 T\u00e8xtil","description":"Al cor de Manresa, Mimart Creation \u00e9s el lloc on la creativitat cobra vida. Llapis Ti\u00f3 \u00b7 Mimart Creation \u00b7 Art i Personalitzaci\u00f3 T\u00e8xtil","robots":{"index":"index","follow":"follow","max-snippet":"max-snippet:-1","max-image-preview":"max-image-preview:large","max-video-preview":"max-video-preview:-1"},"canonical":"https:\/\/mimartcreation.es\/ca\/producte\/llapis-tio\/","og_locale":"ca_ES","og_type":"article","og_title":"Llapis Ti\u00f3 \u00b7 Mimart Creation \u00b7 Art i Personalitzaci\u00f3 T\u00e8xtil","og_description":"Al cor de Manresa, Mimart Creation \u00e9s el lloc on la creativitat cobra vida. Llapis Ti\u00f3 \u00b7 Mimart Creation \u00b7 Art i Personalitzaci\u00f3 T\u00e8xtil","og_url":"https:\/\/mimartcreation.es\/ca\/producte\/llapis-tio\/","og_site_name":"Mimart Creation","twitter_card":"summary_large_image","schema":{"@context":"https:\/\/schema.org","@graph":[{"@type":"WebPage","@id":"https:\/\/mimartcreation.es\/ca\/producte\/llapis-tio\/","url":"https:\/\/mimartcreation.es\/ca\/producte\/llapis-tio\/","name":"Llapis Ti\u00f3 \u00b7 Mimart Creation \u00b7 Art i Personalitzaci\u00f3 T\u00e8xtil","isPartOf":{"@id":"https:\/\/mimartcreation.es\/#website"},"primaryImageOfPage":{"@id":"https:\/\/mimartcreation.es\/ca\/producte\/llapis-tio\/#primaryimage"},"image":{"@id":"https:\/\/mimartcreation.es\/ca\/producte\/llapis-tio\/#primaryimage"},"thumbnailUrl":"https:\/\/mimartcreation.es\/wp-content\/uploads\/2025\/03\/tio-lapiz.jpg","datePublished":"2025-03-01T03:23:28+00:00","description":"Al cor de Manresa, Mimart Creation \u00e9s el lloc on la creativitat cobra vida. Llapis Ti\u00f3 \u00b7 Mimart Creation \u00b7 Art i Personalitzaci\u00f3 T\u00e8xtil","breadcrumb":{"@id":"https:\/\/mimartcreation.es\/ca\/producte\/llapis-tio\/#breadcrumb"},"inLanguage":"ca","potentialAction":[{"@type":"ReadAction","target":["https:\/\/mimartcreation.es\/ca\/producte\/llapis-tio\/"]}]},{"@type":"ImageObject","inLanguage":"ca","@id":"https:\/\/mimartcreation.es\/ca\/producte\/llapis-tio\/#primaryimage","url":"https:\/\/mimartcreation.es\/wp-content\/uploads\/2025\/03\/tio-lapiz.jpg","contentUrl":"https:\/\/mimartcreation.es\/wp-content\/uploads\/2025\/03\/tio-lapiz.jpg","width":1080,"height":1080},{"@type":"BreadcrumbList","@id":"https:\/\/mimartcreation.es\/ca\/producte\/llapis-tio\/#breadcrumb","itemListElement":[{"@type":"ListItem","position":1,"name":"[wpseo_titles]breadcrumbs-Inicio","item":"https:\/\/mimartcreation.es\/ca\/"},{"@type":"ListItem","position":2,"name":"Botiga","item":"https:\/\/mimartcreation.es\/ca\/botiga\/"},{"@type":"ListItem","position":3,"name":"Llapis Ti\u00f3"}]},{"@type":"WebSite","@id":"https:\/\/mimartcreation.es\/#website","url":"https:\/\/mimartcreation.es\/","name":"Mimart Creation","description":"Personalizaci\u00f3n, estampaci\u00f3n y objetos de regalo.","potentialAction":[{"@type":"SearchAction","target":{"@type":"EntryPoint","urlTemplate":"https:\/\/mimartcreation.es\/?s={search_term_string}"},"query-input":{"@type":"PropertyValueSpecification","valueRequired":true,"valueName":"search_term_string"}}],"inLanguage":"ca"}]}},"_links":{"self":[{"href":"https:\/\/mimartcreation.es\/ca\/wp-json\/wp\/v2\/product\/4072","targetHints":{"allow":["GET"]}}],"collection":[{"href":"https:\/\/mimartcreation.es\/ca\/wp-json\/wp\/v2\/product"}],"about":[{"href":"https:\/\/mimartcreation.es\/ca\/wp-json\/wp\/v2\/types\/product"}],"wp:featuredmedia":[{"embeddable":true,"href":"https:\/\/mimartcreation.es\/ca\/wp-json\/wp\/v2\/media\/3892"}],"wp:attachment":[{"href":"https:\/\/mimartcreation.es\/ca\/wp-json\/wp\/v2\/media?parent=4072"}],"wp:term":[{"taxonomy":"product_brand","embeddable":true,"href":"https:\/\/mimartcreation.es\/ca\/wp-json\/wp\/v2\/product_brand?post=4072"},{"taxonomy":"product_cat","embeddable":true,"href":"https:\/\/mimartcreation.es\/ca\/wp-json\/wp\/v2\/product_cat?post=4072"},{"taxonomy":"product_tag","embeddable":true,"href":"https:\/\/mimartcreation.es\/ca\/wp-json\/wp\/v2\/product_tag?post=4072"}],"curies":[{"name":"wp","href":"https:\/\/api.w.org\/{rel}","templated":true}]}}