{"id":4071,"date":"2025-03-01T04:23:28","date_gmt":"2025-03-01T03:23:28","guid":{"rendered":"https:\/\/mimartcreation.es\/product\/tio-piruleta\/"},"modified":"2025-03-01T04:23:28","modified_gmt":"2025-03-01T03:23:28","slug":"tio-piruleta","status":"publish","type":"product","link":"https:\/\/mimartcreation.es\/ca\/producte\/tio-piruleta\/","title":{"rendered":"Ti\u00f3 piruleta"},"content":{"rendered":"","protected":false},"excerpt":{"rendered":"<p>Piruleta de fusta amb la cara del Ti\u00f3 de Nadal \u2013 Personalitzable<\/p>\n<p>Encantadora piruleta de fusta amb la cara del Ti\u00f3 de Nadal, decorada amb detalls artesanals que la fan \u00fanica i festiva. Ve amb una cinta vermella vichy per penjar-la f\u00e0cilment a l&#8217;arbre. El m\u00e9s especial d&#8217;aquesta piruleta \u00e9s la possibilitat de personalitzaci\u00f3 amb el nom que desitgis, convertint-la en un regal ideal tant per a petits com grans.  <\/p>\n<p>\u2714 Personalitzable amb nom per a un toc \u00fanic<br \/>\n\u2714 Feta a m\u00e0 amb detalls festius<br \/>\n\u2714 Perfecta com a decoraci\u00f3 nadalenca o identificador de regals<br \/>\n\u2714 Ideal per regalar per Nadal o com a adorn a l&#8217;arbre<\/p>\n<p>Un detall nadalenc especial que afegeix m\u00e0gia i personalitzaci\u00f3 a les celebracions.<\/p>\n","protected":false},"featured_media":3887,"template":"","meta":{"_joinchat":[]},"product_brand":[],"product_cat":[209],"product_tag":[],"class_list":{"0":"post-4071","1":"product","2":"type-product","3":"status-publish","4":"has-post-thumbnail","6":"product_cat-nadal","8":"first","9":"instock","10":"taxable","11":"shipping-taxable","12":"purchasable","13":"product-type-simple"},"yoast_head":"<!-- This site is optimized with the Yoast SEO plugin v25.3 - https:\/\/yoast.com\/wordpress\/plugins\/seo\/ -->\n<title>Ti\u00f3 piruleta \u00b7 Mimart Creation Barcelona<\/title>\n<meta name=\"description\" content=\"Ti\u00f3 piruleta \u00b7 Mimart Creation Barcelona \u00b7 Al cor de Manresa, Mimart Creation \u00e9s el lloc on la creativitat cobra vida.\" \/>\n<meta name=\"robots\" content=\"index, follow, max-snippet:-1, max-image-preview:large, max-video-preview:-1\" \/>\n<link rel=\"canonical\" href=\"https:\/\/mimartcreation.es\/ca\/producte\/tio-piruleta\/\" \/>\n<meta property=\"og:locale\" content=\"ca_ES\" \/>\n<meta property=\"og:type\" content=\"article\" \/>\n<meta property=\"og:title\" content=\"Ti\u00f3 piruleta \u00b7 Mimart Creation Barcelona\" \/>\n<meta property=\"og:description\" content=\"Ti\u00f3 piruleta \u00b7 Mimart Creation Barcelona \u00b7 Al cor de Manresa, Mimart Creation \u00e9s el lloc on la creativitat cobra vida.\" \/>\n<meta property=\"og:url\" content=\"https:\/\/mimartcreation.es\/ca\/producte\/tio-piruleta\/\" \/>\n<meta property=\"og:site_name\" content=\"Mimart Creation\" \/>\n<meta name=\"twitter:card\" content=\"summary_large_image\" \/>\n<script type=\"application\/ld+json\" class=\"yoast-schema-graph\">{\"@context\":\"https:\/\/schema.org\",\"@graph\":[{\"@type\":\"WebPage\",\"@id\":\"https:\/\/mimartcreation.es\/ca\/producte\/tio-piruleta\/\",\"url\":\"https:\/\/mimartcreation.es\/ca\/producte\/tio-piruleta\/\",\"name\":\"Ti\u00f3 piruleta \u00b7 Mimart Creation Barcelona\",\"isPartOf\":{\"@id\":\"https:\/\/mimartcreation.es\/#website\"},\"primaryImageOfPage\":{\"@id\":\"https:\/\/mimartcreation.es\/ca\/producte\/tio-piruleta\/#primaryimage\"},\"image\":{\"@id\":\"https:\/\/mimartcreation.es\/ca\/producte\/tio-piruleta\/#primaryimage\"},\"thumbnailUrl\":\"https:\/\/mimartcreation.es\/wp-content\/uploads\/2025\/03\/tio-piruleta.jpg\",\"datePublished\":\"2025-03-01T03:23:28+00:00\",\"description\":\"Ti\u00f3 piruleta \u00b7 Mimart Creation Barcelona \u00b7 Al cor de Manresa, Mimart Creation \u00e9s el lloc on la creativitat cobra vida.\",\"breadcrumb\":{\"@id\":\"https:\/\/mimartcreation.es\/ca\/producte\/tio-piruleta\/#breadcrumb\"},\"inLanguage\":\"ca\",\"potentialAction\":[{\"@type\":\"ReadAction\",\"target\":[\"https:\/\/mimartcreation.es\/ca\/producte\/tio-piruleta\/\"]}]},{\"@type\":\"ImageObject\",\"inLanguage\":\"ca\",\"@id\":\"https:\/\/mimartcreation.es\/ca\/producte\/tio-piruleta\/#primaryimage\",\"url\":\"https:\/\/mimartcreation.es\/wp-content\/uploads\/2025\/03\/tio-piruleta.jpg\",\"contentUrl\":\"https:\/\/mimartcreation.es\/wp-content\/uploads\/2025\/03\/tio-piruleta.jpg\",\"width\":1080,\"height\":1080},{\"@type\":\"BreadcrumbList\",\"@id\":\"https:\/\/mimartcreation.es\/ca\/producte\/tio-piruleta\/#breadcrumb\",\"itemListElement\":[{\"@type\":\"ListItem\",\"position\":1,\"name\":\"[wpseo_titles]breadcrumbs-Inicio\",\"item\":\"https:\/\/mimartcreation.es\/ca\/\"},{\"@type\":\"ListItem\",\"position\":2,\"name\":\"Botiga\",\"item\":\"https:\/\/mimartcreation.es\/ca\/botiga\/\"},{\"@type\":\"ListItem\",\"position\":3,\"name\":\"Ti\u00f3 piruleta\"}]},{\"@type\":\"WebSite\",\"@id\":\"https:\/\/mimartcreation.es\/#website\",\"url\":\"https:\/\/mimartcreation.es\/\",\"name\":\"Mimart Creation\",\"description\":\"Personalizaci\u00f3n, estampaci\u00f3n y objetos de regalo.\",\"potentialAction\":[{\"@type\":\"SearchAction\",\"target\":{\"@type\":\"EntryPoint\",\"urlTemplate\":\"https:\/\/mimartcreation.es\/?s={search_term_string}\"},\"query-input\":{\"@type\":\"PropertyValueSpecification\",\"valueRequired\":true,\"valueName\":\"search_term_string\"}}],\"inLanguage\":\"ca\"}]}<\/script>\n<!-- \/ Yoast SEO plugin. -->","yoast_head_json":{"title":"Ti\u00f3 piruleta \u00b7 Mimart Creation Barcelona","description":"Ti\u00f3 piruleta \u00b7 Mimart Creation Barcelona \u00b7 Al cor de Manresa, Mimart Creation \u00e9s el lloc on la creativitat cobra vida.","robots":{"index":"index","follow":"follow","max-snippet":"max-snippet:-1","max-image-preview":"max-image-preview:large","max-video-preview":"max-video-preview:-1"},"canonical":"https:\/\/mimartcreation.es\/ca\/producte\/tio-piruleta\/","og_locale":"ca_ES","og_type":"article","og_title":"Ti\u00f3 piruleta \u00b7 Mimart Creation Barcelona","og_description":"Ti\u00f3 piruleta \u00b7 Mimart Creation Barcelona \u00b7 Al cor de Manresa, Mimart Creation \u00e9s el lloc on la creativitat cobra vida.","og_url":"https:\/\/mimartcreation.es\/ca\/producte\/tio-piruleta\/","og_site_name":"Mimart Creation","twitter_card":"summary_large_image","schema":{"@context":"https:\/\/schema.org","@graph":[{"@type":"WebPage","@id":"https:\/\/mimartcreation.es\/ca\/producte\/tio-piruleta\/","url":"https:\/\/mimartcreation.es\/ca\/producte\/tio-piruleta\/","name":"Ti\u00f3 piruleta \u00b7 Mimart Creation Barcelona","isPartOf":{"@id":"https:\/\/mimartcreation.es\/#website"},"primaryImageOfPage":{"@id":"https:\/\/mimartcreation.es\/ca\/producte\/tio-piruleta\/#primaryimage"},"image":{"@id":"https:\/\/mimartcreation.es\/ca\/producte\/tio-piruleta\/#primaryimage"},"thumbnailUrl":"https:\/\/mimartcreation.es\/wp-content\/uploads\/2025\/03\/tio-piruleta.jpg","datePublished":"2025-03-01T03:23:28+00:00","description":"Ti\u00f3 piruleta \u00b7 Mimart Creation Barcelona \u00b7 Al cor de Manresa, Mimart Creation \u00e9s el lloc on la creativitat cobra vida.","breadcrumb":{"@id":"https:\/\/mimartcreation.es\/ca\/producte\/tio-piruleta\/#breadcrumb"},"inLanguage":"ca","potentialAction":[{"@type":"ReadAction","target":["https:\/\/mimartcreation.es\/ca\/producte\/tio-piruleta\/"]}]},{"@type":"ImageObject","inLanguage":"ca","@id":"https:\/\/mimartcreation.es\/ca\/producte\/tio-piruleta\/#primaryimage","url":"https:\/\/mimartcreation.es\/wp-content\/uploads\/2025\/03\/tio-piruleta.jpg","contentUrl":"https:\/\/mimartcreation.es\/wp-content\/uploads\/2025\/03\/tio-piruleta.jpg","width":1080,"height":1080},{"@type":"BreadcrumbList","@id":"https:\/\/mimartcreation.es\/ca\/producte\/tio-piruleta\/#breadcrumb","itemListElement":[{"@type":"ListItem","position":1,"name":"[wpseo_titles]breadcrumbs-Inicio","item":"https:\/\/mimartcreation.es\/ca\/"},{"@type":"ListItem","position":2,"name":"Botiga","item":"https:\/\/mimartcreation.es\/ca\/botiga\/"},{"@type":"ListItem","position":3,"name":"Ti\u00f3 piruleta"}]},{"@type":"WebSite","@id":"https:\/\/mimartcreation.es\/#website","url":"https:\/\/mimartcreation.es\/","name":"Mimart Creation","description":"Personalizaci\u00f3n, estampaci\u00f3n y objetos de regalo.","potentialAction":[{"@type":"SearchAction","target":{"@type":"EntryPoint","urlTemplate":"https:\/\/mimartcreation.es\/?s={search_term_string}"},"query-input":{"@type":"PropertyValueSpecification","valueRequired":true,"valueName":"search_term_string"}}],"inLanguage":"ca"}]}},"_links":{"self":[{"href":"https:\/\/mimartcreation.es\/ca\/wp-json\/wp\/v2\/product\/4071","targetHints":{"allow":["GET"]}}],"collection":[{"href":"https:\/\/mimartcreation.es\/ca\/wp-json\/wp\/v2\/product"}],"about":[{"href":"https:\/\/mimartcreation.es\/ca\/wp-json\/wp\/v2\/types\/product"}],"wp:featuredmedia":[{"embeddable":true,"href":"https:\/\/mimartcreation.es\/ca\/wp-json\/wp\/v2\/media\/3887"}],"wp:attachment":[{"href":"https:\/\/mimartcreation.es\/ca\/wp-json\/wp\/v2\/media?parent=4071"}],"wp:term":[{"taxonomy":"product_brand","embeddable":true,"href":"https:\/\/mimartcreation.es\/ca\/wp-json\/wp\/v2\/product_brand?post=4071"},{"taxonomy":"product_cat","embeddable":true,"href":"https:\/\/mimartcreation.es\/ca\/wp-json\/wp\/v2\/product_cat?post=4071"},{"taxonomy":"product_tag","embeddable":true,"href":"https:\/\/mimartcreation.es\/ca\/wp-json\/wp\/v2\/product_tag?post=4071"}],"curies":[{"name":"wp","href":"https:\/\/api.w.org\/{rel}","templated":true}]}}