{"id":4065,"date":"2025-03-13T15:31:31","date_gmt":"2025-03-13T14:31:31","guid":{"rendered":"https:\/\/mimartcreation.es\/product\/imant-ponsetia-pintada-de-manera-artesanal\/"},"modified":"2025-10-31T18:03:49","modified_gmt":"2025-10-31T17:03:49","slug":"imant-ponsetia-pintada-de-manera-artesanal","status":"publish","type":"product","link":"https:\/\/mimartcreation.es\/ca\/producte\/imant-ponsetia-pintada-de-manera-artesanal\/","title":{"rendered":"Imant pons\u00e8tia pintada a m\u00e0"},"content":{"rendered":"","protected":false},"excerpt":{"rendered":"<p>Imant de Pons\u00e8tia de fusta pintat artesanalment<\/p>\n<p>Aquest imant de fusta amb disseny de la flor de Nadal, la pons\u00e8tia, est\u00e0 pintat\u00a0 de manera artesanal i t\u00e9 una al\u00e7ada de 8 cm. \u00c9s perfecte per regalar com a detall nadalenc.<\/p>\n<p>\u2714 Pintat a m\u00e0 amb detalls cuidats i pintura artesanal<br \/>\n\u2714 Mida compacta (8 cm d&#8217;al\u00e7ada), ideal per a qualsevol superf\u00edcie met\u00e1lica<br \/>\n\u2714 Disseny nadalenc que aporta color i calidesa a casa teva<br \/>\n\u2714 Perfecte com a detall de Nadal o per regalar<\/p>\n<p>Un imant que combina art, tradici\u00f3 i esperit nadalenc.<\/p>\n","protected":false},"featured_media":3859,"template":"","meta":{"_joinchat":[]},"product_brand":[],"product_cat":[209],"product_tag":[],"class_list":{"0":"post-4065","1":"product","2":"type-product","3":"status-publish","4":"has-post-thumbnail","6":"product_cat-nadal","8":"first","9":"instock","10":"taxable","11":"shipping-taxable","12":"purchasable","13":"product-type-simple"},"yoast_head":"<!-- This site is optimized with the Yoast SEO plugin v25.3 - https:\/\/yoast.com\/wordpress\/plugins\/seo\/ -->\n<title>Imant pons\u00e8tia pintada de manera artesanal \u00b7 Mimart Creation<\/title>\n<meta name=\"description\" content=\"Imant ponsetia pintada de manera artesanal \u00b7 Mimart Creation Barcelona \u00b7 Mimart Creation: Art i Personalitzaci\u00f3 T\u00e8xtil ubicat a Barcelona.\" \/>\n<meta name=\"robots\" content=\"index, follow, max-snippet:-1, max-image-preview:large, max-video-preview:-1\" \/>\n<link rel=\"canonical\" href=\"https:\/\/mimartcreation.es\/ca\/producte\/imant-ponsetia-pintada-de-manera-artesanal\/\" \/>\n<meta property=\"og:locale\" content=\"ca_ES\" \/>\n<meta property=\"og:type\" content=\"article\" \/>\n<meta property=\"og:title\" content=\"Imant pons\u00e8tia pintada de manera artesanal \u00b7 Mimart Creation\" \/>\n<meta property=\"og:description\" content=\"Imant ponsetia pintada de manera artesanal \u00b7 Mimart Creation Barcelona \u00b7 Mimart Creation: Art i Personalitzaci\u00f3 T\u00e8xtil ubicat a Barcelona.\" \/>\n<meta property=\"og:url\" content=\"https:\/\/mimartcreation.es\/ca\/producte\/imant-ponsetia-pintada-de-manera-artesanal\/\" \/>\n<meta property=\"og:site_name\" content=\"Mimart Creation\" \/>\n<meta property=\"article:modified_time\" content=\"2025-10-31T17:03:49+00:00\" \/>\n<meta property=\"og:image\" content=\"https:\/\/mimartcreation.es\/wp-content\/uploads\/2025\/03\/iman-ponsetia.jpg\" \/>\n\t<meta property=\"og:image:width\" content=\"1080\" \/>\n\t<meta property=\"og:image:height\" content=\"1080\" \/>\n\t<meta property=\"og:image:type\" content=\"image\/jpeg\" \/>\n<meta name=\"twitter:card\" content=\"summary_large_image\" \/>\n<meta name=\"twitter:label1\" content=\"Temps estimat de lectura\" \/>\n\t<meta name=\"twitter:data1\" content=\"1 minut\" \/>\n<script type=\"application\/ld+json\" class=\"yoast-schema-graph\">{\"@context\":\"https:\/\/schema.org\",\"@graph\":[{\"@type\":\"WebPage\",\"@id\":\"https:\/\/mimartcreation.es\/ca\/producte\/imant-ponsetia-pintada-de-manera-artesanal\/\",\"url\":\"https:\/\/mimartcreation.es\/ca\/producte\/imant-ponsetia-pintada-de-manera-artesanal\/\",\"name\":\"Imant pons\u00e8tia pintada de manera artesanal \u00b7 Mimart Creation\",\"isPartOf\":{\"@id\":\"https:\/\/mimartcreation.es\/#website\"},\"primaryImageOfPage\":{\"@id\":\"https:\/\/mimartcreation.es\/ca\/producte\/imant-ponsetia-pintada-de-manera-artesanal\/#primaryimage\"},\"image\":{\"@id\":\"https:\/\/mimartcreation.es\/ca\/producte\/imant-ponsetia-pintada-de-manera-artesanal\/#primaryimage\"},\"thumbnailUrl\":\"https:\/\/mimartcreation.es\/wp-content\/uploads\/2025\/03\/iman-ponsetia.jpg\",\"datePublished\":\"2025-03-13T14:31:31+00:00\",\"dateModified\":\"2025-10-31T17:03:49+00:00\",\"description\":\"Imant ponsetia pintada de manera artesanal \u00b7 Mimart Creation Barcelona \u00b7 Mimart Creation: Art i Personalitzaci\u00f3 T\u00e8xtil ubicat a Barcelona.\",\"breadcrumb\":{\"@id\":\"https:\/\/mimartcreation.es\/ca\/producte\/imant-ponsetia-pintada-de-manera-artesanal\/#breadcrumb\"},\"inLanguage\":\"ca\",\"potentialAction\":[{\"@type\":\"ReadAction\",\"target\":[\"https:\/\/mimartcreation.es\/ca\/producte\/imant-ponsetia-pintada-de-manera-artesanal\/\"]}]},{\"@type\":\"ImageObject\",\"inLanguage\":\"ca\",\"@id\":\"https:\/\/mimartcreation.es\/ca\/producte\/imant-ponsetia-pintada-de-manera-artesanal\/#primaryimage\",\"url\":\"https:\/\/mimartcreation.es\/wp-content\/uploads\/2025\/03\/iman-ponsetia.jpg\",\"contentUrl\":\"https:\/\/mimartcreation.es\/wp-content\/uploads\/2025\/03\/iman-ponsetia.jpg\",\"width\":1080,\"height\":1080},{\"@type\":\"BreadcrumbList\",\"@id\":\"https:\/\/mimartcreation.es\/ca\/producte\/imant-ponsetia-pintada-de-manera-artesanal\/#breadcrumb\",\"itemListElement\":[{\"@type\":\"ListItem\",\"position\":1,\"name\":\"[wpseo_titles]breadcrumbs-Inicio\",\"item\":\"https:\/\/mimartcreation.es\/ca\/\"},{\"@type\":\"ListItem\",\"position\":2,\"name\":\"Botiga\",\"item\":\"https:\/\/mimartcreation.es\/ca\/botiga\/\"},{\"@type\":\"ListItem\",\"position\":3,\"name\":\"Imant pons\u00e8tia pintada a m\u00e0\"}]},{\"@type\":\"WebSite\",\"@id\":\"https:\/\/mimartcreation.es\/#website\",\"url\":\"https:\/\/mimartcreation.es\/\",\"name\":\"Mimart Creation\",\"description\":\"Personalizaci\u00f3n, estampaci\u00f3n y objetos de regalo.\",\"potentialAction\":[{\"@type\":\"SearchAction\",\"target\":{\"@type\":\"EntryPoint\",\"urlTemplate\":\"https:\/\/mimartcreation.es\/?s={search_term_string}\"},\"query-input\":{\"@type\":\"PropertyValueSpecification\",\"valueRequired\":true,\"valueName\":\"search_term_string\"}}],\"inLanguage\":\"ca\"}]}<\/script>\n<!-- \/ Yoast SEO plugin. -->","yoast_head_json":{"title":"Imant pons\u00e8tia pintada de manera artesanal \u00b7 Mimart Creation","description":"Imant ponsetia pintada de manera artesanal \u00b7 Mimart Creation Barcelona \u00b7 Mimart Creation: Art i Personalitzaci\u00f3 T\u00e8xtil ubicat a Barcelona.","robots":{"index":"index","follow":"follow","max-snippet":"max-snippet:-1","max-image-preview":"max-image-preview:large","max-video-preview":"max-video-preview:-1"},"canonical":"https:\/\/mimartcreation.es\/ca\/producte\/imant-ponsetia-pintada-de-manera-artesanal\/","og_locale":"ca_ES","og_type":"article","og_title":"Imant pons\u00e8tia pintada de manera artesanal \u00b7 Mimart Creation","og_description":"Imant ponsetia pintada de manera artesanal \u00b7 Mimart Creation Barcelona \u00b7 Mimart Creation: Art i Personalitzaci\u00f3 T\u00e8xtil ubicat a Barcelona.","og_url":"https:\/\/mimartcreation.es\/ca\/producte\/imant-ponsetia-pintada-de-manera-artesanal\/","og_site_name":"Mimart Creation","article_modified_time":"2025-10-31T17:03:49+00:00","og_image":[{"width":1080,"height":1080,"url":"https:\/\/mimartcreation.es\/wp-content\/uploads\/2025\/03\/iman-ponsetia.jpg","type":"image\/jpeg"}],"twitter_card":"summary_large_image","twitter_misc":{"Temps estimat de lectura":"1 minut"},"schema":{"@context":"https:\/\/schema.org","@graph":[{"@type":"WebPage","@id":"https:\/\/mimartcreation.es\/ca\/producte\/imant-ponsetia-pintada-de-manera-artesanal\/","url":"https:\/\/mimartcreation.es\/ca\/producte\/imant-ponsetia-pintada-de-manera-artesanal\/","name":"Imant pons\u00e8tia pintada de manera artesanal \u00b7 Mimart Creation","isPartOf":{"@id":"https:\/\/mimartcreation.es\/#website"},"primaryImageOfPage":{"@id":"https:\/\/mimartcreation.es\/ca\/producte\/imant-ponsetia-pintada-de-manera-artesanal\/#primaryimage"},"image":{"@id":"https:\/\/mimartcreation.es\/ca\/producte\/imant-ponsetia-pintada-de-manera-artesanal\/#primaryimage"},"thumbnailUrl":"https:\/\/mimartcreation.es\/wp-content\/uploads\/2025\/03\/iman-ponsetia.jpg","datePublished":"2025-03-13T14:31:31+00:00","dateModified":"2025-10-31T17:03:49+00:00","description":"Imant ponsetia pintada de manera artesanal \u00b7 Mimart Creation Barcelona \u00b7 Mimart Creation: Art i Personalitzaci\u00f3 T\u00e8xtil ubicat a Barcelona.","breadcrumb":{"@id":"https:\/\/mimartcreation.es\/ca\/producte\/imant-ponsetia-pintada-de-manera-artesanal\/#breadcrumb"},"inLanguage":"ca","potentialAction":[{"@type":"ReadAction","target":["https:\/\/mimartcreation.es\/ca\/producte\/imant-ponsetia-pintada-de-manera-artesanal\/"]}]},{"@type":"ImageObject","inLanguage":"ca","@id":"https:\/\/mimartcreation.es\/ca\/producte\/imant-ponsetia-pintada-de-manera-artesanal\/#primaryimage","url":"https:\/\/mimartcreation.es\/wp-content\/uploads\/2025\/03\/iman-ponsetia.jpg","contentUrl":"https:\/\/mimartcreation.es\/wp-content\/uploads\/2025\/03\/iman-ponsetia.jpg","width":1080,"height":1080},{"@type":"BreadcrumbList","@id":"https:\/\/mimartcreation.es\/ca\/producte\/imant-ponsetia-pintada-de-manera-artesanal\/#breadcrumb","itemListElement":[{"@type":"ListItem","position":1,"name":"[wpseo_titles]breadcrumbs-Inicio","item":"https:\/\/mimartcreation.es\/ca\/"},{"@type":"ListItem","position":2,"name":"Botiga","item":"https:\/\/mimartcreation.es\/ca\/botiga\/"},{"@type":"ListItem","position":3,"name":"Imant pons\u00e8tia pintada a m\u00e0"}]},{"@type":"WebSite","@id":"https:\/\/mimartcreation.es\/#website","url":"https:\/\/mimartcreation.es\/","name":"Mimart Creation","description":"Personalizaci\u00f3n, estampaci\u00f3n y objetos de regalo.","potentialAction":[{"@type":"SearchAction","target":{"@type":"EntryPoint","urlTemplate":"https:\/\/mimartcreation.es\/?s={search_term_string}"},"query-input":{"@type":"PropertyValueSpecification","valueRequired":true,"valueName":"search_term_string"}}],"inLanguage":"ca"}]}},"_links":{"self":[{"href":"https:\/\/mimartcreation.es\/ca\/wp-json\/wp\/v2\/product\/4065","targetHints":{"allow":["GET"]}}],"collection":[{"href":"https:\/\/mimartcreation.es\/ca\/wp-json\/wp\/v2\/product"}],"about":[{"href":"https:\/\/mimartcreation.es\/ca\/wp-json\/wp\/v2\/types\/product"}],"wp:featuredmedia":[{"embeddable":true,"href":"https:\/\/mimartcreation.es\/ca\/wp-json\/wp\/v2\/media\/3859"}],"wp:attachment":[{"href":"https:\/\/mimartcreation.es\/ca\/wp-json\/wp\/v2\/media?parent=4065"}],"wp:term":[{"taxonomy":"product_brand","embeddable":true,"href":"https:\/\/mimartcreation.es\/ca\/wp-json\/wp\/v2\/product_brand?post=4065"},{"taxonomy":"product_cat","embeddable":true,"href":"https:\/\/mimartcreation.es\/ca\/wp-json\/wp\/v2\/product_cat?post=4065"},{"taxonomy":"product_tag","embeddable":true,"href":"https:\/\/mimartcreation.es\/ca\/wp-json\/wp\/v2\/product_tag?post=4065"}],"curies":[{"name":"wp","href":"https:\/\/api.w.org\/{rel}","templated":true}]}}