{"id":4062,"date":"2025-03-13T15:31:31","date_gmt":"2025-03-13T14:31:31","guid":{"rendered":"https:\/\/mimartcreation.es\/product\/punt-de-llibre-drac-sant-jordi\/"},"modified":"2025-03-13T15:31:31","modified_gmt":"2025-03-13T14:31:31","slug":"punt-de-llibre-drac-sant-jordi","status":"publish","type":"product","link":"https:\/\/mimartcreation.es\/ca\/producte\/punt-de-llibre-drac-sant-jordi\/","title":{"rendered":"Punt de llibre drac Sant Jordi"},"content":{"rendered":"","protected":false},"excerpt":{"rendered":"<p>Punt de llibre de fusta amb goma el\u00e0stica \u2013 Drac pintat a m\u00e0<\/p>\n<p>Aquest punt de llibre de fusta amb goma el\u00e0stica s&#8217;adapta a qualsevol llibre, oferint una forma pr\u00e0ctica i divertida de marcar les p\u00e0gines. El drac pintat a m\u00e0 afegeix un toc d&#8217;originalitat i fantasia perfecte per als amants de la lectura.<\/p>\n<p>\u2714 Fet a m\u00e0 amb detalls cuidats<br \/>\n\u2714 Goma el\u00e0stica que s&#8217;ajusta a llibres de diferents mides<br \/>\n\u2714 Disseny exclusiu amb drac pintat a m\u00e0<br \/>\n\u2714 Ideal per regalar a lectors o com a detall \u00fanic<\/p>\n<p>Un punt de llibre funcional i art\u00edstic que far\u00e0 de cada lectura una experi\u00e8ncia especial.<\/p>\n","protected":false},"featured_media":3856,"template":"","meta":{"_joinchat":[]},"product_brand":[],"product_cat":[207],"product_tag":[],"class_list":{"0":"post-4062","1":"product","2":"type-product","3":"status-publish","4":"has-post-thumbnail","6":"product_cat-sin-categoria","8":"first","9":"instock","10":"taxable","11":"shipping-taxable","12":"purchasable","13":"product-type-simple"},"yoast_head":"<!-- This site is optimized with the Yoast SEO plugin v25.3 - https:\/\/yoast.com\/wordpress\/plugins\/seo\/ -->\n<title>Punt de llibre drac Sant Jordi \u00b7 Mimart Creation Barcelona<\/title>\n<meta name=\"description\" content=\"Punt de llibre drac Sant Jordi \u00b7 Mimart Creation Barcelona \u00b7 Mimart Creation: Art i Personalitzaci\u00f3 T\u00e8xtil, l\u00e0ser i altres possibilitats.\" \/>\n<meta name=\"robots\" content=\"index, follow, max-snippet:-1, max-image-preview:large, max-video-preview:-1\" \/>\n<link rel=\"canonical\" href=\"https:\/\/mimartcreation.es\/ca\/producte\/punt-de-llibre-drac-sant-jordi\/\" \/>\n<meta property=\"og:locale\" content=\"ca_ES\" \/>\n<meta property=\"og:type\" content=\"article\" \/>\n<meta property=\"og:title\" content=\"Punt de llibre drac Sant Jordi \u00b7 Mimart Creation Barcelona\" \/>\n<meta property=\"og:description\" content=\"Punt de llibre drac Sant Jordi \u00b7 Mimart Creation Barcelona \u00b7 Mimart Creation: Art i Personalitzaci\u00f3 T\u00e8xtil, l\u00e0ser i altres possibilitats.\" \/>\n<meta property=\"og:url\" content=\"https:\/\/mimartcreation.es\/ca\/producte\/punt-de-llibre-drac-sant-jordi\/\" \/>\n<meta property=\"og:site_name\" content=\"Mimart Creation\" \/>\n<meta name=\"twitter:card\" content=\"summary_large_image\" \/>\n<script type=\"application\/ld+json\" class=\"yoast-schema-graph\">{\"@context\":\"https:\/\/schema.org\",\"@graph\":[{\"@type\":\"WebPage\",\"@id\":\"https:\/\/mimartcreation.es\/ca\/producte\/punt-de-llibre-drac-sant-jordi\/\",\"url\":\"https:\/\/mimartcreation.es\/ca\/producte\/punt-de-llibre-drac-sant-jordi\/\",\"name\":\"Punt de llibre drac Sant Jordi \u00b7 Mimart Creation Barcelona\",\"isPartOf\":{\"@id\":\"https:\/\/mimartcreation.es\/#website\"},\"primaryImageOfPage\":{\"@id\":\"https:\/\/mimartcreation.es\/ca\/producte\/punt-de-llibre-drac-sant-jordi\/#primaryimage\"},\"image\":{\"@id\":\"https:\/\/mimartcreation.es\/ca\/producte\/punt-de-llibre-drac-sant-jordi\/#primaryimage\"},\"thumbnailUrl\":\"https:\/\/mimartcreation.es\/wp-content\/uploads\/2025\/03\/punto-libro-dragon-sant-jordi.jpg\",\"datePublished\":\"2025-03-13T14:31:31+00:00\",\"description\":\"Punt de llibre drac Sant Jordi \u00b7 Mimart Creation Barcelona \u00b7 Mimart Creation: Art i Personalitzaci\u00f3 T\u00e8xtil, l\u00e0ser i altres possibilitats.\",\"breadcrumb\":{\"@id\":\"https:\/\/mimartcreation.es\/ca\/producte\/punt-de-llibre-drac-sant-jordi\/#breadcrumb\"},\"inLanguage\":\"ca\",\"potentialAction\":[{\"@type\":\"ReadAction\",\"target\":[\"https:\/\/mimartcreation.es\/ca\/producte\/punt-de-llibre-drac-sant-jordi\/\"]}]},{\"@type\":\"ImageObject\",\"inLanguage\":\"ca\",\"@id\":\"https:\/\/mimartcreation.es\/ca\/producte\/punt-de-llibre-drac-sant-jordi\/#primaryimage\",\"url\":\"https:\/\/mimartcreation.es\/wp-content\/uploads\/2025\/03\/punto-libro-dragon-sant-jordi.jpg\",\"contentUrl\":\"https:\/\/mimartcreation.es\/wp-content\/uploads\/2025\/03\/punto-libro-dragon-sant-jordi.jpg\",\"width\":1080,\"height\":1080},{\"@type\":\"BreadcrumbList\",\"@id\":\"https:\/\/mimartcreation.es\/ca\/producte\/punt-de-llibre-drac-sant-jordi\/#breadcrumb\",\"itemListElement\":[{\"@type\":\"ListItem\",\"position\":1,\"name\":\"[wpseo_titles]breadcrumbs-Inicio\",\"item\":\"https:\/\/mimartcreation.es\/ca\/\"},{\"@type\":\"ListItem\",\"position\":2,\"name\":\"Botiga\",\"item\":\"https:\/\/mimartcreation.es\/ca\/botiga\/\"},{\"@type\":\"ListItem\",\"position\":3,\"name\":\"Punt de llibre drac Sant Jordi\"}]},{\"@type\":\"WebSite\",\"@id\":\"https:\/\/mimartcreation.es\/#website\",\"url\":\"https:\/\/mimartcreation.es\/\",\"name\":\"Mimart Creation\",\"description\":\"Personalizaci\u00f3n, estampaci\u00f3n y objetos de regalo.\",\"potentialAction\":[{\"@type\":\"SearchAction\",\"target\":{\"@type\":\"EntryPoint\",\"urlTemplate\":\"https:\/\/mimartcreation.es\/?s={search_term_string}\"},\"query-input\":{\"@type\":\"PropertyValueSpecification\",\"valueRequired\":true,\"valueName\":\"search_term_string\"}}],\"inLanguage\":\"ca\"}]}<\/script>\n<!-- \/ Yoast SEO plugin. -->","yoast_head_json":{"title":"Punt de llibre drac Sant Jordi \u00b7 Mimart Creation Barcelona","description":"Punt de llibre drac Sant Jordi \u00b7 Mimart Creation Barcelona \u00b7 Mimart Creation: Art i Personalitzaci\u00f3 T\u00e8xtil, l\u00e0ser i altres possibilitats.","robots":{"index":"index","follow":"follow","max-snippet":"max-snippet:-1","max-image-preview":"max-image-preview:large","max-video-preview":"max-video-preview:-1"},"canonical":"https:\/\/mimartcreation.es\/ca\/producte\/punt-de-llibre-drac-sant-jordi\/","og_locale":"ca_ES","og_type":"article","og_title":"Punt de llibre drac Sant Jordi \u00b7 Mimart Creation Barcelona","og_description":"Punt de llibre drac Sant Jordi \u00b7 Mimart Creation Barcelona \u00b7 Mimart Creation: Art i Personalitzaci\u00f3 T\u00e8xtil, l\u00e0ser i altres possibilitats.","og_url":"https:\/\/mimartcreation.es\/ca\/producte\/punt-de-llibre-drac-sant-jordi\/","og_site_name":"Mimart Creation","twitter_card":"summary_large_image","schema":{"@context":"https:\/\/schema.org","@graph":[{"@type":"WebPage","@id":"https:\/\/mimartcreation.es\/ca\/producte\/punt-de-llibre-drac-sant-jordi\/","url":"https:\/\/mimartcreation.es\/ca\/producte\/punt-de-llibre-drac-sant-jordi\/","name":"Punt de llibre drac Sant Jordi \u00b7 Mimart Creation Barcelona","isPartOf":{"@id":"https:\/\/mimartcreation.es\/#website"},"primaryImageOfPage":{"@id":"https:\/\/mimartcreation.es\/ca\/producte\/punt-de-llibre-drac-sant-jordi\/#primaryimage"},"image":{"@id":"https:\/\/mimartcreation.es\/ca\/producte\/punt-de-llibre-drac-sant-jordi\/#primaryimage"},"thumbnailUrl":"https:\/\/mimartcreation.es\/wp-content\/uploads\/2025\/03\/punto-libro-dragon-sant-jordi.jpg","datePublished":"2025-03-13T14:31:31+00:00","description":"Punt de llibre drac Sant Jordi \u00b7 Mimart Creation Barcelona \u00b7 Mimart Creation: Art i Personalitzaci\u00f3 T\u00e8xtil, l\u00e0ser i altres possibilitats.","breadcrumb":{"@id":"https:\/\/mimartcreation.es\/ca\/producte\/punt-de-llibre-drac-sant-jordi\/#breadcrumb"},"inLanguage":"ca","potentialAction":[{"@type":"ReadAction","target":["https:\/\/mimartcreation.es\/ca\/producte\/punt-de-llibre-drac-sant-jordi\/"]}]},{"@type":"ImageObject","inLanguage":"ca","@id":"https:\/\/mimartcreation.es\/ca\/producte\/punt-de-llibre-drac-sant-jordi\/#primaryimage","url":"https:\/\/mimartcreation.es\/wp-content\/uploads\/2025\/03\/punto-libro-dragon-sant-jordi.jpg","contentUrl":"https:\/\/mimartcreation.es\/wp-content\/uploads\/2025\/03\/punto-libro-dragon-sant-jordi.jpg","width":1080,"height":1080},{"@type":"BreadcrumbList","@id":"https:\/\/mimartcreation.es\/ca\/producte\/punt-de-llibre-drac-sant-jordi\/#breadcrumb","itemListElement":[{"@type":"ListItem","position":1,"name":"[wpseo_titles]breadcrumbs-Inicio","item":"https:\/\/mimartcreation.es\/ca\/"},{"@type":"ListItem","position":2,"name":"Botiga","item":"https:\/\/mimartcreation.es\/ca\/botiga\/"},{"@type":"ListItem","position":3,"name":"Punt de llibre drac Sant Jordi"}]},{"@type":"WebSite","@id":"https:\/\/mimartcreation.es\/#website","url":"https:\/\/mimartcreation.es\/","name":"Mimart Creation","description":"Personalizaci\u00f3n, estampaci\u00f3n y objetos de regalo.","potentialAction":[{"@type":"SearchAction","target":{"@type":"EntryPoint","urlTemplate":"https:\/\/mimartcreation.es\/?s={search_term_string}"},"query-input":{"@type":"PropertyValueSpecification","valueRequired":true,"valueName":"search_term_string"}}],"inLanguage":"ca"}]}},"_links":{"self":[{"href":"https:\/\/mimartcreation.es\/ca\/wp-json\/wp\/v2\/product\/4062","targetHints":{"allow":["GET"]}}],"collection":[{"href":"https:\/\/mimartcreation.es\/ca\/wp-json\/wp\/v2\/product"}],"about":[{"href":"https:\/\/mimartcreation.es\/ca\/wp-json\/wp\/v2\/types\/product"}],"wp:featuredmedia":[{"embeddable":true,"href":"https:\/\/mimartcreation.es\/ca\/wp-json\/wp\/v2\/media\/3856"}],"wp:attachment":[{"href":"https:\/\/mimartcreation.es\/ca\/wp-json\/wp\/v2\/media?parent=4062"}],"wp:term":[{"taxonomy":"product_brand","embeddable":true,"href":"https:\/\/mimartcreation.es\/ca\/wp-json\/wp\/v2\/product_brand?post=4062"},{"taxonomy":"product_cat","embeddable":true,"href":"https:\/\/mimartcreation.es\/ca\/wp-json\/wp\/v2\/product_cat?post=4062"},{"taxonomy":"product_tag","embeddable":true,"href":"https:\/\/mimartcreation.es\/ca\/wp-json\/wp\/v2\/product_tag?post=4062"}],"curies":[{"name":"wp","href":"https:\/\/api.w.org\/{rel}","templated":true}]}}