{"id":4060,"date":"2025-03-13T15:31:31","date_gmt":"2025-03-13T14:31:31","guid":{"rendered":"https:\/\/mimartcreation.es\/product\/llapis-cor\/"},"modified":"2025-10-31T14:06:18","modified_gmt":"2025-10-31T13:06:18","slug":"llapis-cor","status":"publish","type":"product","link":"https:\/\/mimartcreation.es\/ca\/producte\/llapis-cor\/","title":{"rendered":"Llapis cor"},"content":{"rendered":"","protected":false},"excerpt":{"rendered":"<p>Llapis amb cor acolxat en s\u00edmil de pell<\/p>\n<p>Aquest llapis de fusta est\u00e0 decorat amb un cor acolxat de s\u00edmil de pell vermella, que aporta un toc rom\u00e0ntic i \u00fanic. El cordill afegit el fa encara m\u00e9s especial, simulant un petit globus, ideal com a detall per regalar en festes i dates con Sant Valent\u00ed.<\/p>\n<p>\u2714 Cor s\u00edmil pell vermella<br \/>\n\u2714 Disseny exclusiu i decoratiu, perfecte per regalar<br \/>\n\u2714 Ideal per a Sant Valent\u00ed, detalls especials<\/p>\n<p>Un llapis que uneix funcionalitat i eleg\u00e0ncia amb un toc personalitzat i rom\u00e0ntic. Si est\u00e0s interessat en comandes per quantitat o grans volums, si us plau posa&#8217;t en contacte amb nosaltres i t&#8217;oferirem una proposta personalitzada.<\/p>\n","protected":false},"featured_media":3733,"template":"","meta":{"_joinchat":[]},"product_brand":[],"product_cat":[207],"product_tag":[],"class_list":{"0":"post-4060","1":"product","2":"type-product","3":"status-publish","4":"has-post-thumbnail","6":"product_cat-sin-categoria","8":"first","9":"instock","10":"taxable","11":"shipping-taxable","12":"purchasable","13":"product-type-simple"},"yoast_head":"<!-- This site is optimized with the Yoast SEO plugin v25.3 - https:\/\/yoast.com\/wordpress\/plugins\/seo\/ -->\n<title>Llapis amb cor encoixinat en s\u00edmil pell vermella \u2013 Amb cordill<\/title>\n<meta name=\"description\" content=\"Llapis amb cor encoixinat en s\u00edmil pell vermella \u2013 Amb cordill \u00b7 Llapis amb cor encoixinat en s\u00edmil pell vermella \u2013 Amb cordill\" \/>\n<meta name=\"robots\" content=\"index, follow, max-snippet:-1, max-image-preview:large, max-video-preview:-1\" \/>\n<link rel=\"canonical\" href=\"https:\/\/mimartcreation.es\/ca\/producte\/llapis-cor\/\" \/>\n<meta property=\"og:locale\" content=\"ca_ES\" \/>\n<meta property=\"og:type\" content=\"article\" \/>\n<meta property=\"og:title\" content=\"Llapis amb cor encoixinat en s\u00edmil pell vermella \u2013 Amb cordill\" \/>\n<meta property=\"og:description\" content=\"Llapis amb cor encoixinat en s\u00edmil pell vermella \u2013 Amb cordill \u00b7 Llapis amb cor encoixinat en s\u00edmil pell vermella \u2013 Amb cordill\" \/>\n<meta property=\"og:url\" content=\"https:\/\/mimartcreation.es\/ca\/producte\/llapis-cor\/\" \/>\n<meta property=\"og:site_name\" content=\"Mimart Creation\" \/>\n<meta property=\"article:modified_time\" content=\"2025-10-31T13:06:18+00:00\" \/>\n<meta property=\"og:image\" content=\"https:\/\/mimartcreation.es\/wp-content\/uploads\/2025\/03\/029.webp\" \/>\n\t<meta property=\"og:image:width\" content=\"1080\" \/>\n\t<meta property=\"og:image:height\" content=\"1080\" \/>\n\t<meta property=\"og:image:type\" content=\"image\/webp\" \/>\n<meta name=\"twitter:card\" content=\"summary_large_image\" \/>\n<meta name=\"twitter:label1\" content=\"Temps estimat de lectura\" \/>\n\t<meta name=\"twitter:data1\" content=\"1 minut\" \/>\n<script type=\"application\/ld+json\" class=\"yoast-schema-graph\">{\"@context\":\"https:\/\/schema.org\",\"@graph\":[{\"@type\":\"WebPage\",\"@id\":\"https:\/\/mimartcreation.es\/ca\/producte\/llapis-cor\/\",\"url\":\"https:\/\/mimartcreation.es\/ca\/producte\/llapis-cor\/\",\"name\":\"Llapis amb cor encoixinat en s\u00edmil pell vermella \u2013 Amb cordill\",\"isPartOf\":{\"@id\":\"https:\/\/mimartcreation.es\/#website\"},\"primaryImageOfPage\":{\"@id\":\"https:\/\/mimartcreation.es\/ca\/producte\/llapis-cor\/#primaryimage\"},\"image\":{\"@id\":\"https:\/\/mimartcreation.es\/ca\/producte\/llapis-cor\/#primaryimage\"},\"thumbnailUrl\":\"https:\/\/mimartcreation.es\/wp-content\/uploads\/2025\/03\/029.webp\",\"datePublished\":\"2025-03-13T14:31:31+00:00\",\"dateModified\":\"2025-10-31T13:06:18+00:00\",\"description\":\"Llapis amb cor encoixinat en s\u00edmil pell vermella \u2013 Amb cordill \u00b7 Llapis amb cor encoixinat en s\u00edmil pell vermella \u2013 Amb cordill\",\"breadcrumb\":{\"@id\":\"https:\/\/mimartcreation.es\/ca\/producte\/llapis-cor\/#breadcrumb\"},\"inLanguage\":\"ca\",\"potentialAction\":[{\"@type\":\"ReadAction\",\"target\":[\"https:\/\/mimartcreation.es\/ca\/producte\/llapis-cor\/\"]}]},{\"@type\":\"ImageObject\",\"inLanguage\":\"ca\",\"@id\":\"https:\/\/mimartcreation.es\/ca\/producte\/llapis-cor\/#primaryimage\",\"url\":\"https:\/\/mimartcreation.es\/wp-content\/uploads\/2025\/03\/029.webp\",\"contentUrl\":\"https:\/\/mimartcreation.es\/wp-content\/uploads\/2025\/03\/029.webp\",\"width\":1080,\"height\":1080},{\"@type\":\"BreadcrumbList\",\"@id\":\"https:\/\/mimartcreation.es\/ca\/producte\/llapis-cor\/#breadcrumb\",\"itemListElement\":[{\"@type\":\"ListItem\",\"position\":1,\"name\":\"[wpseo_titles]breadcrumbs-Inicio\",\"item\":\"https:\/\/mimartcreation.es\/ca\/\"},{\"@type\":\"ListItem\",\"position\":2,\"name\":\"Botiga\",\"item\":\"https:\/\/mimartcreation.es\/ca\/botiga\/\"},{\"@type\":\"ListItem\",\"position\":3,\"name\":\"Llapis cor\"}]},{\"@type\":\"WebSite\",\"@id\":\"https:\/\/mimartcreation.es\/#website\",\"url\":\"https:\/\/mimartcreation.es\/\",\"name\":\"Mimart Creation\",\"description\":\"Personalizaci\u00f3n, estampaci\u00f3n y objetos de regalo.\",\"potentialAction\":[{\"@type\":\"SearchAction\",\"target\":{\"@type\":\"EntryPoint\",\"urlTemplate\":\"https:\/\/mimartcreation.es\/?s={search_term_string}\"},\"query-input\":{\"@type\":\"PropertyValueSpecification\",\"valueRequired\":true,\"valueName\":\"search_term_string\"}}],\"inLanguage\":\"ca\"}]}<\/script>\n<!-- \/ Yoast SEO plugin. -->","yoast_head_json":{"title":"Llapis amb cor encoixinat en s\u00edmil pell vermella \u2013 Amb cordill","description":"Llapis amb cor encoixinat en s\u00edmil pell vermella \u2013 Amb cordill \u00b7 Llapis amb cor encoixinat en s\u00edmil pell vermella \u2013 Amb cordill","robots":{"index":"index","follow":"follow","max-snippet":"max-snippet:-1","max-image-preview":"max-image-preview:large","max-video-preview":"max-video-preview:-1"},"canonical":"https:\/\/mimartcreation.es\/ca\/producte\/llapis-cor\/","og_locale":"ca_ES","og_type":"article","og_title":"Llapis amb cor encoixinat en s\u00edmil pell vermella \u2013 Amb cordill","og_description":"Llapis amb cor encoixinat en s\u00edmil pell vermella \u2013 Amb cordill \u00b7 Llapis amb cor encoixinat en s\u00edmil pell vermella \u2013 Amb cordill","og_url":"https:\/\/mimartcreation.es\/ca\/producte\/llapis-cor\/","og_site_name":"Mimart Creation","article_modified_time":"2025-10-31T13:06:18+00:00","og_image":[{"width":1080,"height":1080,"url":"https:\/\/mimartcreation.es\/wp-content\/uploads\/2025\/03\/029.webp","type":"image\/webp"}],"twitter_card":"summary_large_image","twitter_misc":{"Temps estimat de lectura":"1 minut"},"schema":{"@context":"https:\/\/schema.org","@graph":[{"@type":"WebPage","@id":"https:\/\/mimartcreation.es\/ca\/producte\/llapis-cor\/","url":"https:\/\/mimartcreation.es\/ca\/producte\/llapis-cor\/","name":"Llapis amb cor encoixinat en s\u00edmil pell vermella \u2013 Amb cordill","isPartOf":{"@id":"https:\/\/mimartcreation.es\/#website"},"primaryImageOfPage":{"@id":"https:\/\/mimartcreation.es\/ca\/producte\/llapis-cor\/#primaryimage"},"image":{"@id":"https:\/\/mimartcreation.es\/ca\/producte\/llapis-cor\/#primaryimage"},"thumbnailUrl":"https:\/\/mimartcreation.es\/wp-content\/uploads\/2025\/03\/029.webp","datePublished":"2025-03-13T14:31:31+00:00","dateModified":"2025-10-31T13:06:18+00:00","description":"Llapis amb cor encoixinat en s\u00edmil pell vermella \u2013 Amb cordill \u00b7 Llapis amb cor encoixinat en s\u00edmil pell vermella \u2013 Amb cordill","breadcrumb":{"@id":"https:\/\/mimartcreation.es\/ca\/producte\/llapis-cor\/#breadcrumb"},"inLanguage":"ca","potentialAction":[{"@type":"ReadAction","target":["https:\/\/mimartcreation.es\/ca\/producte\/llapis-cor\/"]}]},{"@type":"ImageObject","inLanguage":"ca","@id":"https:\/\/mimartcreation.es\/ca\/producte\/llapis-cor\/#primaryimage","url":"https:\/\/mimartcreation.es\/wp-content\/uploads\/2025\/03\/029.webp","contentUrl":"https:\/\/mimartcreation.es\/wp-content\/uploads\/2025\/03\/029.webp","width":1080,"height":1080},{"@type":"BreadcrumbList","@id":"https:\/\/mimartcreation.es\/ca\/producte\/llapis-cor\/#breadcrumb","itemListElement":[{"@type":"ListItem","position":1,"name":"[wpseo_titles]breadcrumbs-Inicio","item":"https:\/\/mimartcreation.es\/ca\/"},{"@type":"ListItem","position":2,"name":"Botiga","item":"https:\/\/mimartcreation.es\/ca\/botiga\/"},{"@type":"ListItem","position":3,"name":"Llapis cor"}]},{"@type":"WebSite","@id":"https:\/\/mimartcreation.es\/#website","url":"https:\/\/mimartcreation.es\/","name":"Mimart Creation","description":"Personalizaci\u00f3n, estampaci\u00f3n y objetos de regalo.","potentialAction":[{"@type":"SearchAction","target":{"@type":"EntryPoint","urlTemplate":"https:\/\/mimartcreation.es\/?s={search_term_string}"},"query-input":{"@type":"PropertyValueSpecification","valueRequired":true,"valueName":"search_term_string"}}],"inLanguage":"ca"}]}},"_links":{"self":[{"href":"https:\/\/mimartcreation.es\/ca\/wp-json\/wp\/v2\/product\/4060","targetHints":{"allow":["GET"]}}],"collection":[{"href":"https:\/\/mimartcreation.es\/ca\/wp-json\/wp\/v2\/product"}],"about":[{"href":"https:\/\/mimartcreation.es\/ca\/wp-json\/wp\/v2\/types\/product"}],"wp:featuredmedia":[{"embeddable":true,"href":"https:\/\/mimartcreation.es\/ca\/wp-json\/wp\/v2\/media\/3733"}],"wp:attachment":[{"href":"https:\/\/mimartcreation.es\/ca\/wp-json\/wp\/v2\/media?parent=4060"}],"wp:term":[{"taxonomy":"product_brand","embeddable":true,"href":"https:\/\/mimartcreation.es\/ca\/wp-json\/wp\/v2\/product_brand?post=4060"},{"taxonomy":"product_cat","embeddable":true,"href":"https:\/\/mimartcreation.es\/ca\/wp-json\/wp\/v2\/product_cat?post=4060"},{"taxonomy":"product_tag","embeddable":true,"href":"https:\/\/mimartcreation.es\/ca\/wp-json\/wp\/v2\/product_tag?post=4060"}],"curies":[{"name":"wp","href":"https:\/\/api.w.org\/{rel}","templated":true}]}}