{"id":4057,"date":"2025-03-03T04:46:24","date_gmt":"2025-03-03T03:46:24","guid":{"rendered":"https:\/\/mimartcreation.es\/product\/ma-3d\/"},"modified":"2025-10-31T18:39:49","modified_gmt":"2025-10-31T17:39:49","slug":"ma-3d","status":"publish","type":"product","link":"https:\/\/mimartcreation.es\/ca\/producte\/ma-3d\/","title":{"rendered":"M\u00e0 3D"},"content":{"rendered":"","protected":false},"excerpt":{"rendered":"<p>M\u00e0 3D per subjectar ampolla de vi \u2013 Base pintada en granat<\/p>\n<p>Aquesta m\u00e0 realitzada en 3D est\u00e0 dissenyada per subjectar una ampolla de vi de manera \u00fanica i original. La base est\u00e0 pintada en un elegant color granat\u00f3s.<\/p>\n<p>\u2714 dissenyat i fet en 3D amb detalls curosos<br \/>\n\u2714 Base pintada en granat que complementa el disseny<br \/>\n\u2714 Ideal per decorar o com a regal original per a amants del vi<br \/>\n\u2714 Perfecte per a esdeveniments, celebracions o simplement per afegir un toc distintiu a casa<\/p>\n<p>Un accessori funcional i decoratiu que fa de cada ampolla de vi una pe\u00e7a \u00fanica.<\/p>\n","protected":false},"featured_media":3693,"template":"","meta":{"_joinchat":[]},"product_brand":[],"product_cat":[237,211],"product_tag":[],"class_list":{"0":"post-4057","1":"product","2":"type-product","3":"status-publish","4":"has-post-thumbnail","6":"product_cat-eventos","7":"product_cat-regalo","9":"first","10":"outofstock","11":"taxable","12":"shipping-taxable","13":"purchasable","14":"product-type-simple"},"yoast_head":"<!-- This site is optimized with the Yoast SEO plugin v25.3 - https:\/\/yoast.com\/wordpress\/plugins\/seo\/ -->\n<title>M\u00e0 3D per subjectar ampolla de vi \u2013 Base pintada en granat<\/title>\n<meta name=\"description\" content=\"M\u00e0 3D per subjectar ampolla de vi \u2013 Base pintada en granat \u00b7 M\u00e0 3D per subjectar ampolla de vi \u2013 Base pintada en granat\" \/>\n<meta name=\"robots\" content=\"index, follow, max-snippet:-1, max-image-preview:large, max-video-preview:-1\" \/>\n<link rel=\"canonical\" href=\"https:\/\/mimartcreation.es\/ca\/producte\/ma-3d\/\" \/>\n<meta property=\"og:locale\" content=\"ca_ES\" \/>\n<meta property=\"og:type\" content=\"article\" \/>\n<meta property=\"og:title\" content=\"M\u00e0 3D per subjectar ampolla de vi \u2013 Base pintada en granat\" \/>\n<meta property=\"og:description\" content=\"M\u00e0 3D per subjectar ampolla de vi \u2013 Base pintada en granat \u00b7 M\u00e0 3D per subjectar ampolla de vi \u2013 Base pintada en granat\" \/>\n<meta property=\"og:url\" content=\"https:\/\/mimartcreation.es\/ca\/producte\/ma-3d\/\" \/>\n<meta property=\"og:site_name\" content=\"Mimart Creation\" \/>\n<meta property=\"article:modified_time\" content=\"2025-10-31T17:39:49+00:00\" \/>\n<meta property=\"og:image\" content=\"https:\/\/mimartcreation.es\/wp-content\/uploads\/2025\/03\/038.webp\" \/>\n\t<meta property=\"og:image:width\" content=\"1080\" \/>\n\t<meta property=\"og:image:height\" content=\"1080\" \/>\n\t<meta property=\"og:image:type\" content=\"image\/webp\" \/>\n<meta name=\"twitter:card\" content=\"summary_large_image\" \/>\n<meta name=\"twitter:label1\" content=\"Temps estimat de lectura\" \/>\n\t<meta name=\"twitter:data1\" content=\"1 minut\" \/>\n<script type=\"application\/ld+json\" class=\"yoast-schema-graph\">{\"@context\":\"https:\/\/schema.org\",\"@graph\":[{\"@type\":\"WebPage\",\"@id\":\"https:\/\/mimartcreation.es\/ca\/producte\/ma-3d\/\",\"url\":\"https:\/\/mimartcreation.es\/ca\/producte\/ma-3d\/\",\"name\":\"M\u00e0 3D per subjectar ampolla de vi \u2013 Base pintada en granat\",\"isPartOf\":{\"@id\":\"https:\/\/mimartcreation.es\/#website\"},\"primaryImageOfPage\":{\"@id\":\"https:\/\/mimartcreation.es\/ca\/producte\/ma-3d\/#primaryimage\"},\"image\":{\"@id\":\"https:\/\/mimartcreation.es\/ca\/producte\/ma-3d\/#primaryimage\"},\"thumbnailUrl\":\"https:\/\/mimartcreation.es\/wp-content\/uploads\/2025\/03\/038.webp\",\"datePublished\":\"2025-03-03T03:46:24+00:00\",\"dateModified\":\"2025-10-31T17:39:49+00:00\",\"description\":\"M\u00e0 3D per subjectar ampolla de vi \u2013 Base pintada en granat \u00b7 M\u00e0 3D per subjectar ampolla de vi \u2013 Base pintada en granat\",\"breadcrumb\":{\"@id\":\"https:\/\/mimartcreation.es\/ca\/producte\/ma-3d\/#breadcrumb\"},\"inLanguage\":\"ca\",\"potentialAction\":[{\"@type\":\"ReadAction\",\"target\":[\"https:\/\/mimartcreation.es\/ca\/producte\/ma-3d\/\"]}]},{\"@type\":\"ImageObject\",\"inLanguage\":\"ca\",\"@id\":\"https:\/\/mimartcreation.es\/ca\/producte\/ma-3d\/#primaryimage\",\"url\":\"https:\/\/mimartcreation.es\/wp-content\/uploads\/2025\/03\/038.webp\",\"contentUrl\":\"https:\/\/mimartcreation.es\/wp-content\/uploads\/2025\/03\/038.webp\",\"width\":1080,\"height\":1080},{\"@type\":\"BreadcrumbList\",\"@id\":\"https:\/\/mimartcreation.es\/ca\/producte\/ma-3d\/#breadcrumb\",\"itemListElement\":[{\"@type\":\"ListItem\",\"position\":1,\"name\":\"[wpseo_titles]breadcrumbs-Inicio\",\"item\":\"https:\/\/mimartcreation.es\/ca\/\"},{\"@type\":\"ListItem\",\"position\":2,\"name\":\"Botiga\",\"item\":\"https:\/\/mimartcreation.es\/ca\/botiga\/\"},{\"@type\":\"ListItem\",\"position\":3,\"name\":\"M\u00e0 3D\"}]},{\"@type\":\"WebSite\",\"@id\":\"https:\/\/mimartcreation.es\/#website\",\"url\":\"https:\/\/mimartcreation.es\/\",\"name\":\"Mimart Creation\",\"description\":\"Personalizaci\u00f3n, estampaci\u00f3n y objetos de regalo.\",\"potentialAction\":[{\"@type\":\"SearchAction\",\"target\":{\"@type\":\"EntryPoint\",\"urlTemplate\":\"https:\/\/mimartcreation.es\/?s={search_term_string}\"},\"query-input\":{\"@type\":\"PropertyValueSpecification\",\"valueRequired\":true,\"valueName\":\"search_term_string\"}}],\"inLanguage\":\"ca\"}]}<\/script>\n<!-- \/ Yoast SEO plugin. -->","yoast_head_json":{"title":"M\u00e0 3D per subjectar ampolla de vi \u2013 Base pintada en granat","description":"M\u00e0 3D per subjectar ampolla de vi \u2013 Base pintada en granat \u00b7 M\u00e0 3D per subjectar ampolla de vi \u2013 Base pintada en granat","robots":{"index":"index","follow":"follow","max-snippet":"max-snippet:-1","max-image-preview":"max-image-preview:large","max-video-preview":"max-video-preview:-1"},"canonical":"https:\/\/mimartcreation.es\/ca\/producte\/ma-3d\/","og_locale":"ca_ES","og_type":"article","og_title":"M\u00e0 3D per subjectar ampolla de vi \u2013 Base pintada en granat","og_description":"M\u00e0 3D per subjectar ampolla de vi \u2013 Base pintada en granat \u00b7 M\u00e0 3D per subjectar ampolla de vi \u2013 Base pintada en granat","og_url":"https:\/\/mimartcreation.es\/ca\/producte\/ma-3d\/","og_site_name":"Mimart Creation","article_modified_time":"2025-10-31T17:39:49+00:00","og_image":[{"width":1080,"height":1080,"url":"https:\/\/mimartcreation.es\/wp-content\/uploads\/2025\/03\/038.webp","type":"image\/webp"}],"twitter_card":"summary_large_image","twitter_misc":{"Temps estimat de lectura":"1 minut"},"schema":{"@context":"https:\/\/schema.org","@graph":[{"@type":"WebPage","@id":"https:\/\/mimartcreation.es\/ca\/producte\/ma-3d\/","url":"https:\/\/mimartcreation.es\/ca\/producte\/ma-3d\/","name":"M\u00e0 3D per subjectar ampolla de vi \u2013 Base pintada en granat","isPartOf":{"@id":"https:\/\/mimartcreation.es\/#website"},"primaryImageOfPage":{"@id":"https:\/\/mimartcreation.es\/ca\/producte\/ma-3d\/#primaryimage"},"image":{"@id":"https:\/\/mimartcreation.es\/ca\/producte\/ma-3d\/#primaryimage"},"thumbnailUrl":"https:\/\/mimartcreation.es\/wp-content\/uploads\/2025\/03\/038.webp","datePublished":"2025-03-03T03:46:24+00:00","dateModified":"2025-10-31T17:39:49+00:00","description":"M\u00e0 3D per subjectar ampolla de vi \u2013 Base pintada en granat \u00b7 M\u00e0 3D per subjectar ampolla de vi \u2013 Base pintada en granat","breadcrumb":{"@id":"https:\/\/mimartcreation.es\/ca\/producte\/ma-3d\/#breadcrumb"},"inLanguage":"ca","potentialAction":[{"@type":"ReadAction","target":["https:\/\/mimartcreation.es\/ca\/producte\/ma-3d\/"]}]},{"@type":"ImageObject","inLanguage":"ca","@id":"https:\/\/mimartcreation.es\/ca\/producte\/ma-3d\/#primaryimage","url":"https:\/\/mimartcreation.es\/wp-content\/uploads\/2025\/03\/038.webp","contentUrl":"https:\/\/mimartcreation.es\/wp-content\/uploads\/2025\/03\/038.webp","width":1080,"height":1080},{"@type":"BreadcrumbList","@id":"https:\/\/mimartcreation.es\/ca\/producte\/ma-3d\/#breadcrumb","itemListElement":[{"@type":"ListItem","position":1,"name":"[wpseo_titles]breadcrumbs-Inicio","item":"https:\/\/mimartcreation.es\/ca\/"},{"@type":"ListItem","position":2,"name":"Botiga","item":"https:\/\/mimartcreation.es\/ca\/botiga\/"},{"@type":"ListItem","position":3,"name":"M\u00e0 3D"}]},{"@type":"WebSite","@id":"https:\/\/mimartcreation.es\/#website","url":"https:\/\/mimartcreation.es\/","name":"Mimart Creation","description":"Personalizaci\u00f3n, estampaci\u00f3n y objetos de regalo.","potentialAction":[{"@type":"SearchAction","target":{"@type":"EntryPoint","urlTemplate":"https:\/\/mimartcreation.es\/?s={search_term_string}"},"query-input":{"@type":"PropertyValueSpecification","valueRequired":true,"valueName":"search_term_string"}}],"inLanguage":"ca"}]}},"_links":{"self":[{"href":"https:\/\/mimartcreation.es\/ca\/wp-json\/wp\/v2\/product\/4057","targetHints":{"allow":["GET"]}}],"collection":[{"href":"https:\/\/mimartcreation.es\/ca\/wp-json\/wp\/v2\/product"}],"about":[{"href":"https:\/\/mimartcreation.es\/ca\/wp-json\/wp\/v2\/types\/product"}],"wp:featuredmedia":[{"embeddable":true,"href":"https:\/\/mimartcreation.es\/ca\/wp-json\/wp\/v2\/media\/3693"}],"wp:attachment":[{"href":"https:\/\/mimartcreation.es\/ca\/wp-json\/wp\/v2\/media?parent=4057"}],"wp:term":[{"taxonomy":"product_brand","embeddable":true,"href":"https:\/\/mimartcreation.es\/ca\/wp-json\/wp\/v2\/product_brand?post=4057"},{"taxonomy":"product_cat","embeddable":true,"href":"https:\/\/mimartcreation.es\/ca\/wp-json\/wp\/v2\/product_cat?post=4057"},{"taxonomy":"product_tag","embeddable":true,"href":"https:\/\/mimartcreation.es\/ca\/wp-json\/wp\/v2\/product_tag?post=4057"}],"curies":[{"name":"wp","href":"https:\/\/api.w.org\/{rel}","templated":true}]}}