{"id":4056,"date":"2025-03-01T05:26:45","date_gmt":"2025-03-01T04:26:45","guid":{"rendered":"https:\/\/mimartcreation.es\/product\/punt-de-llibrellibres\/"},"modified":"2025-03-01T05:26:45","modified_gmt":"2025-03-01T04:26:45","slug":"punt-de-llibrellibres","status":"publish","type":"product","link":"https:\/\/mimartcreation.es\/ca\/producte\/punt-de-llibrellibres\/","title":{"rendered":"Punt de llibre+llibres"},"content":{"rendered":"","protected":false},"excerpt":{"rendered":"<p>Punt de llibre de fusta amb rosa de Sant Jordi i llibres pintats a m\u00e0 \u2013 Adaptable amb goma el\u00e0stica<\/p>\n<p>Aquest punt de llibre de fusta presenta una rosa de Sant Jordi juntament amb diversos llibres pintats a m\u00e0, capturant l&#8217;ess\u00e8ncia d&#8217;aquesta tradici\u00f3 catalana. Gr\u00e0cies a la seva goma el\u00e0stica, s&#8217;adapta f\u00e0cilment a qualsevol llibre, combinant funcionalitat i art en un \u00fanic accessori. <\/p>\n<p>\u2714 Fet a m\u00e0 amb detalls pintats amb cura<br \/>\n\u2714 Goma el\u00e0stica que s&#8217;adapta a llibres de diferents mides<br \/>\n\u2714 Disseny exclusiu que celebra la llegenda de Sant Jordi<br \/>\n\u2714 Perfecte per regalar o com a accessori personal per a amants de la lectura<\/p>\n<p>Un punt de llibre \u00fanic que aporta color, tradici\u00f3 i practicitat a les teves lectures.<\/p>\n","protected":false},"featured_media":3863,"template":"","meta":{"_joinchat":[]},"product_brand":[],"product_cat":[212],"product_tag":[],"class_list":{"0":"post-4056","1":"product","2":"type-product","3":"status-publish","4":"has-post-thumbnail","6":"product_cat-sant-jordi","8":"first","9":"instock","10":"taxable","11":"shipping-taxable","12":"purchasable","13":"product-type-simple"},"yoast_head":"<!-- This site is optimized with the Yoast SEO plugin v25.3 - https:\/\/yoast.com\/wordpress\/plugins\/seo\/ -->\n<title>Punt de llibre+llibres \u00b7 Mimart Creation Barcelona<\/title>\n<meta name=\"description\" content=\"Punt de llibre+llibres \u00b7 Mimart Creation Barcelona \u00b7 Art i Personalitzaci\u00f3 T\u00e8xtil Al cor de Manresa, el lloc on la creativitat cobra vida.\" \/>\n<meta name=\"robots\" content=\"index, follow, max-snippet:-1, max-image-preview:large, max-video-preview:-1\" \/>\n<link rel=\"canonical\" href=\"https:\/\/mimartcreation.es\/ca\/producte\/punt-de-llibrellibres\/\" \/>\n<meta property=\"og:locale\" content=\"ca_ES\" \/>\n<meta property=\"og:type\" content=\"article\" \/>\n<meta property=\"og:title\" content=\"Punt de llibre+llibres \u00b7 Mimart Creation Barcelona\" \/>\n<meta property=\"og:description\" content=\"Punt de llibre+llibres \u00b7 Mimart Creation Barcelona \u00b7 Art i Personalitzaci\u00f3 T\u00e8xtil Al cor de Manresa, el lloc on la creativitat cobra vida.\" \/>\n<meta property=\"og:url\" content=\"https:\/\/mimartcreation.es\/ca\/producte\/punt-de-llibrellibres\/\" \/>\n<meta property=\"og:site_name\" content=\"Mimart Creation\" \/>\n<meta name=\"twitter:card\" content=\"summary_large_image\" \/>\n<script type=\"application\/ld+json\" class=\"yoast-schema-graph\">{\"@context\":\"https:\/\/schema.org\",\"@graph\":[{\"@type\":\"WebPage\",\"@id\":\"https:\/\/mimartcreation.es\/ca\/producte\/punt-de-llibrellibres\/\",\"url\":\"https:\/\/mimartcreation.es\/ca\/producte\/punt-de-llibrellibres\/\",\"name\":\"Punt de llibre+llibres \u00b7 Mimart Creation Barcelona\",\"isPartOf\":{\"@id\":\"https:\/\/mimartcreation.es\/#website\"},\"primaryImageOfPage\":{\"@id\":\"https:\/\/mimartcreation.es\/ca\/producte\/punt-de-llibrellibres\/#primaryimage\"},\"image\":{\"@id\":\"https:\/\/mimartcreation.es\/ca\/producte\/punt-de-llibrellibres\/#primaryimage\"},\"thumbnailUrl\":\"https:\/\/mimartcreation.es\/wp-content\/uploads\/2025\/03\/punto-libro-libros.jpg\",\"datePublished\":\"2025-03-01T04:26:45+00:00\",\"description\":\"Punt de llibre+llibres \u00b7 Mimart Creation Barcelona \u00b7 Art i Personalitzaci\u00f3 T\u00e8xtil Al cor de Manresa, el lloc on la creativitat cobra vida.\",\"breadcrumb\":{\"@id\":\"https:\/\/mimartcreation.es\/ca\/producte\/punt-de-llibrellibres\/#breadcrumb\"},\"inLanguage\":\"ca\",\"potentialAction\":[{\"@type\":\"ReadAction\",\"target\":[\"https:\/\/mimartcreation.es\/ca\/producte\/punt-de-llibrellibres\/\"]}]},{\"@type\":\"ImageObject\",\"inLanguage\":\"ca\",\"@id\":\"https:\/\/mimartcreation.es\/ca\/producte\/punt-de-llibrellibres\/#primaryimage\",\"url\":\"https:\/\/mimartcreation.es\/wp-content\/uploads\/2025\/03\/punto-libro-libros.jpg\",\"contentUrl\":\"https:\/\/mimartcreation.es\/wp-content\/uploads\/2025\/03\/punto-libro-libros.jpg\",\"width\":1080,\"height\":1080},{\"@type\":\"BreadcrumbList\",\"@id\":\"https:\/\/mimartcreation.es\/ca\/producte\/punt-de-llibrellibres\/#breadcrumb\",\"itemListElement\":[{\"@type\":\"ListItem\",\"position\":1,\"name\":\"[wpseo_titles]breadcrumbs-Inicio\",\"item\":\"https:\/\/mimartcreation.es\/ca\/\"},{\"@type\":\"ListItem\",\"position\":2,\"name\":\"Botiga\",\"item\":\"https:\/\/mimartcreation.es\/ca\/botiga\/\"},{\"@type\":\"ListItem\",\"position\":3,\"name\":\"Punt de llibre+llibres\"}]},{\"@type\":\"WebSite\",\"@id\":\"https:\/\/mimartcreation.es\/#website\",\"url\":\"https:\/\/mimartcreation.es\/\",\"name\":\"Mimart Creation\",\"description\":\"Personalizaci\u00f3n, estampaci\u00f3n y objetos de regalo.\",\"potentialAction\":[{\"@type\":\"SearchAction\",\"target\":{\"@type\":\"EntryPoint\",\"urlTemplate\":\"https:\/\/mimartcreation.es\/?s={search_term_string}\"},\"query-input\":{\"@type\":\"PropertyValueSpecification\",\"valueRequired\":true,\"valueName\":\"search_term_string\"}}],\"inLanguage\":\"ca\"}]}<\/script>\n<!-- \/ Yoast SEO plugin. -->","yoast_head_json":{"title":"Punt de llibre+llibres \u00b7 Mimart Creation Barcelona","description":"Punt de llibre+llibres \u00b7 Mimart Creation Barcelona \u00b7 Art i Personalitzaci\u00f3 T\u00e8xtil Al cor de Manresa, el lloc on la creativitat cobra vida.","robots":{"index":"index","follow":"follow","max-snippet":"max-snippet:-1","max-image-preview":"max-image-preview:large","max-video-preview":"max-video-preview:-1"},"canonical":"https:\/\/mimartcreation.es\/ca\/producte\/punt-de-llibrellibres\/","og_locale":"ca_ES","og_type":"article","og_title":"Punt de llibre+llibres \u00b7 Mimart Creation Barcelona","og_description":"Punt de llibre+llibres \u00b7 Mimart Creation Barcelona \u00b7 Art i Personalitzaci\u00f3 T\u00e8xtil Al cor de Manresa, el lloc on la creativitat cobra vida.","og_url":"https:\/\/mimartcreation.es\/ca\/producte\/punt-de-llibrellibres\/","og_site_name":"Mimart Creation","twitter_card":"summary_large_image","schema":{"@context":"https:\/\/schema.org","@graph":[{"@type":"WebPage","@id":"https:\/\/mimartcreation.es\/ca\/producte\/punt-de-llibrellibres\/","url":"https:\/\/mimartcreation.es\/ca\/producte\/punt-de-llibrellibres\/","name":"Punt de llibre+llibres \u00b7 Mimart Creation Barcelona","isPartOf":{"@id":"https:\/\/mimartcreation.es\/#website"},"primaryImageOfPage":{"@id":"https:\/\/mimartcreation.es\/ca\/producte\/punt-de-llibrellibres\/#primaryimage"},"image":{"@id":"https:\/\/mimartcreation.es\/ca\/producte\/punt-de-llibrellibres\/#primaryimage"},"thumbnailUrl":"https:\/\/mimartcreation.es\/wp-content\/uploads\/2025\/03\/punto-libro-libros.jpg","datePublished":"2025-03-01T04:26:45+00:00","description":"Punt de llibre+llibres \u00b7 Mimart Creation Barcelona \u00b7 Art i Personalitzaci\u00f3 T\u00e8xtil Al cor de Manresa, el lloc on la creativitat cobra vida.","breadcrumb":{"@id":"https:\/\/mimartcreation.es\/ca\/producte\/punt-de-llibrellibres\/#breadcrumb"},"inLanguage":"ca","potentialAction":[{"@type":"ReadAction","target":["https:\/\/mimartcreation.es\/ca\/producte\/punt-de-llibrellibres\/"]}]},{"@type":"ImageObject","inLanguage":"ca","@id":"https:\/\/mimartcreation.es\/ca\/producte\/punt-de-llibrellibres\/#primaryimage","url":"https:\/\/mimartcreation.es\/wp-content\/uploads\/2025\/03\/punto-libro-libros.jpg","contentUrl":"https:\/\/mimartcreation.es\/wp-content\/uploads\/2025\/03\/punto-libro-libros.jpg","width":1080,"height":1080},{"@type":"BreadcrumbList","@id":"https:\/\/mimartcreation.es\/ca\/producte\/punt-de-llibrellibres\/#breadcrumb","itemListElement":[{"@type":"ListItem","position":1,"name":"[wpseo_titles]breadcrumbs-Inicio","item":"https:\/\/mimartcreation.es\/ca\/"},{"@type":"ListItem","position":2,"name":"Botiga","item":"https:\/\/mimartcreation.es\/ca\/botiga\/"},{"@type":"ListItem","position":3,"name":"Punt de llibre+llibres"}]},{"@type":"WebSite","@id":"https:\/\/mimartcreation.es\/#website","url":"https:\/\/mimartcreation.es\/","name":"Mimart Creation","description":"Personalizaci\u00f3n, estampaci\u00f3n y objetos de regalo.","potentialAction":[{"@type":"SearchAction","target":{"@type":"EntryPoint","urlTemplate":"https:\/\/mimartcreation.es\/?s={search_term_string}"},"query-input":{"@type":"PropertyValueSpecification","valueRequired":true,"valueName":"search_term_string"}}],"inLanguage":"ca"}]}},"_links":{"self":[{"href":"https:\/\/mimartcreation.es\/ca\/wp-json\/wp\/v2\/product\/4056","targetHints":{"allow":["GET"]}}],"collection":[{"href":"https:\/\/mimartcreation.es\/ca\/wp-json\/wp\/v2\/product"}],"about":[{"href":"https:\/\/mimartcreation.es\/ca\/wp-json\/wp\/v2\/types\/product"}],"wp:featuredmedia":[{"embeddable":true,"href":"https:\/\/mimartcreation.es\/ca\/wp-json\/wp\/v2\/media\/3863"}],"wp:attachment":[{"href":"https:\/\/mimartcreation.es\/ca\/wp-json\/wp\/v2\/media?parent=4056"}],"wp:term":[{"taxonomy":"product_brand","embeddable":true,"href":"https:\/\/mimartcreation.es\/ca\/wp-json\/wp\/v2\/product_brand?post=4056"},{"taxonomy":"product_cat","embeddable":true,"href":"https:\/\/mimartcreation.es\/ca\/wp-json\/wp\/v2\/product_cat?post=4056"},{"taxonomy":"product_tag","embeddable":true,"href":"https:\/\/mimartcreation.es\/ca\/wp-json\/wp\/v2\/product_tag?post=4056"}],"curies":[{"name":"wp","href":"https:\/\/api.w.org\/{rel}","templated":true}]}}