{"id":4055,"date":"2025-03-01T04:23:31","date_gmt":"2025-03-01T03:23:31","guid":{"rendered":"https:\/\/mimartcreation.es\/product\/ventall-personalitzat-de-nuvia-o-comunio\/"},"modified":"2025-10-31T18:49:49","modified_gmt":"2025-10-31T17:49:49","slug":"ventall-personalitzat-de-nuvia-o-comunio","status":"publish","type":"product","link":"https:\/\/mimartcreation.es\/ca\/producte\/ventall-personalitzat-de-nuvia-o-comunio\/","title":{"rendered":"Ventall personalitzat de n\u00favia o comuni\u00f3"},"content":{"rendered":"","protected":false},"excerpt":{"rendered":"<p>Ventall personalitzat de n\u00favia \u2013 Amb imatge del vestit i pentinat<\/p>\n<p>Aquest ventall personalitzat \u00e9s el complement perfecte per al dia del casament. Nom\u00e9s cal que ens env\u00efis una o diverses imatges del teu vestit de n\u00favia (vist d&#8217;esquena) i del pentinat, i crearem un ventall \u00fanic i exclusiu que reflecteixi l&#8217;ess\u00e8ncia del teu estil. Un detall elegant, artesanal i\u00a0 ple de significat per un dia tan especial.<\/p>\n<p>\u2714 Personalitzaci\u00f3 total amb el teu vestit i pentinat<br \/>\n\u2714 Disseny \u00fanic adaptat a les imatges enviades<br \/>\n\u2714 Ideal per a casament, com souvenir o accessori per a la n\u00favia<br \/>\n\u2714 Materials d&#8217;alta qualitat per a un ventall durador i elegant<\/p>\n<p>Fes que el teu dia sigui encara m\u00e9s especial amb un ventall \u00fanic, ple de records.<\/p>\n","protected":false},"featured_media":3678,"template":"","meta":{"_joinchat":[]},"product_brand":[],"product_cat":[237,210,211],"product_tag":[],"class_list":{"0":"post-4055","1":"product","2":"type-product","3":"status-publish","4":"has-post-thumbnail","6":"product_cat-eventos","7":"product_cat-subir-foto","8":"product_cat-regalo","10":"first","11":"instock","12":"taxable","13":"shipping-taxable","14":"purchasable","15":"product-type-simple"},"yoast_head":"<!-- This site is optimized with the Yoast SEO plugin v25.3 - https:\/\/yoast.com\/wordpress\/plugins\/seo\/ -->\n<title>Ventall personalitzat de n\u00favia o comuni\u00f3 \u00b7 Mimart Creation<\/title>\n<meta name=\"description\" content=\"Ventall personalitzat de n\u00favia o comuni\u00f3 \u00b7 Mimart Creation Barcelona \u00b7 Al cor de Manresa, el lloc on la creativitat cobra vida.\" \/>\n<meta name=\"robots\" content=\"index, follow, max-snippet:-1, max-image-preview:large, max-video-preview:-1\" \/>\n<link rel=\"canonical\" href=\"https:\/\/mimartcreation.es\/ca\/producte\/ventall-personalitzat-de-nuvia-o-comunio\/\" \/>\n<meta property=\"og:locale\" content=\"ca_ES\" \/>\n<meta property=\"og:type\" content=\"article\" \/>\n<meta property=\"og:title\" content=\"Ventall personalitzat de n\u00favia o comuni\u00f3 \u00b7 Mimart Creation\" \/>\n<meta property=\"og:description\" content=\"Ventall personalitzat de n\u00favia o comuni\u00f3 \u00b7 Mimart Creation Barcelona \u00b7 Al cor de Manresa, el lloc on la creativitat cobra vida.\" \/>\n<meta property=\"og:url\" content=\"https:\/\/mimartcreation.es\/ca\/producte\/ventall-personalitzat-de-nuvia-o-comunio\/\" \/>\n<meta property=\"og:site_name\" content=\"Mimart Creation\" \/>\n<meta property=\"article:modified_time\" content=\"2025-10-31T17:49:49+00:00\" \/>\n<meta property=\"og:image\" content=\"https:\/\/mimartcreation.es\/wp-content\/uploads\/2025\/03\/035-2.webp\" \/>\n\t<meta property=\"og:image:width\" content=\"1080\" \/>\n\t<meta property=\"og:image:height\" content=\"1080\" \/>\n\t<meta property=\"og:image:type\" content=\"image\/webp\" \/>\n<meta name=\"twitter:card\" content=\"summary_large_image\" \/>\n<meta name=\"twitter:label1\" content=\"Temps estimat de lectura\" \/>\n\t<meta name=\"twitter:data1\" content=\"1 minut\" \/>\n<script type=\"application\/ld+json\" class=\"yoast-schema-graph\">{\"@context\":\"https:\/\/schema.org\",\"@graph\":[{\"@type\":\"WebPage\",\"@id\":\"https:\/\/mimartcreation.es\/ca\/producte\/ventall-personalitzat-de-nuvia-o-comunio\/\",\"url\":\"https:\/\/mimartcreation.es\/ca\/producte\/ventall-personalitzat-de-nuvia-o-comunio\/\",\"name\":\"Ventall personalitzat de n\u00favia o comuni\u00f3 \u00b7 Mimart Creation\",\"isPartOf\":{\"@id\":\"https:\/\/mimartcreation.es\/#website\"},\"primaryImageOfPage\":{\"@id\":\"https:\/\/mimartcreation.es\/ca\/producte\/ventall-personalitzat-de-nuvia-o-comunio\/#primaryimage\"},\"image\":{\"@id\":\"https:\/\/mimartcreation.es\/ca\/producte\/ventall-personalitzat-de-nuvia-o-comunio\/#primaryimage\"},\"thumbnailUrl\":\"https:\/\/mimartcreation.es\/wp-content\/uploads\/2025\/03\/035-2.webp\",\"datePublished\":\"2025-03-01T03:23:31+00:00\",\"dateModified\":\"2025-10-31T17:49:49+00:00\",\"description\":\"Ventall personalitzat de n\u00favia o comuni\u00f3 \u00b7 Mimart Creation Barcelona \u00b7 Al cor de Manresa, el lloc on la creativitat cobra vida.\",\"breadcrumb\":{\"@id\":\"https:\/\/mimartcreation.es\/ca\/producte\/ventall-personalitzat-de-nuvia-o-comunio\/#breadcrumb\"},\"inLanguage\":\"ca\",\"potentialAction\":[{\"@type\":\"ReadAction\",\"target\":[\"https:\/\/mimartcreation.es\/ca\/producte\/ventall-personalitzat-de-nuvia-o-comunio\/\"]}]},{\"@type\":\"ImageObject\",\"inLanguage\":\"ca\",\"@id\":\"https:\/\/mimartcreation.es\/ca\/producte\/ventall-personalitzat-de-nuvia-o-comunio\/#primaryimage\",\"url\":\"https:\/\/mimartcreation.es\/wp-content\/uploads\/2025\/03\/035-2.webp\",\"contentUrl\":\"https:\/\/mimartcreation.es\/wp-content\/uploads\/2025\/03\/035-2.webp\",\"width\":1080,\"height\":1080},{\"@type\":\"BreadcrumbList\",\"@id\":\"https:\/\/mimartcreation.es\/ca\/producte\/ventall-personalitzat-de-nuvia-o-comunio\/#breadcrumb\",\"itemListElement\":[{\"@type\":\"ListItem\",\"position\":1,\"name\":\"[wpseo_titles]breadcrumbs-Inicio\",\"item\":\"https:\/\/mimartcreation.es\/ca\/\"},{\"@type\":\"ListItem\",\"position\":2,\"name\":\"Botiga\",\"item\":\"https:\/\/mimartcreation.es\/ca\/botiga\/\"},{\"@type\":\"ListItem\",\"position\":3,\"name\":\"Ventall personalitzat de n\u00favia o comuni\u00f3\"}]},{\"@type\":\"WebSite\",\"@id\":\"https:\/\/mimartcreation.es\/#website\",\"url\":\"https:\/\/mimartcreation.es\/\",\"name\":\"Mimart Creation\",\"description\":\"Personalizaci\u00f3n, estampaci\u00f3n y objetos de regalo.\",\"potentialAction\":[{\"@type\":\"SearchAction\",\"target\":{\"@type\":\"EntryPoint\",\"urlTemplate\":\"https:\/\/mimartcreation.es\/?s={search_term_string}\"},\"query-input\":{\"@type\":\"PropertyValueSpecification\",\"valueRequired\":true,\"valueName\":\"search_term_string\"}}],\"inLanguage\":\"ca\"}]}<\/script>\n<!-- \/ Yoast SEO plugin. -->","yoast_head_json":{"title":"Ventall personalitzat de n\u00favia o comuni\u00f3 \u00b7 Mimart Creation","description":"Ventall personalitzat de n\u00favia o comuni\u00f3 \u00b7 Mimart Creation Barcelona \u00b7 Al cor de Manresa, el lloc on la creativitat cobra vida.","robots":{"index":"index","follow":"follow","max-snippet":"max-snippet:-1","max-image-preview":"max-image-preview:large","max-video-preview":"max-video-preview:-1"},"canonical":"https:\/\/mimartcreation.es\/ca\/producte\/ventall-personalitzat-de-nuvia-o-comunio\/","og_locale":"ca_ES","og_type":"article","og_title":"Ventall personalitzat de n\u00favia o comuni\u00f3 \u00b7 Mimart Creation","og_description":"Ventall personalitzat de n\u00favia o comuni\u00f3 \u00b7 Mimart Creation Barcelona \u00b7 Al cor de Manresa, el lloc on la creativitat cobra vida.","og_url":"https:\/\/mimartcreation.es\/ca\/producte\/ventall-personalitzat-de-nuvia-o-comunio\/","og_site_name":"Mimart Creation","article_modified_time":"2025-10-31T17:49:49+00:00","og_image":[{"width":1080,"height":1080,"url":"https:\/\/mimartcreation.es\/wp-content\/uploads\/2025\/03\/035-2.webp","type":"image\/webp"}],"twitter_card":"summary_large_image","twitter_misc":{"Temps estimat de lectura":"1 minut"},"schema":{"@context":"https:\/\/schema.org","@graph":[{"@type":"WebPage","@id":"https:\/\/mimartcreation.es\/ca\/producte\/ventall-personalitzat-de-nuvia-o-comunio\/","url":"https:\/\/mimartcreation.es\/ca\/producte\/ventall-personalitzat-de-nuvia-o-comunio\/","name":"Ventall personalitzat de n\u00favia o comuni\u00f3 \u00b7 Mimart Creation","isPartOf":{"@id":"https:\/\/mimartcreation.es\/#website"},"primaryImageOfPage":{"@id":"https:\/\/mimartcreation.es\/ca\/producte\/ventall-personalitzat-de-nuvia-o-comunio\/#primaryimage"},"image":{"@id":"https:\/\/mimartcreation.es\/ca\/producte\/ventall-personalitzat-de-nuvia-o-comunio\/#primaryimage"},"thumbnailUrl":"https:\/\/mimartcreation.es\/wp-content\/uploads\/2025\/03\/035-2.webp","datePublished":"2025-03-01T03:23:31+00:00","dateModified":"2025-10-31T17:49:49+00:00","description":"Ventall personalitzat de n\u00favia o comuni\u00f3 \u00b7 Mimart Creation Barcelona \u00b7 Al cor de Manresa, el lloc on la creativitat cobra vida.","breadcrumb":{"@id":"https:\/\/mimartcreation.es\/ca\/producte\/ventall-personalitzat-de-nuvia-o-comunio\/#breadcrumb"},"inLanguage":"ca","potentialAction":[{"@type":"ReadAction","target":["https:\/\/mimartcreation.es\/ca\/producte\/ventall-personalitzat-de-nuvia-o-comunio\/"]}]},{"@type":"ImageObject","inLanguage":"ca","@id":"https:\/\/mimartcreation.es\/ca\/producte\/ventall-personalitzat-de-nuvia-o-comunio\/#primaryimage","url":"https:\/\/mimartcreation.es\/wp-content\/uploads\/2025\/03\/035-2.webp","contentUrl":"https:\/\/mimartcreation.es\/wp-content\/uploads\/2025\/03\/035-2.webp","width":1080,"height":1080},{"@type":"BreadcrumbList","@id":"https:\/\/mimartcreation.es\/ca\/producte\/ventall-personalitzat-de-nuvia-o-comunio\/#breadcrumb","itemListElement":[{"@type":"ListItem","position":1,"name":"[wpseo_titles]breadcrumbs-Inicio","item":"https:\/\/mimartcreation.es\/ca\/"},{"@type":"ListItem","position":2,"name":"Botiga","item":"https:\/\/mimartcreation.es\/ca\/botiga\/"},{"@type":"ListItem","position":3,"name":"Ventall personalitzat de n\u00favia o comuni\u00f3"}]},{"@type":"WebSite","@id":"https:\/\/mimartcreation.es\/#website","url":"https:\/\/mimartcreation.es\/","name":"Mimart Creation","description":"Personalizaci\u00f3n, estampaci\u00f3n y objetos de regalo.","potentialAction":[{"@type":"SearchAction","target":{"@type":"EntryPoint","urlTemplate":"https:\/\/mimartcreation.es\/?s={search_term_string}"},"query-input":{"@type":"PropertyValueSpecification","valueRequired":true,"valueName":"search_term_string"}}],"inLanguage":"ca"}]}},"_links":{"self":[{"href":"https:\/\/mimartcreation.es\/ca\/wp-json\/wp\/v2\/product\/4055","targetHints":{"allow":["GET"]}}],"collection":[{"href":"https:\/\/mimartcreation.es\/ca\/wp-json\/wp\/v2\/product"}],"about":[{"href":"https:\/\/mimartcreation.es\/ca\/wp-json\/wp\/v2\/types\/product"}],"wp:featuredmedia":[{"embeddable":true,"href":"https:\/\/mimartcreation.es\/ca\/wp-json\/wp\/v2\/media\/3678"}],"wp:attachment":[{"href":"https:\/\/mimartcreation.es\/ca\/wp-json\/wp\/v2\/media?parent=4055"}],"wp:term":[{"taxonomy":"product_brand","embeddable":true,"href":"https:\/\/mimartcreation.es\/ca\/wp-json\/wp\/v2\/product_brand?post=4055"},{"taxonomy":"product_cat","embeddable":true,"href":"https:\/\/mimartcreation.es\/ca\/wp-json\/wp\/v2\/product_cat?post=4055"},{"taxonomy":"product_tag","embeddable":true,"href":"https:\/\/mimartcreation.es\/ca\/wp-json\/wp\/v2\/product_tag?post=4055"}],"curies":[{"name":"wp","href":"https:\/\/api.w.org\/{rel}","templated":true}]}}