{"id":4054,"date":"2025-03-01T04:23:31","date_gmt":"2025-03-01T03:23:31","guid":{"rendered":"https:\/\/mimartcreation.es\/product\/llum-3d-manresa\/"},"modified":"2025-10-31T19:12:13","modified_gmt":"2025-10-31T18:12:13","slug":"llum-3d-la-cova-manresa","status":"publish","type":"product","link":"https:\/\/mimartcreation.es\/ca\/producte\/llum-3d-la-cova-manresa\/","title":{"rendered":"Llum 3D  La Cova Manresa"},"content":{"rendered":"","protected":false},"excerpt":{"rendered":"<p>L\u00e0mpada 3D amb imatge de la Cova de Manresa\u2013 Efecte visual impressionant<\/p>\n<p>Il.luminaci\u00f3 amb un efecte visual impressionant. Aquesta l\u00e0mpada 3D, inspirada en l&#8217;emblem\u00e0tica esgl\u00e9sia de la Cova de Manresa, projecta un efecte visual sorprenent que transforma qualsevol espai amb una llum c\u00e0lida i acollidora. El seu pr\u00e0ctic interruptor permet encendre-la i apagar-la amb facilitat. M\u00e9s que una font de llum, \u00e9s una pe\u00e7a decorativa que aporta eleg\u00e0ncia i personalitat a la teva llar.<\/p>\n<p>\u2714 Efecte 3D que destaca la imatge de la ciutat<br \/>\n\u2714 Interruptor senzill per a un enc\u00e8s i apagat r\u00e0pid<br \/>\n\u2714 Disseny decoratiu i modern, perfecte per a qualsevol espai<br \/>\n\u2714 Ideal per a amants de l&#8217;arquitectura, regals o decoraci\u00f3<\/p>\n<p>Un llum que il\u00b7lumina i decora, creant un ambient \u00fanic amb el toc de la teva ciutat preferida.<\/p>\n","protected":false},"featured_media":3648,"template":"","meta":{"_joinchat":[]},"product_brand":[],"product_cat":[207,208,210],"product_tag":[],"class_list":{"0":"post-4054","1":"product","2":"type-product","3":"status-publish","4":"has-post-thumbnail","6":"product_cat-sin-categoria","7":"product_cat-manresa","8":"product_cat-subir-foto","10":"first","11":"instock","12":"taxable","13":"shipping-taxable","14":"purchasable","15":"product-type-simple"},"yoast_head":"<!-- This site is optimized with the Yoast SEO plugin v25.3 - https:\/\/yoast.com\/wordpress\/plugins\/seo\/ -->\n<title>[wpseo_titles]title-Producto<\/title>\n<meta name=\"robots\" content=\"index, follow, max-snippet:-1, max-image-preview:large, max-video-preview:-1\" \/>\n<link rel=\"canonical\" href=\"https:\/\/mimartcreation.es\/ca\/producte\/llum-3d-la-cova-manresa\/\" \/>\n<meta property=\"og:locale\" content=\"ca_ES\" \/>\n<meta property=\"og:type\" content=\"article\" \/>\n<meta property=\"og:title\" content=\"[wpseo_titles]title-Producto\" \/>\n<meta property=\"og:description\" content=\"L\u00e0mpada 3D amb imatge de la Cova de Manresa\u2013 Efecte visual impressionant  Il.luminaci\u00f3 amb un efecte visual impressionant. Aquesta l\u00e0mpada 3D, inspirada en l&#039;emblem\u00e0tica esgl\u00e9sia de la Cova de Manresa, projecta un efecte visual sorprenent que transforma qualsevol espai amb una llum c\u00e0lida i acollidora. El seu pr\u00e0ctic interruptor permet encendre-la i apagar-la amb facilitat. M\u00e9s que una font de llum, \u00e9s una pe\u00e7a decorativa que aporta eleg\u00e0ncia i personalitat a la teva llar.  \u2714 Efecte 3D que destaca la imatge de la ciutat \u2714 Interruptor senzill per a un enc\u00e8s i apagat r\u00e0pid \u2714 Disseny decoratiu i modern, perfecte per a qualsevol espai \u2714 Ideal per a amants de l&#039;arquitectura, regals o decoraci\u00f3  Un llum que il\u00b7lumina i decora, creant un ambient \u00fanic amb el toc de la teva ciutat preferida.\" \/>\n<meta property=\"og:url\" content=\"https:\/\/mimartcreation.es\/ca\/producte\/llum-3d-la-cova-manresa\/\" \/>\n<meta property=\"og:site_name\" content=\"Mimart Creation\" \/>\n<meta property=\"article:modified_time\" content=\"2025-10-31T18:12:13+00:00\" \/>\n<meta property=\"og:image\" content=\"https:\/\/mimartcreation.es\/wp-content\/uploads\/2025\/03\/036.webp\" \/>\n\t<meta property=\"og:image:width\" content=\"1080\" \/>\n\t<meta property=\"og:image:height\" content=\"1080\" \/>\n\t<meta property=\"og:image:type\" content=\"image\/webp\" \/>\n<meta name=\"twitter:card\" content=\"summary_large_image\" \/>\n<meta name=\"twitter:label1\" content=\"Temps estimat de lectura\" \/>\n\t<meta name=\"twitter:data1\" content=\"1 minut\" \/>\n<script type=\"application\/ld+json\" class=\"yoast-schema-graph\">{\"@context\":\"https:\/\/schema.org\",\"@graph\":[{\"@type\":\"WebPage\",\"@id\":\"https:\/\/mimartcreation.es\/ca\/producte\/llum-3d-la-cova-manresa\/\",\"url\":\"https:\/\/mimartcreation.es\/ca\/producte\/llum-3d-la-cova-manresa\/\",\"name\":\"[wpseo_titles]title-Producto\",\"isPartOf\":{\"@id\":\"https:\/\/mimartcreation.es\/#website\"},\"primaryImageOfPage\":{\"@id\":\"https:\/\/mimartcreation.es\/ca\/producte\/llum-3d-la-cova-manresa\/#primaryimage\"},\"image\":{\"@id\":\"https:\/\/mimartcreation.es\/ca\/producte\/llum-3d-la-cova-manresa\/#primaryimage\"},\"thumbnailUrl\":\"https:\/\/mimartcreation.es\/wp-content\/uploads\/2025\/03\/036.webp\",\"datePublished\":\"2025-03-01T03:23:31+00:00\",\"dateModified\":\"2025-10-31T18:12:13+00:00\",\"breadcrumb\":{\"@id\":\"https:\/\/mimartcreation.es\/ca\/producte\/llum-3d-la-cova-manresa\/#breadcrumb\"},\"inLanguage\":\"ca\",\"potentialAction\":[{\"@type\":\"ReadAction\",\"target\":[\"https:\/\/mimartcreation.es\/ca\/producte\/llum-3d-la-cova-manresa\/\"]}]},{\"@type\":\"ImageObject\",\"inLanguage\":\"ca\",\"@id\":\"https:\/\/mimartcreation.es\/ca\/producte\/llum-3d-la-cova-manresa\/#primaryimage\",\"url\":\"https:\/\/mimartcreation.es\/wp-content\/uploads\/2025\/03\/036.webp\",\"contentUrl\":\"https:\/\/mimartcreation.es\/wp-content\/uploads\/2025\/03\/036.webp\",\"width\":1080,\"height\":1080},{\"@type\":\"BreadcrumbList\",\"@id\":\"https:\/\/mimartcreation.es\/ca\/producte\/llum-3d-la-cova-manresa\/#breadcrumb\",\"itemListElement\":[{\"@type\":\"ListItem\",\"position\":1,\"name\":\"[wpseo_titles]breadcrumbs-Inicio\",\"item\":\"https:\/\/mimartcreation.es\/ca\/\"},{\"@type\":\"ListItem\",\"position\":2,\"name\":\"Botiga\",\"item\":\"https:\/\/mimartcreation.es\/ca\/botiga\/\"},{\"@type\":\"ListItem\",\"position\":3,\"name\":\"Llum 3D La Cova Manresa\"}]},{\"@type\":\"WebSite\",\"@id\":\"https:\/\/mimartcreation.es\/#website\",\"url\":\"https:\/\/mimartcreation.es\/\",\"name\":\"Mimart Creation\",\"description\":\"Personalizaci\u00f3n, estampaci\u00f3n y objetos de regalo.\",\"potentialAction\":[{\"@type\":\"SearchAction\",\"target\":{\"@type\":\"EntryPoint\",\"urlTemplate\":\"https:\/\/mimartcreation.es\/?s={search_term_string}\"},\"query-input\":{\"@type\":\"PropertyValueSpecification\",\"valueRequired\":true,\"valueName\":\"search_term_string\"}}],\"inLanguage\":\"ca\"}]}<\/script>\n<!-- \/ Yoast SEO plugin. -->","yoast_head_json":{"title":"[wpseo_titles]title-Producto","robots":{"index":"index","follow":"follow","max-snippet":"max-snippet:-1","max-image-preview":"max-image-preview:large","max-video-preview":"max-video-preview:-1"},"canonical":"https:\/\/mimartcreation.es\/ca\/producte\/llum-3d-la-cova-manresa\/","og_locale":"ca_ES","og_type":"article","og_title":"[wpseo_titles]title-Producto","og_description":"L\u00e0mpada 3D amb imatge de la Cova de Manresa\u2013 Efecte visual impressionant  Il.luminaci\u00f3 amb un efecte visual impressionant. Aquesta l\u00e0mpada 3D, inspirada en l'emblem\u00e0tica esgl\u00e9sia de la Cova de Manresa, projecta un efecte visual sorprenent que transforma qualsevol espai amb una llum c\u00e0lida i acollidora. El seu pr\u00e0ctic interruptor permet encendre-la i apagar-la amb facilitat. M\u00e9s que una font de llum, \u00e9s una pe\u00e7a decorativa que aporta eleg\u00e0ncia i personalitat a la teva llar.  \u2714 Efecte 3D que destaca la imatge de la ciutat \u2714 Interruptor senzill per a un enc\u00e8s i apagat r\u00e0pid \u2714 Disseny decoratiu i modern, perfecte per a qualsevol espai \u2714 Ideal per a amants de l'arquitectura, regals o decoraci\u00f3  Un llum que il\u00b7lumina i decora, creant un ambient \u00fanic amb el toc de la teva ciutat preferida.","og_url":"https:\/\/mimartcreation.es\/ca\/producte\/llum-3d-la-cova-manresa\/","og_site_name":"Mimart Creation","article_modified_time":"2025-10-31T18:12:13+00:00","og_image":[{"width":1080,"height":1080,"url":"https:\/\/mimartcreation.es\/wp-content\/uploads\/2025\/03\/036.webp","type":"image\/webp"}],"twitter_card":"summary_large_image","twitter_misc":{"Temps estimat de lectura":"1 minut"},"schema":{"@context":"https:\/\/schema.org","@graph":[{"@type":"WebPage","@id":"https:\/\/mimartcreation.es\/ca\/producte\/llum-3d-la-cova-manresa\/","url":"https:\/\/mimartcreation.es\/ca\/producte\/llum-3d-la-cova-manresa\/","name":"[wpseo_titles]title-Producto","isPartOf":{"@id":"https:\/\/mimartcreation.es\/#website"},"primaryImageOfPage":{"@id":"https:\/\/mimartcreation.es\/ca\/producte\/llum-3d-la-cova-manresa\/#primaryimage"},"image":{"@id":"https:\/\/mimartcreation.es\/ca\/producte\/llum-3d-la-cova-manresa\/#primaryimage"},"thumbnailUrl":"https:\/\/mimartcreation.es\/wp-content\/uploads\/2025\/03\/036.webp","datePublished":"2025-03-01T03:23:31+00:00","dateModified":"2025-10-31T18:12:13+00:00","breadcrumb":{"@id":"https:\/\/mimartcreation.es\/ca\/producte\/llum-3d-la-cova-manresa\/#breadcrumb"},"inLanguage":"ca","potentialAction":[{"@type":"ReadAction","target":["https:\/\/mimartcreation.es\/ca\/producte\/llum-3d-la-cova-manresa\/"]}]},{"@type":"ImageObject","inLanguage":"ca","@id":"https:\/\/mimartcreation.es\/ca\/producte\/llum-3d-la-cova-manresa\/#primaryimage","url":"https:\/\/mimartcreation.es\/wp-content\/uploads\/2025\/03\/036.webp","contentUrl":"https:\/\/mimartcreation.es\/wp-content\/uploads\/2025\/03\/036.webp","width":1080,"height":1080},{"@type":"BreadcrumbList","@id":"https:\/\/mimartcreation.es\/ca\/producte\/llum-3d-la-cova-manresa\/#breadcrumb","itemListElement":[{"@type":"ListItem","position":1,"name":"[wpseo_titles]breadcrumbs-Inicio","item":"https:\/\/mimartcreation.es\/ca\/"},{"@type":"ListItem","position":2,"name":"Botiga","item":"https:\/\/mimartcreation.es\/ca\/botiga\/"},{"@type":"ListItem","position":3,"name":"Llum 3D La Cova Manresa"}]},{"@type":"WebSite","@id":"https:\/\/mimartcreation.es\/#website","url":"https:\/\/mimartcreation.es\/","name":"Mimart Creation","description":"Personalizaci\u00f3n, estampaci\u00f3n y objetos de regalo.","potentialAction":[{"@type":"SearchAction","target":{"@type":"EntryPoint","urlTemplate":"https:\/\/mimartcreation.es\/?s={search_term_string}"},"query-input":{"@type":"PropertyValueSpecification","valueRequired":true,"valueName":"search_term_string"}}],"inLanguage":"ca"}]}},"_links":{"self":[{"href":"https:\/\/mimartcreation.es\/ca\/wp-json\/wp\/v2\/product\/4054","targetHints":{"allow":["GET"]}}],"collection":[{"href":"https:\/\/mimartcreation.es\/ca\/wp-json\/wp\/v2\/product"}],"about":[{"href":"https:\/\/mimartcreation.es\/ca\/wp-json\/wp\/v2\/types\/product"}],"wp:featuredmedia":[{"embeddable":true,"href":"https:\/\/mimartcreation.es\/ca\/wp-json\/wp\/v2\/media\/3648"}],"wp:attachment":[{"href":"https:\/\/mimartcreation.es\/ca\/wp-json\/wp\/v2\/media?parent=4054"}],"wp:term":[{"taxonomy":"product_brand","embeddable":true,"href":"https:\/\/mimartcreation.es\/ca\/wp-json\/wp\/v2\/product_brand?post=4054"},{"taxonomy":"product_cat","embeddable":true,"href":"https:\/\/mimartcreation.es\/ca\/wp-json\/wp\/v2\/product_cat?post=4054"},{"taxonomy":"product_tag","embeddable":true,"href":"https:\/\/mimartcreation.es\/ca\/wp-json\/wp\/v2\/product_tag?post=4054"}],"curies":[{"name":"wp","href":"https:\/\/api.w.org\/{rel}","templated":true}]}}