{"id":4053,"date":"2025-03-01T04:23:31","date_gmt":"2025-03-01T03:23:31","guid":{"rendered":"https:\/\/mimartcreation.es\/product\/llum-3d-de-sobretaula\/"},"modified":"2025-10-24T15:44:16","modified_gmt":"2025-10-24T13:44:16","slug":"llum-3d-de-sobretaula","status":"publish","type":"product","link":"https:\/\/mimartcreation.es\/ca\/producte\/llum-3d-de-sobretaula\/","title":{"rendered":"Llum 3D de sobretaula"},"content":{"rendered":"","protected":false},"excerpt":{"rendered":"<p>Llum personalitzat amb foto \u2013 Ideal per regalar o decorar<\/p>\n<p>Aquest llum personalitzat et permet incorporar la teva foto preferida, creant una pe\u00e7a \u00fanica i especial per a casa teva. Ideal per regalar en qualsevol ocasi\u00f3 o com a detall decoratiu per al teu espai. <strong>Un cop rebem la teva fotografia, ens posarem en contacte amb tu per adaptar el teu disseny.<\/strong><\/p>\n<p>Mides aproximades: 20 x 25 cm (depenent de si la fotografia \u00e9s vertical o horitzontal).<\/p>\n<p>\u2714 Personalitzaci\u00f3 total amb la teva foto preferida<br \/>\n\u2714 Disseny \u00fanic per a cada client<br \/>\n\u2714 Perfecta per decorar o com a regal personalitzat<br \/>\n\u2714 Llum de qualitat amb una il\u00b7luminaci\u00f3 suau i acollidora<\/p>\n<p>Un regal original i personal, perfecte per il\u00b7luminar qualsevol rac\u00f3 amb un toc sentimental i \u00fanic.<\/p>\n","protected":false},"featured_media":3650,"template":"","meta":{"_joinchat":[]},"product_brand":[],"product_cat":[237,207,210,211],"product_tag":[],"class_list":{"0":"post-4053","1":"product","2":"type-product","3":"status-publish","4":"has-post-thumbnail","6":"product_cat-eventos","7":"product_cat-sin-categoria","8":"product_cat-subir-foto","9":"product_cat-regalo","11":"first","12":"instock","13":"taxable","14":"shipping-taxable","15":"purchasable","16":"product-type-simple"},"yoast_head":"<!-- This site is optimized with the Yoast SEO plugin v25.3 - https:\/\/yoast.com\/wordpress\/plugins\/seo\/ -->\n<title>Llum 3D de sobretaula \u00b7 Mimart Creation Barcelona<\/title>\n<meta name=\"description\" content=\"Llum 3D de sobretaula \u00b7 Mimart Creation Barcelona \u00b7 Al cor de Manresa, Mimart Creation \u00e9s el lloc on la creativitat cobra vida.\" \/>\n<meta name=\"robots\" content=\"index, follow, max-snippet:-1, max-image-preview:large, max-video-preview:-1\" \/>\n<link rel=\"canonical\" href=\"https:\/\/mimartcreation.es\/ca\/producte\/llum-3d-de-sobretaula\/\" \/>\n<meta property=\"og:locale\" content=\"ca_ES\" \/>\n<meta property=\"og:type\" content=\"article\" \/>\n<meta property=\"og:title\" content=\"Llum 3D de sobretaula \u00b7 Mimart Creation Barcelona\" \/>\n<meta property=\"og:description\" content=\"Llum 3D de sobretaula \u00b7 Mimart Creation Barcelona \u00b7 Al cor de Manresa, Mimart Creation \u00e9s el lloc on la creativitat cobra vida.\" \/>\n<meta property=\"og:url\" content=\"https:\/\/mimartcreation.es\/ca\/producte\/llum-3d-de-sobretaula\/\" \/>\n<meta property=\"og:site_name\" content=\"Mimart Creation\" \/>\n<meta property=\"article:modified_time\" content=\"2025-10-24T13:44:16+00:00\" \/>\n<meta property=\"og:image\" content=\"https:\/\/mimartcreation.es\/wp-content\/uploads\/2025\/03\/037.webp\" \/>\n\t<meta property=\"og:image:width\" content=\"1080\" \/>\n\t<meta property=\"og:image:height\" content=\"1080\" \/>\n\t<meta property=\"og:image:type\" content=\"image\/webp\" \/>\n<meta name=\"twitter:card\" content=\"summary_large_image\" \/>\n<script type=\"application\/ld+json\" class=\"yoast-schema-graph\">{\"@context\":\"https:\/\/schema.org\",\"@graph\":[{\"@type\":\"WebPage\",\"@id\":\"https:\/\/mimartcreation.es\/ca\/producte\/llum-3d-de-sobretaula\/\",\"url\":\"https:\/\/mimartcreation.es\/ca\/producte\/llum-3d-de-sobretaula\/\",\"name\":\"Llum 3D de sobretaula \u00b7 Mimart Creation Barcelona\",\"isPartOf\":{\"@id\":\"https:\/\/mimartcreation.es\/#website\"},\"primaryImageOfPage\":{\"@id\":\"https:\/\/mimartcreation.es\/ca\/producte\/llum-3d-de-sobretaula\/#primaryimage\"},\"image\":{\"@id\":\"https:\/\/mimartcreation.es\/ca\/producte\/llum-3d-de-sobretaula\/#primaryimage\"},\"thumbnailUrl\":\"https:\/\/mimartcreation.es\/wp-content\/uploads\/2025\/03\/037.webp\",\"datePublished\":\"2025-03-01T03:23:31+00:00\",\"dateModified\":\"2025-10-24T13:44:16+00:00\",\"description\":\"Llum 3D de sobretaula \u00b7 Mimart Creation Barcelona \u00b7 Al cor de Manresa, Mimart Creation \u00e9s el lloc on la creativitat cobra vida.\",\"breadcrumb\":{\"@id\":\"https:\/\/mimartcreation.es\/ca\/producte\/llum-3d-de-sobretaula\/#breadcrumb\"},\"inLanguage\":\"ca\",\"potentialAction\":[{\"@type\":\"ReadAction\",\"target\":[\"https:\/\/mimartcreation.es\/ca\/producte\/llum-3d-de-sobretaula\/\"]}]},{\"@type\":\"ImageObject\",\"inLanguage\":\"ca\",\"@id\":\"https:\/\/mimartcreation.es\/ca\/producte\/llum-3d-de-sobretaula\/#primaryimage\",\"url\":\"https:\/\/mimartcreation.es\/wp-content\/uploads\/2025\/03\/037.webp\",\"contentUrl\":\"https:\/\/mimartcreation.es\/wp-content\/uploads\/2025\/03\/037.webp\",\"width\":1080,\"height\":1080},{\"@type\":\"BreadcrumbList\",\"@id\":\"https:\/\/mimartcreation.es\/ca\/producte\/llum-3d-de-sobretaula\/#breadcrumb\",\"itemListElement\":[{\"@type\":\"ListItem\",\"position\":1,\"name\":\"[wpseo_titles]breadcrumbs-Inicio\",\"item\":\"https:\/\/mimartcreation.es\/ca\/\"},{\"@type\":\"ListItem\",\"position\":2,\"name\":\"Botiga\",\"item\":\"https:\/\/mimartcreation.es\/ca\/botiga\/\"},{\"@type\":\"ListItem\",\"position\":3,\"name\":\"Llum 3D de sobretaula\"}]},{\"@type\":\"WebSite\",\"@id\":\"https:\/\/mimartcreation.es\/#website\",\"url\":\"https:\/\/mimartcreation.es\/\",\"name\":\"Mimart Creation\",\"description\":\"Personalizaci\u00f3n, estampaci\u00f3n y objetos de regalo.\",\"potentialAction\":[{\"@type\":\"SearchAction\",\"target\":{\"@type\":\"EntryPoint\",\"urlTemplate\":\"https:\/\/mimartcreation.es\/?s={search_term_string}\"},\"query-input\":{\"@type\":\"PropertyValueSpecification\",\"valueRequired\":true,\"valueName\":\"search_term_string\"}}],\"inLanguage\":\"ca\"}]}<\/script>\n<!-- \/ Yoast SEO plugin. -->","yoast_head_json":{"title":"Llum 3D de sobretaula \u00b7 Mimart Creation Barcelona","description":"Llum 3D de sobretaula \u00b7 Mimart Creation Barcelona \u00b7 Al cor de Manresa, Mimart Creation \u00e9s el lloc on la creativitat cobra vida.","robots":{"index":"index","follow":"follow","max-snippet":"max-snippet:-1","max-image-preview":"max-image-preview:large","max-video-preview":"max-video-preview:-1"},"canonical":"https:\/\/mimartcreation.es\/ca\/producte\/llum-3d-de-sobretaula\/","og_locale":"ca_ES","og_type":"article","og_title":"Llum 3D de sobretaula \u00b7 Mimart Creation Barcelona","og_description":"Llum 3D de sobretaula \u00b7 Mimart Creation Barcelona \u00b7 Al cor de Manresa, Mimart Creation \u00e9s el lloc on la creativitat cobra vida.","og_url":"https:\/\/mimartcreation.es\/ca\/producte\/llum-3d-de-sobretaula\/","og_site_name":"Mimart Creation","article_modified_time":"2025-10-24T13:44:16+00:00","og_image":[{"width":1080,"height":1080,"url":"https:\/\/mimartcreation.es\/wp-content\/uploads\/2025\/03\/037.webp","type":"image\/webp"}],"twitter_card":"summary_large_image","schema":{"@context":"https:\/\/schema.org","@graph":[{"@type":"WebPage","@id":"https:\/\/mimartcreation.es\/ca\/producte\/llum-3d-de-sobretaula\/","url":"https:\/\/mimartcreation.es\/ca\/producte\/llum-3d-de-sobretaula\/","name":"Llum 3D de sobretaula \u00b7 Mimart Creation Barcelona","isPartOf":{"@id":"https:\/\/mimartcreation.es\/#website"},"primaryImageOfPage":{"@id":"https:\/\/mimartcreation.es\/ca\/producte\/llum-3d-de-sobretaula\/#primaryimage"},"image":{"@id":"https:\/\/mimartcreation.es\/ca\/producte\/llum-3d-de-sobretaula\/#primaryimage"},"thumbnailUrl":"https:\/\/mimartcreation.es\/wp-content\/uploads\/2025\/03\/037.webp","datePublished":"2025-03-01T03:23:31+00:00","dateModified":"2025-10-24T13:44:16+00:00","description":"Llum 3D de sobretaula \u00b7 Mimart Creation Barcelona \u00b7 Al cor de Manresa, Mimart Creation \u00e9s el lloc on la creativitat cobra vida.","breadcrumb":{"@id":"https:\/\/mimartcreation.es\/ca\/producte\/llum-3d-de-sobretaula\/#breadcrumb"},"inLanguage":"ca","potentialAction":[{"@type":"ReadAction","target":["https:\/\/mimartcreation.es\/ca\/producte\/llum-3d-de-sobretaula\/"]}]},{"@type":"ImageObject","inLanguage":"ca","@id":"https:\/\/mimartcreation.es\/ca\/producte\/llum-3d-de-sobretaula\/#primaryimage","url":"https:\/\/mimartcreation.es\/wp-content\/uploads\/2025\/03\/037.webp","contentUrl":"https:\/\/mimartcreation.es\/wp-content\/uploads\/2025\/03\/037.webp","width":1080,"height":1080},{"@type":"BreadcrumbList","@id":"https:\/\/mimartcreation.es\/ca\/producte\/llum-3d-de-sobretaula\/#breadcrumb","itemListElement":[{"@type":"ListItem","position":1,"name":"[wpseo_titles]breadcrumbs-Inicio","item":"https:\/\/mimartcreation.es\/ca\/"},{"@type":"ListItem","position":2,"name":"Botiga","item":"https:\/\/mimartcreation.es\/ca\/botiga\/"},{"@type":"ListItem","position":3,"name":"Llum 3D de sobretaula"}]},{"@type":"WebSite","@id":"https:\/\/mimartcreation.es\/#website","url":"https:\/\/mimartcreation.es\/","name":"Mimart Creation","description":"Personalizaci\u00f3n, estampaci\u00f3n y objetos de regalo.","potentialAction":[{"@type":"SearchAction","target":{"@type":"EntryPoint","urlTemplate":"https:\/\/mimartcreation.es\/?s={search_term_string}"},"query-input":{"@type":"PropertyValueSpecification","valueRequired":true,"valueName":"search_term_string"}}],"inLanguage":"ca"}]}},"_links":{"self":[{"href":"https:\/\/mimartcreation.es\/ca\/wp-json\/wp\/v2\/product\/4053","targetHints":{"allow":["GET"]}}],"collection":[{"href":"https:\/\/mimartcreation.es\/ca\/wp-json\/wp\/v2\/product"}],"about":[{"href":"https:\/\/mimartcreation.es\/ca\/wp-json\/wp\/v2\/types\/product"}],"wp:featuredmedia":[{"embeddable":true,"href":"https:\/\/mimartcreation.es\/ca\/wp-json\/wp\/v2\/media\/3650"}],"wp:attachment":[{"href":"https:\/\/mimartcreation.es\/ca\/wp-json\/wp\/v2\/media?parent=4053"}],"wp:term":[{"taxonomy":"product_brand","embeddable":true,"href":"https:\/\/mimartcreation.es\/ca\/wp-json\/wp\/v2\/product_brand?post=4053"},{"taxonomy":"product_cat","embeddable":true,"href":"https:\/\/mimartcreation.es\/ca\/wp-json\/wp\/v2\/product_cat?post=4053"},{"taxonomy":"product_tag","embeddable":true,"href":"https:\/\/mimartcreation.es\/ca\/wp-json\/wp\/v2\/product_tag?post=4053"}],"curies":[{"name":"wp","href":"https:\/\/api.w.org\/{rel}","templated":true}]}}