{"id":4045,"date":"2025-03-01T04:23:29","date_gmt":"2025-03-01T03:23:29","guid":{"rendered":"https:\/\/mimartcreation.es\/product\/punt-de-llibre-tio\/"},"modified":"2025-03-01T04:23:29","modified_gmt":"2025-03-01T03:23:29","slug":"punt-de-llibre-tio","status":"publish","type":"product","link":"https:\/\/mimartcreation.es\/ca\/producte\/punt-de-llibre-tio\/","title":{"rendered":"Punt de llibre Ti\u00f3"},"content":{"rendered":"","protected":false},"excerpt":{"rendered":"<p>Punt de llibre el\u00e0stic amb cara de Ti\u00f3 \u2013 Fusta i feltre<\/p>\n<p>Divertit i pr\u00e0ctic punt de llibre el\u00e0stic, adaptable a qualsevol llibre de butxaca. La cara del Ti\u00f3, feta de fusta i feltre, queda visible a la portada, mentre que la goma marca la p\u00e0gina. <\/p>\n<p>\u2714 Ideal per regalar per Nadal<br \/>\n\u2714 Compatible amb llibres de butxaca<br \/>\n\u2714 Detall original per a lectors i amants del Ti\u00f3<\/p>\n<p>Un accessori nadalenc que uneix tradici\u00f3 i lectura.<\/p>\n","protected":false},"featured_media":3885,"template":"","meta":{"_joinchat":[]},"product_brand":[],"product_cat":[209],"product_tag":[],"class_list":{"0":"post-4045","1":"product","2":"type-product","3":"status-publish","4":"has-post-thumbnail","6":"product_cat-nadal","8":"first","9":"instock","10":"taxable","11":"shipping-taxable","12":"purchasable","13":"product-type-simple"},"yoast_head":"<!-- This site is optimized with the Yoast SEO plugin v25.3 - https:\/\/yoast.com\/wordpress\/plugins\/seo\/ -->\n<title>Punt de llibre Ti\u00f3 \u00b7 Mimart Creation Barcelona<\/title>\n<meta name=\"description\" content=\"Punt de llibre Ti\u00f3 \u00b7 Mimart Creation Barcelona \u00b7 Al cor de Manresa, Mimart Creation \u00e9s el lloc on la creativitat cobra vida.\" \/>\n<meta name=\"robots\" content=\"index, follow, max-snippet:-1, max-image-preview:large, max-video-preview:-1\" \/>\n<link rel=\"canonical\" href=\"https:\/\/mimartcreation.es\/ca\/producte\/punt-de-llibre-tio\/\" \/>\n<meta property=\"og:locale\" content=\"ca_ES\" \/>\n<meta property=\"og:type\" content=\"article\" \/>\n<meta property=\"og:title\" content=\"Punt de llibre Ti\u00f3 \u00b7 Mimart Creation Barcelona\" \/>\n<meta property=\"og:description\" content=\"Punt de llibre Ti\u00f3 \u00b7 Mimart Creation Barcelona \u00b7 Al cor de Manresa, Mimart Creation \u00e9s el lloc on la creativitat cobra vida.\" \/>\n<meta property=\"og:url\" content=\"https:\/\/mimartcreation.es\/ca\/producte\/punt-de-llibre-tio\/\" \/>\n<meta property=\"og:site_name\" content=\"Mimart Creation\" \/>\n<meta name=\"twitter:card\" content=\"summary_large_image\" \/>\n<script type=\"application\/ld+json\" class=\"yoast-schema-graph\">{\"@context\":\"https:\/\/schema.org\",\"@graph\":[{\"@type\":\"WebPage\",\"@id\":\"https:\/\/mimartcreation.es\/ca\/producte\/punt-de-llibre-tio\/\",\"url\":\"https:\/\/mimartcreation.es\/ca\/producte\/punt-de-llibre-tio\/\",\"name\":\"Punt de llibre Ti\u00f3 \u00b7 Mimart Creation Barcelona\",\"isPartOf\":{\"@id\":\"https:\/\/mimartcreation.es\/#website\"},\"primaryImageOfPage\":{\"@id\":\"https:\/\/mimartcreation.es\/ca\/producte\/punt-de-llibre-tio\/#primaryimage\"},\"image\":{\"@id\":\"https:\/\/mimartcreation.es\/ca\/producte\/punt-de-llibre-tio\/#primaryimage\"},\"thumbnailUrl\":\"https:\/\/mimartcreation.es\/wp-content\/uploads\/2025\/03\/punto-libro-tio.jpg\",\"datePublished\":\"2025-03-01T03:23:29+00:00\",\"description\":\"Punt de llibre Ti\u00f3 \u00b7 Mimart Creation Barcelona \u00b7 Al cor de Manresa, Mimart Creation \u00e9s el lloc on la creativitat cobra vida.\",\"breadcrumb\":{\"@id\":\"https:\/\/mimartcreation.es\/ca\/producte\/punt-de-llibre-tio\/#breadcrumb\"},\"inLanguage\":\"ca\",\"potentialAction\":[{\"@type\":\"ReadAction\",\"target\":[\"https:\/\/mimartcreation.es\/ca\/producte\/punt-de-llibre-tio\/\"]}]},{\"@type\":\"ImageObject\",\"inLanguage\":\"ca\",\"@id\":\"https:\/\/mimartcreation.es\/ca\/producte\/punt-de-llibre-tio\/#primaryimage\",\"url\":\"https:\/\/mimartcreation.es\/wp-content\/uploads\/2025\/03\/punto-libro-tio.jpg\",\"contentUrl\":\"https:\/\/mimartcreation.es\/wp-content\/uploads\/2025\/03\/punto-libro-tio.jpg\",\"width\":1080,\"height\":1080},{\"@type\":\"BreadcrumbList\",\"@id\":\"https:\/\/mimartcreation.es\/ca\/producte\/punt-de-llibre-tio\/#breadcrumb\",\"itemListElement\":[{\"@type\":\"ListItem\",\"position\":1,\"name\":\"[wpseo_titles]breadcrumbs-Inicio\",\"item\":\"https:\/\/mimartcreation.es\/ca\/\"},{\"@type\":\"ListItem\",\"position\":2,\"name\":\"Botiga\",\"item\":\"https:\/\/mimartcreation.es\/ca\/botiga\/\"},{\"@type\":\"ListItem\",\"position\":3,\"name\":\"Punt de llibre Ti\u00f3\"}]},{\"@type\":\"WebSite\",\"@id\":\"https:\/\/mimartcreation.es\/#website\",\"url\":\"https:\/\/mimartcreation.es\/\",\"name\":\"Mimart Creation\",\"description\":\"Personalizaci\u00f3n, estampaci\u00f3n y objetos de regalo.\",\"potentialAction\":[{\"@type\":\"SearchAction\",\"target\":{\"@type\":\"EntryPoint\",\"urlTemplate\":\"https:\/\/mimartcreation.es\/?s={search_term_string}\"},\"query-input\":{\"@type\":\"PropertyValueSpecification\",\"valueRequired\":true,\"valueName\":\"search_term_string\"}}],\"inLanguage\":\"ca\"}]}<\/script>\n<!-- \/ Yoast SEO plugin. -->","yoast_head_json":{"title":"Punt de llibre Ti\u00f3 \u00b7 Mimart Creation Barcelona","description":"Punt de llibre Ti\u00f3 \u00b7 Mimart Creation Barcelona \u00b7 Al cor de Manresa, Mimart Creation \u00e9s el lloc on la creativitat cobra vida.","robots":{"index":"index","follow":"follow","max-snippet":"max-snippet:-1","max-image-preview":"max-image-preview:large","max-video-preview":"max-video-preview:-1"},"canonical":"https:\/\/mimartcreation.es\/ca\/producte\/punt-de-llibre-tio\/","og_locale":"ca_ES","og_type":"article","og_title":"Punt de llibre Ti\u00f3 \u00b7 Mimart Creation Barcelona","og_description":"Punt de llibre Ti\u00f3 \u00b7 Mimart Creation Barcelona \u00b7 Al cor de Manresa, Mimart Creation \u00e9s el lloc on la creativitat cobra vida.","og_url":"https:\/\/mimartcreation.es\/ca\/producte\/punt-de-llibre-tio\/","og_site_name":"Mimart Creation","twitter_card":"summary_large_image","schema":{"@context":"https:\/\/schema.org","@graph":[{"@type":"WebPage","@id":"https:\/\/mimartcreation.es\/ca\/producte\/punt-de-llibre-tio\/","url":"https:\/\/mimartcreation.es\/ca\/producte\/punt-de-llibre-tio\/","name":"Punt de llibre Ti\u00f3 \u00b7 Mimart Creation Barcelona","isPartOf":{"@id":"https:\/\/mimartcreation.es\/#website"},"primaryImageOfPage":{"@id":"https:\/\/mimartcreation.es\/ca\/producte\/punt-de-llibre-tio\/#primaryimage"},"image":{"@id":"https:\/\/mimartcreation.es\/ca\/producte\/punt-de-llibre-tio\/#primaryimage"},"thumbnailUrl":"https:\/\/mimartcreation.es\/wp-content\/uploads\/2025\/03\/punto-libro-tio.jpg","datePublished":"2025-03-01T03:23:29+00:00","description":"Punt de llibre Ti\u00f3 \u00b7 Mimart Creation Barcelona \u00b7 Al cor de Manresa, Mimart Creation \u00e9s el lloc on la creativitat cobra vida.","breadcrumb":{"@id":"https:\/\/mimartcreation.es\/ca\/producte\/punt-de-llibre-tio\/#breadcrumb"},"inLanguage":"ca","potentialAction":[{"@type":"ReadAction","target":["https:\/\/mimartcreation.es\/ca\/producte\/punt-de-llibre-tio\/"]}]},{"@type":"ImageObject","inLanguage":"ca","@id":"https:\/\/mimartcreation.es\/ca\/producte\/punt-de-llibre-tio\/#primaryimage","url":"https:\/\/mimartcreation.es\/wp-content\/uploads\/2025\/03\/punto-libro-tio.jpg","contentUrl":"https:\/\/mimartcreation.es\/wp-content\/uploads\/2025\/03\/punto-libro-tio.jpg","width":1080,"height":1080},{"@type":"BreadcrumbList","@id":"https:\/\/mimartcreation.es\/ca\/producte\/punt-de-llibre-tio\/#breadcrumb","itemListElement":[{"@type":"ListItem","position":1,"name":"[wpseo_titles]breadcrumbs-Inicio","item":"https:\/\/mimartcreation.es\/ca\/"},{"@type":"ListItem","position":2,"name":"Botiga","item":"https:\/\/mimartcreation.es\/ca\/botiga\/"},{"@type":"ListItem","position":3,"name":"Punt de llibre Ti\u00f3"}]},{"@type":"WebSite","@id":"https:\/\/mimartcreation.es\/#website","url":"https:\/\/mimartcreation.es\/","name":"Mimart Creation","description":"Personalizaci\u00f3n, estampaci\u00f3n y objetos de regalo.","potentialAction":[{"@type":"SearchAction","target":{"@type":"EntryPoint","urlTemplate":"https:\/\/mimartcreation.es\/?s={search_term_string}"},"query-input":{"@type":"PropertyValueSpecification","valueRequired":true,"valueName":"search_term_string"}}],"inLanguage":"ca"}]}},"_links":{"self":[{"href":"https:\/\/mimartcreation.es\/ca\/wp-json\/wp\/v2\/product\/4045","targetHints":{"allow":["GET"]}}],"collection":[{"href":"https:\/\/mimartcreation.es\/ca\/wp-json\/wp\/v2\/product"}],"about":[{"href":"https:\/\/mimartcreation.es\/ca\/wp-json\/wp\/v2\/types\/product"}],"wp:featuredmedia":[{"embeddable":true,"href":"https:\/\/mimartcreation.es\/ca\/wp-json\/wp\/v2\/media\/3885"}],"wp:attachment":[{"href":"https:\/\/mimartcreation.es\/ca\/wp-json\/wp\/v2\/media?parent=4045"}],"wp:term":[{"taxonomy":"product_brand","embeddable":true,"href":"https:\/\/mimartcreation.es\/ca\/wp-json\/wp\/v2\/product_brand?post=4045"},{"taxonomy":"product_cat","embeddable":true,"href":"https:\/\/mimartcreation.es\/ca\/wp-json\/wp\/v2\/product_cat?post=4045"},{"taxonomy":"product_tag","embeddable":true,"href":"https:\/\/mimartcreation.es\/ca\/wp-json\/wp\/v2\/product_tag?post=4045"}],"curies":[{"name":"wp","href":"https:\/\/api.w.org\/{rel}","templated":true}]}}