{"id":4041,"date":"2025-03-13T15:31:32","date_gmt":"2025-03-13T14:31:32","guid":{"rendered":"https:\/\/mimartcreation.es\/product\/llapis-amb-nom-personalitzat\/"},"modified":"2025-10-31T13:29:47","modified_gmt":"2025-10-31T12:29:47","slug":"llapis-amb-nom-personalitzat","status":"publish","type":"product","link":"https:\/\/mimartcreation.es\/ca\/producte\/llapis-amb-nom-personalitzat\/","title":{"rendered":"Llapis amb nom personalitzat"},"content":{"rendered":"","protected":false},"excerpt":{"rendered":"<p>Llapis de fusta personalitzat amb nom \u2013 A partir de 25 unitats<\/p>\n<p>Aquest llapis de fusta est\u00e0 personalitzat amb el nom en color blanc, convertint-lo en un detall \u00fanic i especial. Perfecte per regalar, esdeveniments corporatius, promocions o com a detall personalitzat per a dies especials.<br \/>\nPreu a partir de 25 unitats.<\/p>\n<p>\u2714 Personalitzaci\u00f3 amb nom en color blanc<br \/>\n\u2714 Fet de fusta natural<br \/>\n\u2714 Ideal per a esdeveniments, regals o records personalitzats<\/p>\n<p>Un llapis \u00fanic i pr\u00e0ctic, perfecte per regalar o com a detall especial al teu esdeveniment. Si est\u00e0s interessat en comandes per quantitat o grans volums, si us plau posa&#8217;t en contacte amb nosaltres i t&#8217;oferirem una proposta personalitzada.<\/p>\n","protected":false},"featured_media":3735,"template":"","meta":{"_joinchat":[]},"product_brand":[],"product_cat":[207],"product_tag":[],"class_list":{"0":"post-4041","1":"product","2":"type-product","3":"status-publish","4":"has-post-thumbnail","6":"product_cat-sin-categoria","8":"first","9":"instock","10":"taxable","11":"shipping-taxable","12":"purchasable","13":"product-type-simple"},"yoast_head":"<!-- This site is optimized with the Yoast SEO plugin v25.3 - https:\/\/yoast.com\/wordpress\/plugins\/seo\/ -->\n<title>Llapis amb nom personalitzat \u00b7 Art i Personalitzaci\u00f3 T\u00e8xtil<\/title>\n<meta name=\"description\" content=\"Llapis amb nom personalitzat \u00b7 Personalitzaci\u00f3 productes en l\u00ednia. Mimart Creation. Art i Personalitzaci\u00f3 T\u00e8xtil a Barcelona.\" \/>\n<meta name=\"robots\" content=\"index, follow, max-snippet:-1, max-image-preview:large, max-video-preview:-1\" \/>\n<link rel=\"canonical\" href=\"https:\/\/mimartcreation.es\/ca\/producte\/llapis-amb-nom-personalitzat\/\" \/>\n<meta property=\"og:locale\" content=\"ca_ES\" \/>\n<meta property=\"og:type\" content=\"article\" \/>\n<meta property=\"og:title\" content=\"Llapis amb nom personalitzat \u00b7 Art i Personalitzaci\u00f3 T\u00e8xtil\" \/>\n<meta property=\"og:description\" content=\"Llapis amb nom personalitzat \u00b7 Personalitzaci\u00f3 productes en l\u00ednia. Mimart Creation. Art i Personalitzaci\u00f3 T\u00e8xtil a Barcelona.\" \/>\n<meta property=\"og:url\" content=\"https:\/\/mimartcreation.es\/ca\/producte\/llapis-amb-nom-personalitzat\/\" \/>\n<meta property=\"og:site_name\" content=\"Mimart Creation\" \/>\n<meta property=\"article:modified_time\" content=\"2025-10-31T12:29:47+00:00\" \/>\n<meta property=\"og:image\" content=\"https:\/\/mimartcreation.es\/wp-content\/uploads\/2025\/03\/031.webp\" \/>\n\t<meta property=\"og:image:width\" content=\"1080\" \/>\n\t<meta property=\"og:image:height\" content=\"1080\" \/>\n\t<meta property=\"og:image:type\" content=\"image\/webp\" \/>\n<meta name=\"twitter:card\" content=\"summary_large_image\" \/>\n<meta name=\"twitter:label1\" content=\"Temps estimat de lectura\" \/>\n\t<meta name=\"twitter:data1\" content=\"1 minut\" \/>\n<script type=\"application\/ld+json\" class=\"yoast-schema-graph\">{\"@context\":\"https:\/\/schema.org\",\"@graph\":[{\"@type\":\"WebPage\",\"@id\":\"https:\/\/mimartcreation.es\/ca\/producte\/llapis-amb-nom-personalitzat\/\",\"url\":\"https:\/\/mimartcreation.es\/ca\/producte\/llapis-amb-nom-personalitzat\/\",\"name\":\"Llapis amb nom personalitzat \u00b7 Art i Personalitzaci\u00f3 T\u00e8xtil\",\"isPartOf\":{\"@id\":\"https:\/\/mimartcreation.es\/#website\"},\"primaryImageOfPage\":{\"@id\":\"https:\/\/mimartcreation.es\/ca\/producte\/llapis-amb-nom-personalitzat\/#primaryimage\"},\"image\":{\"@id\":\"https:\/\/mimartcreation.es\/ca\/producte\/llapis-amb-nom-personalitzat\/#primaryimage\"},\"thumbnailUrl\":\"https:\/\/mimartcreation.es\/wp-content\/uploads\/2025\/03\/031.webp\",\"datePublished\":\"2025-03-13T14:31:32+00:00\",\"dateModified\":\"2025-10-31T12:29:47+00:00\",\"description\":\"Llapis amb nom personalitzat \u00b7 Personalitzaci\u00f3 productes en l\u00ednia. Mimart Creation. Art i Personalitzaci\u00f3 T\u00e8xtil a Barcelona.\",\"breadcrumb\":{\"@id\":\"https:\/\/mimartcreation.es\/ca\/producte\/llapis-amb-nom-personalitzat\/#breadcrumb\"},\"inLanguage\":\"ca\",\"potentialAction\":[{\"@type\":\"ReadAction\",\"target\":[\"https:\/\/mimartcreation.es\/ca\/producte\/llapis-amb-nom-personalitzat\/\"]}]},{\"@type\":\"ImageObject\",\"inLanguage\":\"ca\",\"@id\":\"https:\/\/mimartcreation.es\/ca\/producte\/llapis-amb-nom-personalitzat\/#primaryimage\",\"url\":\"https:\/\/mimartcreation.es\/wp-content\/uploads\/2025\/03\/031.webp\",\"contentUrl\":\"https:\/\/mimartcreation.es\/wp-content\/uploads\/2025\/03\/031.webp\",\"width\":1080,\"height\":1080},{\"@type\":\"BreadcrumbList\",\"@id\":\"https:\/\/mimartcreation.es\/ca\/producte\/llapis-amb-nom-personalitzat\/#breadcrumb\",\"itemListElement\":[{\"@type\":\"ListItem\",\"position\":1,\"name\":\"[wpseo_titles]breadcrumbs-Inicio\",\"item\":\"https:\/\/mimartcreation.es\/ca\/\"},{\"@type\":\"ListItem\",\"position\":2,\"name\":\"Botiga\",\"item\":\"https:\/\/mimartcreation.es\/ca\/botiga\/\"},{\"@type\":\"ListItem\",\"position\":3,\"name\":\"Llapis amb nom personalitzat\"}]},{\"@type\":\"WebSite\",\"@id\":\"https:\/\/mimartcreation.es\/#website\",\"url\":\"https:\/\/mimartcreation.es\/\",\"name\":\"Mimart Creation\",\"description\":\"Personalizaci\u00f3n, estampaci\u00f3n y objetos de regalo.\",\"potentialAction\":[{\"@type\":\"SearchAction\",\"target\":{\"@type\":\"EntryPoint\",\"urlTemplate\":\"https:\/\/mimartcreation.es\/?s={search_term_string}\"},\"query-input\":{\"@type\":\"PropertyValueSpecification\",\"valueRequired\":true,\"valueName\":\"search_term_string\"}}],\"inLanguage\":\"ca\"}]}<\/script>\n<!-- \/ Yoast SEO plugin. -->","yoast_head_json":{"title":"Llapis amb nom personalitzat \u00b7 Art i Personalitzaci\u00f3 T\u00e8xtil","description":"Llapis amb nom personalitzat \u00b7 Personalitzaci\u00f3 productes en l\u00ednia. Mimart Creation. Art i Personalitzaci\u00f3 T\u00e8xtil a Barcelona.","robots":{"index":"index","follow":"follow","max-snippet":"max-snippet:-1","max-image-preview":"max-image-preview:large","max-video-preview":"max-video-preview:-1"},"canonical":"https:\/\/mimartcreation.es\/ca\/producte\/llapis-amb-nom-personalitzat\/","og_locale":"ca_ES","og_type":"article","og_title":"Llapis amb nom personalitzat \u00b7 Art i Personalitzaci\u00f3 T\u00e8xtil","og_description":"Llapis amb nom personalitzat \u00b7 Personalitzaci\u00f3 productes en l\u00ednia. Mimart Creation. Art i Personalitzaci\u00f3 T\u00e8xtil a Barcelona.","og_url":"https:\/\/mimartcreation.es\/ca\/producte\/llapis-amb-nom-personalitzat\/","og_site_name":"Mimart Creation","article_modified_time":"2025-10-31T12:29:47+00:00","og_image":[{"width":1080,"height":1080,"url":"https:\/\/mimartcreation.es\/wp-content\/uploads\/2025\/03\/031.webp","type":"image\/webp"}],"twitter_card":"summary_large_image","twitter_misc":{"Temps estimat de lectura":"1 minut"},"schema":{"@context":"https:\/\/schema.org","@graph":[{"@type":"WebPage","@id":"https:\/\/mimartcreation.es\/ca\/producte\/llapis-amb-nom-personalitzat\/","url":"https:\/\/mimartcreation.es\/ca\/producte\/llapis-amb-nom-personalitzat\/","name":"Llapis amb nom personalitzat \u00b7 Art i Personalitzaci\u00f3 T\u00e8xtil","isPartOf":{"@id":"https:\/\/mimartcreation.es\/#website"},"primaryImageOfPage":{"@id":"https:\/\/mimartcreation.es\/ca\/producte\/llapis-amb-nom-personalitzat\/#primaryimage"},"image":{"@id":"https:\/\/mimartcreation.es\/ca\/producte\/llapis-amb-nom-personalitzat\/#primaryimage"},"thumbnailUrl":"https:\/\/mimartcreation.es\/wp-content\/uploads\/2025\/03\/031.webp","datePublished":"2025-03-13T14:31:32+00:00","dateModified":"2025-10-31T12:29:47+00:00","description":"Llapis amb nom personalitzat \u00b7 Personalitzaci\u00f3 productes en l\u00ednia. Mimart Creation. Art i Personalitzaci\u00f3 T\u00e8xtil a Barcelona.","breadcrumb":{"@id":"https:\/\/mimartcreation.es\/ca\/producte\/llapis-amb-nom-personalitzat\/#breadcrumb"},"inLanguage":"ca","potentialAction":[{"@type":"ReadAction","target":["https:\/\/mimartcreation.es\/ca\/producte\/llapis-amb-nom-personalitzat\/"]}]},{"@type":"ImageObject","inLanguage":"ca","@id":"https:\/\/mimartcreation.es\/ca\/producte\/llapis-amb-nom-personalitzat\/#primaryimage","url":"https:\/\/mimartcreation.es\/wp-content\/uploads\/2025\/03\/031.webp","contentUrl":"https:\/\/mimartcreation.es\/wp-content\/uploads\/2025\/03\/031.webp","width":1080,"height":1080},{"@type":"BreadcrumbList","@id":"https:\/\/mimartcreation.es\/ca\/producte\/llapis-amb-nom-personalitzat\/#breadcrumb","itemListElement":[{"@type":"ListItem","position":1,"name":"[wpseo_titles]breadcrumbs-Inicio","item":"https:\/\/mimartcreation.es\/ca\/"},{"@type":"ListItem","position":2,"name":"Botiga","item":"https:\/\/mimartcreation.es\/ca\/botiga\/"},{"@type":"ListItem","position":3,"name":"Llapis amb nom personalitzat"}]},{"@type":"WebSite","@id":"https:\/\/mimartcreation.es\/#website","url":"https:\/\/mimartcreation.es\/","name":"Mimart Creation","description":"Personalizaci\u00f3n, estampaci\u00f3n y objetos de regalo.","potentialAction":[{"@type":"SearchAction","target":{"@type":"EntryPoint","urlTemplate":"https:\/\/mimartcreation.es\/?s={search_term_string}"},"query-input":{"@type":"PropertyValueSpecification","valueRequired":true,"valueName":"search_term_string"}}],"inLanguage":"ca"}]}},"_links":{"self":[{"href":"https:\/\/mimartcreation.es\/ca\/wp-json\/wp\/v2\/product\/4041","targetHints":{"allow":["GET"]}}],"collection":[{"href":"https:\/\/mimartcreation.es\/ca\/wp-json\/wp\/v2\/product"}],"about":[{"href":"https:\/\/mimartcreation.es\/ca\/wp-json\/wp\/v2\/types\/product"}],"wp:featuredmedia":[{"embeddable":true,"href":"https:\/\/mimartcreation.es\/ca\/wp-json\/wp\/v2\/media\/3735"}],"wp:attachment":[{"href":"https:\/\/mimartcreation.es\/ca\/wp-json\/wp\/v2\/media?parent=4041"}],"wp:term":[{"taxonomy":"product_brand","embeddable":true,"href":"https:\/\/mimartcreation.es\/ca\/wp-json\/wp\/v2\/product_brand?post=4041"},{"taxonomy":"product_cat","embeddable":true,"href":"https:\/\/mimartcreation.es\/ca\/wp-json\/wp\/v2\/product_cat?post=4041"},{"taxonomy":"product_tag","embeddable":true,"href":"https:\/\/mimartcreation.es\/ca\/wp-json\/wp\/v2\/product_tag?post=4041"}],"curies":[{"name":"wp","href":"https:\/\/api.w.org\/{rel}","templated":true}]}}